{"id":30940,"date":"2025-02-20T22:32:44","date_gmt":"2025-02-20T22:32:44","guid":{"rendered":"http:\/\/olemosaic.com\/producto\/iman-de-metal-toro-mijas-negro-8-cm\/"},"modified":"2025-07-25T20:35:11","modified_gmt":"2025-07-25T18:35:11","slug":"aimant-metal-taureau-mijas-noir-8-cm","status":"publish","type":"product","link":"https:\/\/olemosaic.com\/fr\/produit\/aimant-metal-taureau-mijas-noir-8-cm\/","title":{"rendered":"Aimant en m\u00e9tal. Taureau. Mijas. Noir. 8 cm."},"content":{"rendered":"<p>Cet aimant m\u00e9tallique est une repr\u00e9sentation vibrante de l&rsquo;iconique taureau, symbole de la culture espagnole qui \u00e9voque la passion et la tradition du pays. D&rsquo;une taille de 8 cm, il se distingue par son design percutant, o\u00f9 un taureau aux tons rouges, jaunes et noirs prend vie sur un fond sombre. L&rsquo;illustration du taureau, r\u00e9alis\u00e9e avec un motif dynamique rappelant la c\u00e9ramique traditionnelle, refl\u00e8te l&rsquo;essence de Mijas, c\u00e9l\u00e8bre pour sa belle architecture et son riche h\u00e9ritage culturel. Sur le bord de l&rsquo;aimant, l&rsquo;\u00e9l\u00e9gante typographie \u00ab MIJAS \u00bb ajoute une touche distinctive, renfor\u00e7ant le lien avec cette charmante ville andalouse. Cet aimant n&rsquo;est pas seulement un souvenir attrayant pour les visiteurs, mais il repr\u00e9sente \u00e9galement une partie int\u00e9grante de la culture espagnole, \u00e9tant un moyen d&rsquo;expression artistique embl\u00e9matique. Ol\u00e9 Mosaic est fier de proposer ce souvenir authentique, id\u00e9al pour les touristes cherchant \u00e0 ramener un morceau d&rsquo;Espagne chez eux. En tant que distributeur de souvenirs en gros, nous fournissons des produits qui c\u00e9l\u00e8brent la richesse culturelle de chaque r\u00e9gion, faisant de cet aimant une excellente option pour les boutiques de cadeaux touristiques souhaitant proposer des articles repr\u00e9sentatifs et de qualit\u00e9.<\/p>\n","protected":false},"excerpt":{"rendered":"<p>Aimant m\u00e9tallique avec un design vibrant de taureau, symbole embl\u00e9matique de la culture espagnole, inspir\u00e9 de Mijas. D&rsquo;une taille de 8 cm, cet aimant se distingue par son motif color\u00e9 dans les tons rouges, jaunes et noirs, \u00e9voquant les traditions taurines. L&rsquo;\u00e9l\u00e9gante typographie \u00ab\u00a0MIJAS\u00a0\u00bb orne le bord, soulignant le lien avec cette charmante ville andalouse. Un souvenir id\u00e9al pour se souvenir de l&rsquo;essence de l&rsquo;Espagne.<\/p>\n","protected":false},"featured_media":9976,"template":"","meta":{"_acf_changed":false},"product_brand":[],"product_cat":[697],"product_tag":[530],"class_list":{"0":"post-30940","1":"product","2":"type-product","3":"status-publish","4":"has-post-thumbnail","6":"product_cat-aimants","7":"product_tag-animaux","8":"pa_ciudad-mijas","9":"pa_motivo-taureaux","10":"pa_pais-espana","12":"first","13":"instock","14":"shipping-taxable","15":"product-type-simple"},"acf":[],"_links":{"self":[{"href":"https:\/\/olemosaic.com\/fr\/wp-json\/wp\/v2\/product\/30940","targetHints":{"allow":["GET"]}}],"collection":[{"href":"https:\/\/olemosaic.com\/fr\/wp-json\/wp\/v2\/product"}],"about":[{"href":"https:\/\/olemosaic.com\/fr\/wp-json\/wp\/v2\/types\/product"}],"wp:featuredmedia":[{"embeddable":true,"href":"https:\/\/olemosaic.com\/fr\/wp-json\/wp\/v2\/media\/9976"}],"wp:attachment":[{"href":"https:\/\/olemosaic.com\/fr\/wp-json\/wp\/v2\/media?parent=30940"}],"wp:term":[{"taxonomy":"product_brand","embeddable":true,"href":"https:\/\/olemosaic.com\/fr\/wp-json\/wp\/v2\/product_brand?post=30940"},{"taxonomy":"product_cat","embeddable":true,"href":"https:\/\/olemosaic.com\/fr\/wp-json\/wp\/v2\/product_cat?post=30940"},{"taxonomy":"product_tag","embeddable":true,"href":"https:\/\/olemosaic.com\/fr\/wp-json\/wp\/v2\/product_tag?post=30940"}],"curies":[{"name":"wp","href":"https:\/\/api.w.org\/{rel}","templated":true}]}}