{"id":30938,"date":"2025-02-20T23:32:44","date_gmt":"2025-02-20T22:32:44","guid":{"rendered":"http:\/\/olemosaic.com\/producto\/iman-de-metal-buho-barcelona-negro-8-cm-2\/"},"modified":"2025-07-25T19:28:15","modified_gmt":"2025-07-25T17:28:15","slug":"aimant-metal-hibou-barcelone-noir-8-cm-fr","status":"publish","type":"product","link":"https:\/\/olemosaic.com\/fr\/produit\/aimant-metal-hibou-barcelone-noir-8-cm-fr\/","title":{"rendered":"Aimant en m\u00e9tal. Hibou. Mosa\u00efque. Barcelone. Noir. 8 cm."},"content":{"rendered":"<p>Cet aimant m\u00e9tallique est un reflet authentique de la vibrante culture barcelonaise, avec un diam\u00e8tre de 8 cm qui en fait un souvenir parfait pour ramener un morceau de la ville chez soi. D\u00e9cor\u00e9 de deux hiboux dans un design \u00e9voquant la c\u00e9ramique en mosa\u00efque, cet aimant captive par son fond noir qui rehausse l&rsquo;explosion de couleurs vives composant ces cr\u00e9atures nocturnes. Les hiboux, symboles de sagesse et de cr\u00e9ativit\u00e9, sont illustr\u00e9s dans un style dynamique et nuanc\u00e9 qui refl\u00e8te la riche tradition artistique de la r\u00e9gion.<\/p>\n<p>Le mot \u00ab\u00a0Barcelona\u00a0\u00bb s&rsquo;affiche \u00e9l\u00e9gamment sur la partie sup\u00e9rieure, ajoutant une touche distinctive qui fait de cet article un cadeau attrayant et repr\u00e9sentatif de la ville. Ce design souligne non seulement la beaut\u00e9 esth\u00e9tique de l&rsquo;aimant, mais capture \u00e9galement l&rsquo;essence de la capitale catalane, c\u00e9l\u00e8bre pour son architecture innovante et son esprit artistique.<\/p>\n<p>Chez Ol\u00e9 Mosaic, nous sommes experts dans la distribution de souvenirs en gros, proposant des articles qui c\u00e9l\u00e8brent la culture et le patrimoine de lieux embl\u00e9matiques comme Barcelone. Cet aimant est une excellente id\u00e9e pour les touristes \u00e0 la recherche de souvenirs authentiques et color\u00e9s, et une option id\u00e9ale pour les boutiques de cadeaux touristiques souhaitant attirer les amateurs d&rsquo;art et de culture espagnole. Avec son authenticit\u00e9 et son design attrayant, cet aimant devient un souvenir inoubliable de Barcelone.<\/p>\n","protected":false},"excerpt":{"rendered":"<p>Aimant m\u00e9tallique de 8 cm de diam\u00e8tre, d\u00e9cor\u00e9 de deux hiboux aux couleurs vibrantes, con\u00e7us dans le style de la c\u00e9ramique en mosa\u00efque. Le fond noir fait ressortir l&rsquo;explosion de couleurs qui composent les figures des hiboux, symbolisant l&rsquo;art et la cr\u00e9ativit\u00e9 de Barcelone. Le mot \u00ab\u00a0Barcelona\u00a0\u00bb est \u00e9l\u00e9gamment imprim\u00e9 sur la partie sup\u00e9rieure, ajoutant une touche distinctive et attrayante \u00e0 ce souvenir qui capture l&rsquo;essence de la ville.<\/p>\n","protected":false},"featured_media":11319,"template":"","meta":{"_acf_changed":false},"product_brand":[],"product_cat":[697],"product_tag":[530],"class_list":{"0":"post-30938","1":"product","2":"type-product","3":"status-publish","4":"has-post-thumbnail","6":"product_cat-aimants","7":"product_tag-animaux","8":"pa_ciudad-barcelona","9":"pa_motivo-hiboux","10":"pa_pais-espana","12":"first","13":"instock","14":"shipping-taxable","15":"product-type-simple"},"acf":[],"_links":{"self":[{"href":"https:\/\/olemosaic.com\/fr\/wp-json\/wp\/v2\/product\/30938","targetHints":{"allow":["GET"]}}],"collection":[{"href":"https:\/\/olemosaic.com\/fr\/wp-json\/wp\/v2\/product"}],"about":[{"href":"https:\/\/olemosaic.com\/fr\/wp-json\/wp\/v2\/types\/product"}],"wp:featuredmedia":[{"embeddable":true,"href":"https:\/\/olemosaic.com\/fr\/wp-json\/wp\/v2\/media\/11319"}],"wp:attachment":[{"href":"https:\/\/olemosaic.com\/fr\/wp-json\/wp\/v2\/media?parent=30938"}],"wp:term":[{"taxonomy":"product_brand","embeddable":true,"href":"https:\/\/olemosaic.com\/fr\/wp-json\/wp\/v2\/product_brand?post=30938"},{"taxonomy":"product_cat","embeddable":true,"href":"https:\/\/olemosaic.com\/fr\/wp-json\/wp\/v2\/product_cat?post=30938"},{"taxonomy":"product_tag","embeddable":true,"href":"https:\/\/olemosaic.com\/fr\/wp-json\/wp\/v2\/product_tag?post=30938"}],"curies":[{"name":"wp","href":"https:\/\/api.w.org\/{rel}","templated":true}]}}