{"id":30937,"date":"2025-02-20T23:32:44","date_gmt":"2025-02-20T22:32:44","guid":{"rendered":"http:\/\/olemosaic.com\/producto\/iman-de-metal-toro-8-cm-3\/"},"modified":"2025-07-25T18:59:48","modified_gmt":"2025-07-25T16:59:48","slug":"aimant-metal-taureau-espagne-8-cm","status":"publish","type":"product","link":"https:\/\/olemosaic.com\/fr\/produit\/aimant-metal-taureau-espagne-8-cm\/","title":{"rendered":"Aimant en m\u00e9tal. Taureau. Espagne. 8 cm."},"content":{"rendered":"<p>Cet aimant m\u00e9tallique en forme de taureaux est un article vibrant qui capture l&rsquo;essence de la culture espagnole. D&rsquo;une taille de 8 cm, cet aimant color\u00e9 pr\u00e9sente un motif en mosa\u00efque montrant deux taureaux dans une composition dynamique et attrayante. Les teintes rouges, vertes et bleues s&rsquo;entrelacent dans une composition artistique qui \u00e9voque la majest\u00e9 et la force de ces animaux embl\u00e9matiques, symboles du patrimoine culturel espagnol. La technique de la mosa\u00efque souligne les formes angulaires et la texture du design, apportant un caract\u00e8re unique et contemporain qui contraste avec la repr\u00e9sentation traditionnelle des taureaux dans la culture espagnole. Cet aimant n&rsquo;est pas seulement un accessoire d\u00e9coratif, mais aussi un souvenir parfait d&rsquo;une visite en Espagne, \u00e9voquant la tradition taurine et la passion pour la f\u00eate. Chez Ol\u00e9 Mosaic, nous nous sp\u00e9cialisons dans la distribution de souvenirs en gros, et cet aimant de taureaux est une excellente option pour les boutiques de cadeaux touristiques \u00e0 la recherche de produits authentiques et repr\u00e9sentatifs. Nous proposons des aimants de haute qualit\u00e9 qui c\u00e9l\u00e8brent le riche h\u00e9ritage culturel espagnol, ce qui en fait un choix id\u00e9al pour les touristes cherchant \u00e0 se souvenir de leur exp\u00e9rience en terres ib\u00e9riques.<\/p>\n","protected":false},"excerpt":{"rendered":"<p>Aimant m\u00e9tallique de 8 cm avec un motif de taureaux, un clin d&rsquo;\u0153il \u00e0 la culture espagnole. Cet aimant color\u00e9 montre deux taureaux dans un style mosa\u00efque vibrant, avec des tons rouges, verts et bleus sur un fond clair. La technique du design rehausse les formes anguleuses et la texture de la mosa\u00efque, symbolisant la tradition taurine du pays. Un souvenir parfait pour \u00e9voquer l&rsquo;Espagne \u00e0 chaque regard.<\/p>\n","protected":false},"featured_media":9969,"template":"","meta":{"_acf_changed":false},"product_brand":[],"product_cat":[697],"product_tag":[530],"class_list":{"0":"post-30937","1":"product","2":"type-product","3":"status-publish","4":"has-post-thumbnail","6":"product_cat-aimants","7":"product_tag-animaux","8":"pa_motivo-taureaux","10":"first","11":"instock","12":"shipping-taxable","13":"product-type-simple"},"acf":[],"_links":{"self":[{"href":"https:\/\/olemosaic.com\/fr\/wp-json\/wp\/v2\/product\/30937","targetHints":{"allow":["GET"]}}],"collection":[{"href":"https:\/\/olemosaic.com\/fr\/wp-json\/wp\/v2\/product"}],"about":[{"href":"https:\/\/olemosaic.com\/fr\/wp-json\/wp\/v2\/types\/product"}],"wp:featuredmedia":[{"embeddable":true,"href":"https:\/\/olemosaic.com\/fr\/wp-json\/wp\/v2\/media\/9969"}],"wp:attachment":[{"href":"https:\/\/olemosaic.com\/fr\/wp-json\/wp\/v2\/media?parent=30937"}],"wp:term":[{"taxonomy":"product_brand","embeddable":true,"href":"https:\/\/olemosaic.com\/fr\/wp-json\/wp\/v2\/product_brand?post=30937"},{"taxonomy":"product_cat","embeddable":true,"href":"https:\/\/olemosaic.com\/fr\/wp-json\/wp\/v2\/product_cat?post=30937"},{"taxonomy":"product_tag","embeddable":true,"href":"https:\/\/olemosaic.com\/fr\/wp-json\/wp\/v2\/product_tag?post=30937"}],"curies":[{"name":"wp","href":"https:\/\/api.w.org\/{rel}","templated":true}]}}