{"id":30930,"date":"2025-02-20T23:32:43","date_gmt":"2025-02-20T22:32:43","guid":{"rendered":"http:\/\/olemosaic.com\/producto\/iman-de-metal-toro-plata-8-cm-3\/"},"modified":"2025-07-25T18:57:58","modified_gmt":"2025-07-25T16:57:58","slug":"aimant-metal-taureau-argent-espagne-8-cm","status":"publish","type":"product","link":"https:\/\/olemosaic.com\/fr\/produit\/aimant-metal-taureau-argent-espagne-8-cm\/","title":{"rendered":"Aimant en m\u00e9tal. Taureau. Argent. Espagne. 8 cm."},"content":{"rendered":"<p>Cet aimant m\u00e9tallique en forme de taureau est un souvenir embl\u00e9matique qui c\u00e9l\u00e8bre la culture espagnole riche et passionnante. D&rsquo;une taille de 8 cm, cet aimant attrayant pr\u00e9sente une finition multicolore vibrante, simulant une mosa\u00efque qui lui conf\u00e8re une esth\u00e9tique unique et color\u00e9e. La figure du taureau, symbole embl\u00e9matique de l&rsquo;Espagne, se dresse dans une pose dynamique, \u00e9voquant la force et la vitalit\u00e9 qui caract\u00e9risent cet animal dans l&rsquo;imaginaire national. Sur le c\u00f4t\u00e9 gauche de l&rsquo;aimant, le mot \u00ab\u00a0ESPA\u00d1A\u00a0\u00bb, stylis\u00e9 et frappant, ajoute une touche touristique au design, en faisant le souvenir parfait pour ceux qui souhaitent emporter un morceau d&rsquo;Espagne chez eux.<\/p>\n<p>La qualit\u00e9 du m\u00e9tal et le soin apport\u00e9 aux d\u00e9tails garantissent que cet aimant n&rsquo;est pas seulement un \u00e9l\u00e9ment d\u00e9coratif fonctionnel pour les surfaces m\u00e9talliques, mais aussi un souvenir authentique qui encapsule la tradition et l&rsquo;art espagnols. Id\u00e9al pour les touristes \u00e0 la recherche de souvenirs repr\u00e9sentatifs, cet aimant allie art et culture, se distinguant comme une pi\u00e8ce distinctive dans le catalogue de souvenirs d&rsquo;Ol\u00e9 Mosaic. En tant que distributeurs de souvenirs en gros, nous proposons cet aimant de taureau, qui non seulement embellit n&rsquo;importe quel espace, mais sert \u00e9galement de rappel de la richesse culturelle de l&rsquo;Espagne.<\/p>\n","protected":false},"excerpt":{"rendered":"<p>Aimant m\u00e9tallique en forme de taureau, aux couleurs vibrantes et \u00e0 la finition multicolore, repr\u00e9sentant un symbole embl\u00e9matique de l&rsquo;Espagne. D&rsquo;une taille de 8 cm, cet aimant se distingue par son design semblable \u00e0 une mosa\u00efque, \u00e9voquant la riche culture espagnole. Il int\u00e8gre le mot \u00ab\u00a0ESPA\u00d1A\u00a0\u00bb, ajoutant une touche touristique. Id\u00e9al pour d\u00e9corer toute surface m\u00e9tallique, ce souvenir allie art et tradition dans une pi\u00e8ce distinctive.<\/p>\n","protected":false},"featured_media":9997,"template":"","meta":{"_acf_changed":false},"product_brand":[],"product_cat":[697],"product_tag":[530],"class_list":{"0":"post-30930","1":"product","2":"type-product","3":"status-publish","4":"has-post-thumbnail","6":"product_cat-aimants","7":"product_tag-animaux","8":"pa_motivo-taureaux","10":"first","11":"instock","12":"shipping-taxable","13":"product-type-simple"},"acf":[],"_links":{"self":[{"href":"https:\/\/olemosaic.com\/fr\/wp-json\/wp\/v2\/product\/30930","targetHints":{"allow":["GET"]}}],"collection":[{"href":"https:\/\/olemosaic.com\/fr\/wp-json\/wp\/v2\/product"}],"about":[{"href":"https:\/\/olemosaic.com\/fr\/wp-json\/wp\/v2\/types\/product"}],"wp:featuredmedia":[{"embeddable":true,"href":"https:\/\/olemosaic.com\/fr\/wp-json\/wp\/v2\/media\/9997"}],"wp:attachment":[{"href":"https:\/\/olemosaic.com\/fr\/wp-json\/wp\/v2\/media?parent=30930"}],"wp:term":[{"taxonomy":"product_brand","embeddable":true,"href":"https:\/\/olemosaic.com\/fr\/wp-json\/wp\/v2\/product_brand?post=30930"},{"taxonomy":"product_cat","embeddable":true,"href":"https:\/\/olemosaic.com\/fr\/wp-json\/wp\/v2\/product_cat?post=30930"},{"taxonomy":"product_tag","embeddable":true,"href":"https:\/\/olemosaic.com\/fr\/wp-json\/wp\/v2\/product_tag?post=30930"}],"curies":[{"name":"wp","href":"https:\/\/api.w.org\/{rel}","templated":true}]}}