{"id":30929,"date":"2025-02-20T23:32:43","date_gmt":"2025-02-20T22:32:43","guid":{"rendered":"http:\/\/olemosaic.com\/producto\/iman-de-metal-toro-sevilla-8-cm-2\/"},"modified":"2025-07-25T18:39:36","modified_gmt":"2025-07-25T16:39:36","slug":"aimant-metal-taureau-seville-fond-bleu-8-cm","status":"publish","type":"product","link":"https:\/\/olemosaic.com\/fr\/produit\/aimant-metal-taureau-seville-fond-bleu-8-cm\/","title":{"rendered":"Aimant en m\u00e9tal. Taureau. S\u00e9ville. Fond bleu. 8 cm."},"content":{"rendered":"<p>Cet aimant m\u00e9tallique en forme de taureau est un souvenir culturel distinctif qui capture l&rsquo;essence de S\u00e9ville, une ville vibrante et riche en traditions. D&rsquo;une dimension de 8 cm, cet aimant attrayant pr\u00e9sente un design inspir\u00e9 de l&rsquo;art de la mosa\u00efque, avec un taureau dans une palette de couleurs vives comprenant des nuances de bleu, rouge, vert et jaune, sur un fond bleu clair qui souligne la beaut\u00e9 de l&rsquo;illustration. Le mot \u00ab\u00a0SEVILLA\u00a0\u00bb, dans une typographie \u00e9nergique et moderne, s&rsquo;impose \u00e0 c\u00f4t\u00e9 du taureau, ajoutant une touche contemporaine qui fusionne avec le folklore traditionnel.<\/p>\n<p>Le taureau est un symbole embl\u00e9matique de l&rsquo;esprit andalou, \u00e9voquant non seulement la passion des corridas, mais aussi la force et la vitalit\u00e9 de la culture espagnole. Cet aimant n&rsquo;est pas seulement un \u00e9l\u00e9ment d\u00e9coratif, mais aussi un excellent souvenir pour ceux qui souhaitent ramener chez eux un morceau de l&rsquo;essence s\u00e9villane.<\/p>\n<p>Chez Ol\u00e9 Mosaic, nous nous sp\u00e9cialisons dans la distribution de souvenirs en gros, et cet aimant de taureau repr\u00e9sente une option fantastique pour les boutiques de cadeaux touristiques \u00e0 la recherche de produits authentiquement espagnols et culturellement significatifs. C&rsquo;est le choix parfait pour les touristes qui souhaitent se souvenir de leur visite \u00e0 S\u00e9ville avec un d\u00e9tail unique et repr\u00e9sentatif, refl\u00e9tant la richesse du folklore andalou.<\/p>\n","protected":false},"excerpt":{"rendered":"<p>Aimant m\u00e9tallique en forme de taureau, symbole embl\u00e9matique de S\u00e9ville, de 8 cm. Cet aimant attrayant pr\u00e9sente un design color\u00e9 inspir\u00e9 de l&rsquo;art de la mosa\u00efque, avec le taureau dans des tons vibrants de bleu, rouge, vert et jaune sur un fond bleu clair. Le mot \u00ab\u00a0SEVILLA\u00a0\u00bb se d\u00e9tache avec une typographie \u00e9nergique, renfor\u00e7ant sa connexion culturelle. Un souvenir parfait qui capture l&rsquo;essence du folklore s\u00e9villan.<\/p>\n","protected":false},"featured_media":10015,"template":"","meta":{"_acf_changed":false},"product_brand":[],"product_cat":[697],"product_tag":[530],"class_list":{"0":"post-30929","1":"product","2":"type-product","3":"status-publish","4":"has-post-thumbnail","6":"product_cat-aimants","7":"product_tag-animaux","8":"pa_ciudad-sevilla","9":"pa_motivo-taureaux","10":"pa_pais-espana","12":"first","13":"instock","14":"shipping-taxable","15":"product-type-simple"},"acf":[],"_links":{"self":[{"href":"https:\/\/olemosaic.com\/fr\/wp-json\/wp\/v2\/product\/30929","targetHints":{"allow":["GET"]}}],"collection":[{"href":"https:\/\/olemosaic.com\/fr\/wp-json\/wp\/v2\/product"}],"about":[{"href":"https:\/\/olemosaic.com\/fr\/wp-json\/wp\/v2\/types\/product"}],"wp:featuredmedia":[{"embeddable":true,"href":"https:\/\/olemosaic.com\/fr\/wp-json\/wp\/v2\/media\/10015"}],"wp:attachment":[{"href":"https:\/\/olemosaic.com\/fr\/wp-json\/wp\/v2\/media?parent=30929"}],"wp:term":[{"taxonomy":"product_brand","embeddable":true,"href":"https:\/\/olemosaic.com\/fr\/wp-json\/wp\/v2\/product_brand?post=30929"},{"taxonomy":"product_cat","embeddable":true,"href":"https:\/\/olemosaic.com\/fr\/wp-json\/wp\/v2\/product_cat?post=30929"},{"taxonomy":"product_tag","embeddable":true,"href":"https:\/\/olemosaic.com\/fr\/wp-json\/wp\/v2\/product_tag?post=30929"}],"curies":[{"name":"wp","href":"https:\/\/api.w.org\/{rel}","templated":true}]}}