{"id":30908,"date":"2025-02-20T22:32:42","date_gmt":"2025-02-20T22:32:42","guid":{"rendered":"http:\/\/olemosaic.com\/producto\/iman-de-metal-corazon-negro-8-cm\/"},"modified":"2025-07-25T19:31:56","modified_gmt":"2025-07-25T17:31:56","slug":"aimant-en-metal-coeur-noir-8-cm","status":"publish","type":"product","link":"https:\/\/olemosaic.com\/fr\/produit\/aimant-en-metal-coeur-noir-8-cm\/","title":{"rendered":"Aimant en m\u00e9tal. C\u0153ur. Noir. 8 cm."},"content":{"rendered":"<p>Cet aimant m\u00e9tallique en forme de c\u0153ur est un souvenir attrayant qui repr\u00e9sente la richesse culturelle de l&rsquo;Espagne, id\u00e9al pour ceux qui recherchent un souvenir significatif de leur visite. D&rsquo;une taille de 8 cm, cet aimant vibrant se distingue par son design complexe de mosa\u00efque, qui combine une palette intense de couleurs dans les tons rouges, bleus, verts et jaunes, sur un fond noir qui rehausse sa luminosit\u00e9. La repr\u00e9sentation de la phrase iconique \u00ab I \u2764\ufe0f \u00bb ajoute une couche de nostalgie et de romantisme, faisant de cet article une option id\u00e9ale tant pour d\u00e9corer la maison que pour offrir \u00e0 des \u00eatres chers.<\/p>\n<p>La mosa\u00efque, connue pour sa pr\u00e9sence dans l&rsquo;architecture espagnole, \u00e9voque la connexion \u00e9motionnelle et artistique qui caract\u00e9rise le pays. Ce souvenir n&rsquo;est pas seulement un article fonctionnel, mais aussi une \u0153uvre qui c\u00e9l\u00e8bre la diversit\u00e9 et l&rsquo;art qui r\u00e9sonnent dans chaque coin de l&rsquo;Espagne. Avec son design attrayant et son authenticit\u00e9 en tant que rappel culturel, cet aimant m\u00e9tallique est un excellent exemple des souvenirs repr\u00e9sentatifs qu&rsquo;Ol\u00e9 Mosaic propose. Parfait pour les boutiques de cadeaux touristiques \u00e0 la recherche de produits de qualit\u00e9, cet aimant est un d\u00e9licat \u00e9chantillon d&rsquo;artisanat et d&rsquo;amour pour la culture espagnole.<\/p>\n","protected":false},"excerpt":{"rendered":"<p>Aimant en m\u00e9tal en forme de c\u0153ur avec un design color\u00e9 c\u00e9l\u00e9brant la diversit\u00e9 culturelle. Cet aimant de 8 cm pr\u00e9sente une mosa\u00efque vibrante dans les tons rouges, bleus, verts et jaunes sur un fond noir, avec la phrase \u00ab I \u2764\ufe0f \u00bb qui lui donne une touche nostalgique et romantique. Id\u00e9al \u00e0 offrir ou comme souvenir d&rsquo;une visite en Espagne, cet article combine art et fonctionnalit\u00e9 dans un format d\u00e9coratif attrayant.<\/p>\n","protected":false},"featured_media":8503,"template":"","meta":{"_acf_changed":false},"product_brand":[],"product_cat":[697],"product_tag":[],"class_list":{"0":"post-30908","1":"product","2":"type-product","3":"status-publish","4":"has-post-thumbnail","6":"product_cat-aimants","7":"pa_motivo-coeurs","9":"first","10":"instock","11":"shipping-taxable","12":"product-type-simple"},"acf":[],"_links":{"self":[{"href":"https:\/\/olemosaic.com\/fr\/wp-json\/wp\/v2\/product\/30908","targetHints":{"allow":["GET"]}}],"collection":[{"href":"https:\/\/olemosaic.com\/fr\/wp-json\/wp\/v2\/product"}],"about":[{"href":"https:\/\/olemosaic.com\/fr\/wp-json\/wp\/v2\/types\/product"}],"wp:featuredmedia":[{"embeddable":true,"href":"https:\/\/olemosaic.com\/fr\/wp-json\/wp\/v2\/media\/8503"}],"wp:attachment":[{"href":"https:\/\/olemosaic.com\/fr\/wp-json\/wp\/v2\/media?parent=30908"}],"wp:term":[{"taxonomy":"product_brand","embeddable":true,"href":"https:\/\/olemosaic.com\/fr\/wp-json\/wp\/v2\/product_brand?post=30908"},{"taxonomy":"product_cat","embeddable":true,"href":"https:\/\/olemosaic.com\/fr\/wp-json\/wp\/v2\/product_cat?post=30908"},{"taxonomy":"product_tag","embeddable":true,"href":"https:\/\/olemosaic.com\/fr\/wp-json\/wp\/v2\/product_tag?post=30908"}],"curies":[{"name":"wp","href":"https:\/\/api.w.org\/{rel}","templated":true}]}}