{"id":30907,"date":"2025-02-20T22:32:42","date_gmt":"2025-02-20T22:32:42","guid":{"rendered":"http:\/\/olemosaic.com\/producto\/iman-de-metal-bulldog-negro-8-cm\/"},"modified":"2025-07-25T19:11:32","modified_gmt":"2025-07-25T17:11:32","slug":"aimant-en-metal-bulldog-noir-8-cm","status":"publish","type":"product","link":"https:\/\/olemosaic.com\/fr\/produit\/aimant-en-metal-bulldog-noir-8-cm\/","title":{"rendered":"Aimant en m\u00e9tal. Bulldog. Noir. 8 cm."},"content":{"rendered":"<p>Cet aimant m\u00e9tallique en forme de bulldog est une pi\u00e8ce vibrante qui capture la joie et le dynamisme de la culture contemporaine. Avec ses 8 cm, ce souvenir attrayant pr\u00e9sente un design dont le fond noir fait ressortir les couleurs intenses et vari\u00e9es de la figure du chien, cr\u00e9ant un effet visuel surprenant qui rappelle une mosa\u00efque artistique. La repr\u00e9sentation du bulldog, race appr\u00e9ci\u00e9e pour sa personnalit\u00e9 et son caract\u00e8re, est \u00e9labor\u00e9e avec une palette de couleurs \u00e9clatantes allant du rouge au bleu, en passant par le vert et le jaune, ce qui en fait un \u00e9l\u00e9ment d\u00e9coratif id\u00e9al pour toute surface m\u00e9tallique.<\/p>\n<p>Cet aimant n&rsquo;est pas seulement un cadeau parfait pour les amoureux des animaux, mais il se distingue \u00e9galement par sa pertinence culturelle. Les bulldogs symbolisent une partie de l&rsquo;esprit de l&rsquo;art moderne et contemporain, connu pour son audace et son expressivit\u00e9. Chez Ol\u00e9 Mosaic, nous nous consacrons \u00e0 la distribution de souvenirs authentiques et repr\u00e9sentatifs qui c\u00e9l\u00e8brent la diversit\u00e9 et l&rsquo;art de nos traditions. Cet aimant bulldog est une excellente option pour les boutiques de cadeaux touristiques qui recherchent un produit qui, en plus d&rsquo;\u00eatre fonctionnel, soit une proposition cr\u00e9ative et d\u00e9corative. En tant que distributeurs d&rsquo;aimants en gros, nous proposons cet article comme une excellente id\u00e9e pour ceux qui cherchent un souvenir distinctif de leur voyage, combinant art, modernit\u00e9 et une touche de charisme dans une pi\u00e8ce unique.<\/p>\n","protected":false},"excerpt":{"rendered":"<p>Aimant m\u00e9tallique en forme de bulldog, d\u00e9cor\u00e9 d&rsquo;un design vibrant et color\u00e9 \u00e9voquant une mosa\u00efque artistique. D&rsquo;une dimension de 8 cm, cet aimant repose sur un fond noir qui fait ressortir les couleurs intenses de la figure du chien, captant l&rsquo;attention par son style moderne et frappant. Parfait pour d\u00e9corer toute surface m\u00e9tallique, c&rsquo;est un souvenir id\u00e9al pour les amoureux des animaux et de l&rsquo;art contemporain.<\/p>\n","protected":false},"featured_media":12853,"template":"","meta":{"_acf_changed":false},"product_brand":[],"product_cat":[697],"product_tag":[530],"class_list":{"0":"post-30907","1":"product","2":"type-product","3":"status-publish","4":"has-post-thumbnail","6":"product_cat-aimants","7":"product_tag-animaux","8":"pa_motivo-bulldogs","10":"first","11":"instock","12":"shipping-taxable","13":"product-type-simple"},"acf":[],"_links":{"self":[{"href":"https:\/\/olemosaic.com\/fr\/wp-json\/wp\/v2\/product\/30907","targetHints":{"allow":["GET"]}}],"collection":[{"href":"https:\/\/olemosaic.com\/fr\/wp-json\/wp\/v2\/product"}],"about":[{"href":"https:\/\/olemosaic.com\/fr\/wp-json\/wp\/v2\/types\/product"}],"wp:featuredmedia":[{"embeddable":true,"href":"https:\/\/olemosaic.com\/fr\/wp-json\/wp\/v2\/media\/12853"}],"wp:attachment":[{"href":"https:\/\/olemosaic.com\/fr\/wp-json\/wp\/v2\/media?parent=30907"}],"wp:term":[{"taxonomy":"product_brand","embeddable":true,"href":"https:\/\/olemosaic.com\/fr\/wp-json\/wp\/v2\/product_brand?post=30907"},{"taxonomy":"product_cat","embeddable":true,"href":"https:\/\/olemosaic.com\/fr\/wp-json\/wp\/v2\/product_cat?post=30907"},{"taxonomy":"product_tag","embeddable":true,"href":"https:\/\/olemosaic.com\/fr\/wp-json\/wp\/v2\/product_tag?post=30907"}],"curies":[{"name":"wp","href":"https:\/\/api.w.org\/{rel}","templated":true}]}}