{"id":30906,"date":"2025-02-20T22:32:42","date_gmt":"2025-02-20T22:32:42","guid":{"rendered":"http:\/\/olemosaic.com\/producto\/iman-de-metal-bailaora-madrid\/"},"modified":"2025-07-25T23:24:51","modified_gmt":"2025-07-25T21:24:51","slug":"aimant-metal-danseuse-flamenco-madrid","status":"publish","type":"product","link":"https:\/\/olemosaic.com\/fr\/produit\/aimant-metal-danseuse-flamenco-madrid\/","title":{"rendered":"Aimant en m\u00e9tal. Danseuse de flamenco. Madrid."},"content":{"rendered":"<p>Cet aimant m\u00e9tallique en forme de danseuse de flamenco est une pi\u00e8ce vibrante et color\u00e9e qui capture l&rsquo;essence de la culture madril\u00e8ne. Son design surprenant pr\u00e9sente une danseuse en plein mouvement, v\u00eatue d&rsquo;un costume multicolore qui \u00e9voque la joie et la passion du flamenco espagnol. Chaque panneau de la robe est d\u00e9cor\u00e9 d&rsquo;une riche palette de couleurs, des rouges et jaunes intenses aux verts et bleus, cr\u00e9ant un effet visuel captivant qui attirera l&rsquo;attention de tous. La danseuse, avec sa posture \u00e9l\u00e9gante et un geste subtil de la main, symbolise non seulement l&rsquo;art de la danse, mais aussi la profondeur de la culture espagnole.<\/p>\n<p>\u00c0 la base de l&rsquo;aimant, le nom \u00ab\u00a0Madrid\u00a0\u00bb est inscrit en lettres pro\u00e9minentes, soulignant son identit\u00e9 en tant que souvenir authentique de la capitale espagnole. Cet aimant n&rsquo;est pas seulement un compl\u00e9ment d\u00e9coratif id\u00e9al pour les r\u00e9frig\u00e9rateurs et les surfaces m\u00e9talliques, mais il sert \u00e9galement de rappel du riche h\u00e9ritage culturel de l&rsquo;Espagne, ce qui en fait un cadeau parfait pour les touristes et les amateurs de flamenco.<\/p>\n<p>Chez Ol\u00e9 Mosaic, nous nous sp\u00e9cialisons dans la distribution de souvenirs en gros, et cet aimant de flamenco est une excellente option pour les boutiques de cadeaux touristiques qui cherchent \u00e0 offrir des produits authentiques et repr\u00e9sentatifs de la culture espagnole. De plus, sa pertinence culturelle et esth\u00e9tique en fait un \u00e9l\u00e9ment id\u00e9al pour ceux qui souhaitent ramener un morceau de Madrid chez eux.<\/p>\n","protected":false},"excerpt":{"rendered":"<p>Aimant m\u00e9tallique en forme de danseuse de flamenco, repr\u00e9sentant la culture vibrante de Madrid. Le design tr\u00e8s color\u00e9 se distingue par sa riche palette chromatique et sa silhouette stylis\u00e9e, capturant l&rsquo;\u00e9l\u00e9gance de la danse traditionnelle espagnole. La danseuse porte une robe \u00e0 pois multicolores \u00e9voquant la joie du flamenco, et la base de l&rsquo;aimant porte l&rsquo;inscription \u00ab\u00a0Madrid\u00a0\u00bb, ajoutant une touche distinctive et attrayante pour les amateurs de souvenirs culturels. Id\u00e9al pour d\u00e9corer le r\u00e9frig\u00e9rateur ou toute surface m\u00e9tallique.<\/p>\n","protected":false},"featured_media":6489,"template":"","meta":{"_acf_changed":false},"product_brand":[],"product_cat":[697],"product_tag":[],"class_list":{"0":"post-30906","1":"product","2":"type-product","3":"status-publish","4":"has-post-thumbnail","6":"product_cat-aimants","7":"pa_ciudad-madrid","8":"pa_motivo-danseurs","9":"pa_pais-espana","11":"first","12":"instock","13":"shipping-taxable","14":"product-type-simple"},"acf":[],"_links":{"self":[{"href":"https:\/\/olemosaic.com\/fr\/wp-json\/wp\/v2\/product\/30906","targetHints":{"allow":["GET"]}}],"collection":[{"href":"https:\/\/olemosaic.com\/fr\/wp-json\/wp\/v2\/product"}],"about":[{"href":"https:\/\/olemosaic.com\/fr\/wp-json\/wp\/v2\/types\/product"}],"wp:featuredmedia":[{"embeddable":true,"href":"https:\/\/olemosaic.com\/fr\/wp-json\/wp\/v2\/media\/6489"}],"wp:attachment":[{"href":"https:\/\/olemosaic.com\/fr\/wp-json\/wp\/v2\/media?parent=30906"}],"wp:term":[{"taxonomy":"product_brand","embeddable":true,"href":"https:\/\/olemosaic.com\/fr\/wp-json\/wp\/v2\/product_brand?post=30906"},{"taxonomy":"product_cat","embeddable":true,"href":"https:\/\/olemosaic.com\/fr\/wp-json\/wp\/v2\/product_cat?post=30906"},{"taxonomy":"product_tag","embeddable":true,"href":"https:\/\/olemosaic.com\/fr\/wp-json\/wp\/v2\/product_tag?post=30906"}],"curies":[{"name":"wp","href":"https:\/\/api.w.org\/{rel}","templated":true}]}}