{"id":30905,"date":"2025-02-20T23:32:42","date_gmt":"2025-02-20T22:32:42","guid":{"rendered":"http:\/\/olemosaic.com\/producto\/iman-de-metal-toro-malaga-plata-8-cm-2\/"},"modified":"2025-07-25T19:54:30","modified_gmt":"2025-07-25T17:54:30","slug":"aimant-metal-taureau-malaga-argent-8-cm-fr","status":"publish","type":"product","link":"https:\/\/olemosaic.com\/fr\/produit\/aimant-metal-taureau-malaga-argent-8-cm-fr\/","title":{"rendered":"Aimant en m\u00e9tal. Taureau. Mosa\u00efque. Malaga. Argent. 8 cm."},"content":{"rendered":"<p>Cet \u00e9l\u00e9gant aimant m\u00e9tallique pr\u00e9sente la figure iconique d&rsquo;un taureau, symbole ancr\u00e9 dans la culture espagnole, particuli\u00e8rement dans la r\u00e9gion de Malaga. Avec des dimensions de 8 cm, cet aimant est, en plus d&rsquo;\u00eatre fonctionnel, une \u0153uvre d&rsquo;art vibrante. Son design capture l&rsquo;essence du folklore andalou \u00e0 travers un style de mosa\u00efque aux tons vifs rouges et jaunes, ce qui lui conf\u00e8re une touche artistique qui se d\u00e9marque sur toute surface m\u00e9tallique. \u00c0 gauche, le nom \u00ab\u00a0M\u00c1LAGA\u00a0\u00bb est grav\u00e9 en lettres pro\u00e9minentes, soulignant son lien avec cette belle ville c\u00f4ti\u00e8re. Cet aimant \u00e9voque la tradition taurine qui fait partie du patrimoine culturel espagnol, ajoutant une valeur symbolique \u00e0 sa pr\u00e9sence. De plus, sa fabrication en m\u00e9tal garantit sa durabilit\u00e9, faisant de ce produit un souvenir id\u00e9al qui durera dans le temps. En tant que souvenir repr\u00e9sentatif de Malaga, cet aimant ne se contentera pas d&#8217;embellir la maison de ceux qui l&rsquo;acqui\u00e8rent, mais servira \u00e9galement de rappel constant de leur visite dans cette ville captivante. Chez Ol\u00e9 Mosaic, nous proposons cet aimant de taureau comme une option indispensable pour les boutiques de cadeaux touristiques \u00e0 la recherche de souvenirs authentiques et significatifs de la culture espagnole.<\/p>\n","protected":false},"excerpt":{"rendered":"<p>\u00c9l\u00e9gant aimant m\u00e9tallique avec la figure d&rsquo;un taureau, symbole de la culture espagnole et, plus pr\u00e9cis\u00e9ment, de Malaga. Cet aimant de 8 cm pr\u00e9sente un design vibrant dans les tons rouges et jaunes, avec un style mosa\u00efque qui lui donne une touche artistique. \u00c0 c\u00f4t\u00e9 du taureau, le nom \u00ab M\u00c1LAGA \u00bb est grav\u00e9 en lettres saillantes, accentuant le lien avec la r\u00e9gion. Id\u00e9al pour \u00e9voquer l&rsquo;essence du folklore andalou dans n&rsquo;importe quel coin.<\/p>\n","protected":false},"featured_media":9981,"template":"","meta":{"_acf_changed":false},"product_brand":[],"product_cat":[697],"product_tag":[530],"class_list":{"0":"post-30905","1":"product","2":"type-product","3":"status-publish","4":"has-post-thumbnail","6":"product_cat-aimants","7":"product_tag-animaux","8":"pa_ciudad-malaga","9":"pa_motivo-taureaux","10":"pa_pais-espana","12":"first","13":"instock","14":"shipping-taxable","15":"product-type-simple"},"acf":[],"_links":{"self":[{"href":"https:\/\/olemosaic.com\/fr\/wp-json\/wp\/v2\/product\/30905","targetHints":{"allow":["GET"]}}],"collection":[{"href":"https:\/\/olemosaic.com\/fr\/wp-json\/wp\/v2\/product"}],"about":[{"href":"https:\/\/olemosaic.com\/fr\/wp-json\/wp\/v2\/types\/product"}],"wp:featuredmedia":[{"embeddable":true,"href":"https:\/\/olemosaic.com\/fr\/wp-json\/wp\/v2\/media\/9981"}],"wp:attachment":[{"href":"https:\/\/olemosaic.com\/fr\/wp-json\/wp\/v2\/media?parent=30905"}],"wp:term":[{"taxonomy":"product_brand","embeddable":true,"href":"https:\/\/olemosaic.com\/fr\/wp-json\/wp\/v2\/product_brand?post=30905"},{"taxonomy":"product_cat","embeddable":true,"href":"https:\/\/olemosaic.com\/fr\/wp-json\/wp\/v2\/product_cat?post=30905"},{"taxonomy":"product_tag","embeddable":true,"href":"https:\/\/olemosaic.com\/fr\/wp-json\/wp\/v2\/product_tag?post=30905"}],"curies":[{"name":"wp","href":"https:\/\/api.w.org\/{rel}","templated":true}]}}