{"id":30904,"date":"2025-02-20T22:32:42","date_gmt":"2025-02-20T22:32:42","guid":{"rendered":"http:\/\/olemosaic.com\/producto\/iman-de-metal-camino-de-santiago-negro-11-cm\/"},"modified":"2025-07-25T20:03:14","modified_gmt":"2025-07-25T18:03:14","slug":"aimant-metal-chemin-compostelle-noir-11-cm","status":"publish","type":"product","link":"https:\/\/olemosaic.com\/fr\/produit\/aimant-metal-chemin-compostelle-noir-11-cm\/","title":{"rendered":"Aimant en m\u00e9tal. Chemin de Compostelle. Noir. 11 cm."},"content":{"rendered":"<p>Cet aimant m\u00e9tallique du Chemin de Compostelle est une pi\u00e8ce incontournable pour ceux qui souhaitent emporter un souvenir significatif de cette route de p\u00e8lerinage embl\u00e9matique. Avec une taille de 11 cm, son design color\u00e9 et attrayant capture l&rsquo;essence du Chemin vers Saint-Jacques-de-Compostelle. Dans la partie centrale, on peut voir l&rsquo;illustration d&rsquo;un p\u00e8lerin, avec sa tenue caract\u00e9ristique et portant un b\u00e2ton, symbolisant la travers\u00e9e spirituelle que des millions de personnes ont entreprise au fil des si\u00e8cles.<\/p>\n<p>\u00c0 ses c\u00f4t\u00e9s, la coquille, symbole reconnu du Chemin, et la majestueuse cath\u00e9drale de Saint-Jacques sont repr\u00e9sent\u00e9es avec des couleurs vibrantes, qui ressortent sur un fond noir mettant en valeur chaque d\u00e9tail. La cath\u00e9drale, avec ses tours imposantes et son ornementation, est fid\u00e8lement repr\u00e9sent\u00e9e, faisant de cet aimant un hommage visuel \u00e0 la riche tradition culturelle de la Galice.<\/p>\n<p>Cet aimant n&rsquo;est pas seulement un souvenir du Chemin de Compostelle, mais aussi une repr\u00e9sentation de la foi et de l&rsquo;histoire qui entoure ce p\u00e8lerinage mill\u00e9naire. Chez Ol\u00e9 Mosaic, nous proposons cet aimant dans le cadre de notre collection de souvenirs de haute qualit\u00e9. C&rsquo;est un choix parfait pour les boutiques de cadeaux touristiques \u00e0 la recherche de produits authentiques et repr\u00e9sentatifs de l&rsquo;Espagne. En acqu\u00e9rant cet aimant du chemin, vous n&#8217;emportez pas seulement un souvenir, mais aussi un fragment de la tradition culturelle galicienne.<\/p>\n","protected":false},"excerpt":{"rendered":"<p>Aimant m\u00e9tallique du Chemin de Compostelle, de 11 cm. Cet aimant attrayant pr\u00e9sente un design color\u00e9 illustrant le chemin embl\u00e9matique vers Saint-Jacques-de-Compostelle. On y voit la figure du p\u00e8lerin, accompagn\u00e9e de la coquille, symbole du Chemin, et de la majestueuse cath\u00e9drale de Saint-Jacques. Le fond noir fait ressortir les motifs aux couleurs \u00e9clatantes, faisant de cette pi\u00e8ce un hommage visuel \u00e0 la riche tradition du p\u00e8lerinage en Espagne.<\/p>\n","protected":false},"featured_media":8794,"template":"","meta":{"_acf_changed":false},"product_brand":[],"product_cat":[697],"product_tag":[],"class_list":{"0":"post-30904","1":"product","2":"type-product","3":"status-publish","4":"has-post-thumbnail","6":"product_cat-aimants","7":"pa_ciudad-santiago-de-compostela","8":"pa_pais-espana","10":"first","11":"instock","12":"shipping-taxable","13":"product-type-simple"},"acf":[],"_links":{"self":[{"href":"https:\/\/olemosaic.com\/fr\/wp-json\/wp\/v2\/product\/30904","targetHints":{"allow":["GET"]}}],"collection":[{"href":"https:\/\/olemosaic.com\/fr\/wp-json\/wp\/v2\/product"}],"about":[{"href":"https:\/\/olemosaic.com\/fr\/wp-json\/wp\/v2\/types\/product"}],"wp:featuredmedia":[{"embeddable":true,"href":"https:\/\/olemosaic.com\/fr\/wp-json\/wp\/v2\/media\/8794"}],"wp:attachment":[{"href":"https:\/\/olemosaic.com\/fr\/wp-json\/wp\/v2\/media?parent=30904"}],"wp:term":[{"taxonomy":"product_brand","embeddable":true,"href":"https:\/\/olemosaic.com\/fr\/wp-json\/wp\/v2\/product_brand?post=30904"},{"taxonomy":"product_cat","embeddable":true,"href":"https:\/\/olemosaic.com\/fr\/wp-json\/wp\/v2\/product_cat?post=30904"},{"taxonomy":"product_tag","embeddable":true,"href":"https:\/\/olemosaic.com\/fr\/wp-json\/wp\/v2\/product_tag?post=30904"}],"curies":[{"name":"wp","href":"https:\/\/api.w.org\/{rel}","templated":true}]}}