{"id":30886,"date":"2025-02-20T22:32:41","date_gmt":"2025-02-20T22:32:41","guid":{"rendered":"http:\/\/olemosaic.com\/producto\/iman-de-metal-gato-mallorca-negro-8-cm\/"},"modified":"2025-07-25T18:53:07","modified_gmt":"2025-07-25T16:53:07","slug":"aimant-metal-chat-majorque-noir-8-cm","status":"publish","type":"product","link":"https:\/\/olemosaic.com\/fr\/produit\/aimant-metal-chat-majorque-noir-8-cm\/","title":{"rendered":"Aimant en m\u00e9tal. Chat. Majorque. Noir. 8 cm."},"content":{"rendered":"<p>Cet aimant d\u00e9coratif en m\u00e9tal pr\u00e9sente un chat stylis\u00e9 attachant, inspir\u00e9 de l&rsquo;art vibrant de Majorque. Avec ses 8 cm, l&rsquo;aimant combine une palette de couleurs exub\u00e9rantes qui \u00e9voquent la richesse culturelle et la faune de l&rsquo;\u00eele. Le design en mosa\u00efque met en valeur des formes ondul\u00e9es qui donnent vie au chat, tandis que ses yeux expressifs ajoutent de la personnalit\u00e9 et de l&rsquo;attrait \u00e0 la pi\u00e8ce. Le fond noir intensifie les couleurs \u00e9clatantes, cr\u00e9ant un contraste visuel qui fait de l&rsquo;aimant un \u00e9l\u00e9ment d\u00e9coratif frappant.<\/p>\n<p>Le mot \u00ab\u00a0MALLORCA\u00a0\u00bb est imprim\u00e9 en couleurs, \u00e9tablissant un lien direct avec la r\u00e9gion et rehaussant son caract\u00e8re distinctif. Cet aimant n&rsquo;est pas seulement un souvenir, mais une fen\u00eatre sur la tradition artistique de Majorque, o\u00f9 la mosa\u00efque est un reflet de l&rsquo;histoire et du folklore local. Id\u00e9al pour les touristes qui cherchent \u00e0 emporter un morceau de l&rsquo;\u00eele, cet aimant est un excellent souvenir repr\u00e9sentatif de l&rsquo;h\u00e9ritage culturel majorquin.<\/p>\n<p>Chez Ol\u00e9 Mosaic, nous proposons des souvenirs authentiques que capturent l&rsquo;essence de chaque r\u00e9gion. Cet aimant de chat stylis\u00e9 est une option parfaite pour les boutiques de cadeaux touristiques souhaitant offrir des produits de qualit\u00e9, pleins d&rsquo;art et de tradition. En tant que grossistes de souvenirs de Majorque, nous garantissons que chaque pi\u00e8ce est un beau souvenir de l&rsquo;une des \u00eeles les plus embl\u00e9matiques d&rsquo;Espagne.<\/p>\n","protected":false},"excerpt":{"rendered":"<p>Aimant d\u00e9coratif en m\u00e9tal avec la figure d&rsquo;un chat stylis\u00e9, inspir\u00e9 de l&rsquo;art color\u00e9 de Majorque. Cet aimant de 8 cm combine une palette de couleurs vibrantes dans un design de mosa\u00efque, mettant en valeur un chat aux formes ondul\u00e9es et aux yeux expressifs qui capturent l&rsquo;essence de la faune locale. Le fond noir fait ressortir davantage les tons brillants, tandis que le mot \u00ab\u00a0MALLORCA\u00a0\u00bb imprim\u00e9 en couleur ajoute une touche distinctive et artistique, en faisant un souvenir parfait.<\/p>\n","protected":false},"featured_media":12850,"template":"","meta":{"_acf_changed":false},"product_brand":[],"product_cat":[697],"product_tag":[530],"class_list":{"0":"post-30886","1":"product","2":"type-product","3":"status-publish","4":"has-post-thumbnail","6":"product_cat-aimants","7":"product_tag-animaux","8":"pa_ciudad-mallorca","9":"pa_motivo-chats","10":"pa_pais-espana","12":"first","13":"instock","14":"shipping-taxable","15":"product-type-simple"},"acf":[],"_links":{"self":[{"href":"https:\/\/olemosaic.com\/fr\/wp-json\/wp\/v2\/product\/30886","targetHints":{"allow":["GET"]}}],"collection":[{"href":"https:\/\/olemosaic.com\/fr\/wp-json\/wp\/v2\/product"}],"about":[{"href":"https:\/\/olemosaic.com\/fr\/wp-json\/wp\/v2\/types\/product"}],"wp:featuredmedia":[{"embeddable":true,"href":"https:\/\/olemosaic.com\/fr\/wp-json\/wp\/v2\/media\/12850"}],"wp:attachment":[{"href":"https:\/\/olemosaic.com\/fr\/wp-json\/wp\/v2\/media?parent=30886"}],"wp:term":[{"taxonomy":"product_brand","embeddable":true,"href":"https:\/\/olemosaic.com\/fr\/wp-json\/wp\/v2\/product_brand?post=30886"},{"taxonomy":"product_cat","embeddable":true,"href":"https:\/\/olemosaic.com\/fr\/wp-json\/wp\/v2\/product_cat?post=30886"},{"taxonomy":"product_tag","embeddable":true,"href":"https:\/\/olemosaic.com\/fr\/wp-json\/wp\/v2\/product_tag?post=30886"}],"curies":[{"name":"wp","href":"https:\/\/api.w.org\/{rel}","templated":true}]}}