{"id":30885,"date":"2025-02-20T23:32:41","date_gmt":"2025-02-20T22:32:41","guid":{"rendered":"http:\/\/olemosaic.com\/producto\/iman-de-metal-salamandra-plata-8-cm-2\/"},"modified":"2025-07-25T19:26:55","modified_gmt":"2025-07-25T17:26:55","slug":"aimant-metal-salamandre-argent-8-cm-fr","status":"publish","type":"product","link":"https:\/\/olemosaic.com\/fr\/produit\/aimant-metal-salamandre-argent-8-cm-fr\/","title":{"rendered":"Aimant en m\u00e9tal. Salamandre. Mosa\u00efque. Gaud\u00ed. Barcelone. Argent. 8 cm."},"content":{"rendered":"<p>Cet aimant d\u00e9coratif m\u00e9tallique en forme de salamandre est un \u00e9chantillon vibrant du riche patrimoine artistique catalan, inspir\u00e9 particuli\u00e8rement par l&rsquo;art fascinant du trencad\u00eds, c\u00e9l\u00e8bre pour ses mosa\u00efques color\u00e9es. Avec des dimensions de 8 cm, l&rsquo;aimant pr\u00e9sente une salamandre stylis\u00e9e dans des tons frappants de bleu, vert, jaune et rouge, qui se d\u00e9tachent sur un fond blanc textur\u00e9 simulant une mosa\u00efque, \u00e9voquant l&rsquo;essence du design moderniste de Gaud\u00ed. Chaque \u00e9caille de la salamandre est m\u00e9ticuleusement d\u00e9taill\u00e9e, montrant un motif complexe qui capte l&rsquo;attention et ajoute une touche de joie \u00e0 toute surface m\u00e9tallique.<\/p>\n<p>Ce souvenir n&rsquo;est pas seulement un \u00e9l\u00e9ment d\u00e9coratif, mais aussi un symbole de la richesse culturelle de la r\u00e9gion, o\u00f9 la salamandre repr\u00e9sente la transformation et le renouveau, en accord avec la philosophie artistique catalane. Faisant partie de la collection de souvenirs d&rsquo;Ol\u00e9 Mosaic, cet aimant est un excellent cadeau pour les touristes \u00e0 la recherche d&rsquo;un souvenir authentique et repr\u00e9sentatif de leur visite en Catalogne. Nous proposons des produits authentiques en gros, id\u00e9aux pour les boutiques de cadeaux touristiques souhaitant offrir \u00e0 leurs clients un morceau de cette culture vibrante. Cet aimant de salamandre est, sans aucun doute, une pi\u00e8ce unique et color\u00e9e qui \u00e9voquera des souvenirs de la diversit\u00e9 et de la cr\u00e9ativit\u00e9 du patrimoine catalan.<\/p>\n","protected":false},"excerpt":{"rendered":"<p>Aimant d\u00e9coratif en m\u00e9tal en forme de salamandre, con\u00e7u avec un motif color\u00e9 \u00e9voquant le trencad\u00eds catalan. Cet aimant attrayant de 8 cm pr\u00e9sente une salamandre dans des tons vibrants de bleu, vert, jaune et rouge sur un fond blanc textur\u00e9 simulant une mosa\u00efque, avec des d\u00e9tails complexes sur chaque \u00e9caille. Il est id\u00e9al pour apporter une touche de couleur et de personnalit\u00e9 \u00e0 toute surface m\u00e9tallique.<\/p>\n","protected":false},"featured_media":12867,"template":"","meta":{"_acf_changed":false},"product_brand":[],"product_cat":[697],"product_tag":[530],"class_list":{"0":"post-30885","1":"product","2":"type-product","3":"status-publish","4":"has-post-thumbnail","6":"product_cat-aimants","7":"product_tag-animaux","8":"pa_motivo-salamandres","10":"first","11":"instock","12":"shipping-taxable","13":"product-type-simple"},"acf":[],"_links":{"self":[{"href":"https:\/\/olemosaic.com\/fr\/wp-json\/wp\/v2\/product\/30885","targetHints":{"allow":["GET"]}}],"collection":[{"href":"https:\/\/olemosaic.com\/fr\/wp-json\/wp\/v2\/product"}],"about":[{"href":"https:\/\/olemosaic.com\/fr\/wp-json\/wp\/v2\/types\/product"}],"wp:featuredmedia":[{"embeddable":true,"href":"https:\/\/olemosaic.com\/fr\/wp-json\/wp\/v2\/media\/12867"}],"wp:attachment":[{"href":"https:\/\/olemosaic.com\/fr\/wp-json\/wp\/v2\/media?parent=30885"}],"wp:term":[{"taxonomy":"product_brand","embeddable":true,"href":"https:\/\/olemosaic.com\/fr\/wp-json\/wp\/v2\/product_brand?post=30885"},{"taxonomy":"product_cat","embeddable":true,"href":"https:\/\/olemosaic.com\/fr\/wp-json\/wp\/v2\/product_cat?post=30885"},{"taxonomy":"product_tag","embeddable":true,"href":"https:\/\/olemosaic.com\/fr\/wp-json\/wp\/v2\/product_tag?post=30885"}],"curies":[{"name":"wp","href":"https:\/\/api.w.org\/{rel}","templated":true}]}}