{"id":30884,"date":"2025-02-20T23:32:41","date_gmt":"2025-02-20T22:32:41","guid":{"rendered":"http:\/\/olemosaic.com\/producto\/iman-de-metal-salamandra-barcelona-negro-8-cm-4\/"},"modified":"2025-07-25T18:58:36","modified_gmt":"2025-07-25T16:58:36","slug":"aimant-metal-salamandre-barcelone-noir-8-cm-fr-2","status":"publish","type":"product","link":"https:\/\/olemosaic.com\/fr\/produit\/aimant-metal-salamandre-barcelone-noir-8-cm-fr-2\/","title":{"rendered":"Aimant en m\u00e9tal. Salamandre. Barcelone. Fond noir. 8 cm."},"content":{"rendered":"<p>Cet aimant d\u00e9coratif en m\u00e9tal de 8 cm est un charmant souvenir de Barcelone qui capture l&rsquo;essence vibrante et artistique de la ville. Avec un fond noir intense qui rehausse les d\u00e9tails, l&rsquo;aimant pr\u00e9sente une illustration color\u00e9e de salamandres dans divers tons, notamment le bleu, le vert et le rouge. Ces salamandres, inspir\u00e9es des c\u00e9l\u00e8bres mosa\u00efques de Barcelone, \u00e9voquent l&rsquo;\u0153uvre du c\u00e9l\u00e8bre architecte Antoni Gaud\u00ed et son influence sur le modernisme catalan, faisant de chaque pi\u00e8ce un reflet du riche patrimoine culturel de la r\u00e9gion.<\/p>\n<p>Le mot \u00ab\u00a0Barcelona\u00a0\u00bb est \u00e9l\u00e9gamment imprim\u00e9 sur la partie sup\u00e9rieure, ajoutant une touche distinctive qui \u00e9voquera des souvenirs de votre visite dans cette ville embl\u00e9matique. Cet aimant n&rsquo;est pas seulement un objet d\u00e9coratif, mais aussi un symbole de la connexion de Barcelone avec l&rsquo;art et la nature, ce qui en fait un souvenir id\u00e9al pour ceux qui souhaitent ramener un morceau de sa culture et de sa beaut\u00e9 chez eux.<\/p>\n<p>Chez Ol\u00e9 Mosaic, nous sommes fiers d&rsquo;\u00eatre des distributeurs de souvenirs authentiques qui c\u00e9l\u00e8brent l&rsquo;h\u00e9ritage culturel de l&rsquo;Espagne. Cet aimant de salamandre est une excellente option pour les boutiques de cadeaux touristiques qui souhaitent offrir \u00e0 leurs clients des produits uniques et de qualit\u00e9, parfaits pour se souvenir de l&rsquo;exp\u00e9rience de Barcelone.<\/p>\n","protected":false},"excerpt":{"rendered":"<p>Aimant d\u00e9coratif en m\u00e9tal de 8 cm avec une illustration color\u00e9e de salamandres, inspir\u00e9 des mosa\u00efques de Barcelone. Sur un fond noir, le design met en valeur les salamandres dans des tons vibrants et des d\u00e9tails en bleu, vert et rouge, \u00e9voquant l&rsquo;influence de l&rsquo;art moderniste de la ville. Le mot \u00ab\u00a0Barcelona\u00a0\u00bb est imprim\u00e9 sur la partie sup\u00e9rieure, ajoutant une touche distinctive et \u00e9vocatrice de votre visite dans cette ville embl\u00e9matique.<\/p>\n","protected":false},"featured_media":12899,"template":"","meta":{"_acf_changed":false},"product_brand":[],"product_cat":[697],"product_tag":[530],"class_list":{"0":"post-30884","1":"product","2":"type-product","3":"status-publish","4":"has-post-thumbnail","6":"product_cat-aimants","7":"product_tag-animaux","8":"pa_ciudad-barcelona","9":"pa_motivo-salamandres","10":"pa_pais-espana","12":"first","13":"instock","14":"shipping-taxable","15":"product-type-simple"},"acf":[],"_links":{"self":[{"href":"https:\/\/olemosaic.com\/fr\/wp-json\/wp\/v2\/product\/30884","targetHints":{"allow":["GET"]}}],"collection":[{"href":"https:\/\/olemosaic.com\/fr\/wp-json\/wp\/v2\/product"}],"about":[{"href":"https:\/\/olemosaic.com\/fr\/wp-json\/wp\/v2\/types\/product"}],"wp:featuredmedia":[{"embeddable":true,"href":"https:\/\/olemosaic.com\/fr\/wp-json\/wp\/v2\/media\/12899"}],"wp:attachment":[{"href":"https:\/\/olemosaic.com\/fr\/wp-json\/wp\/v2\/media?parent=30884"}],"wp:term":[{"taxonomy":"product_brand","embeddable":true,"href":"https:\/\/olemosaic.com\/fr\/wp-json\/wp\/v2\/product_brand?post=30884"},{"taxonomy":"product_cat","embeddable":true,"href":"https:\/\/olemosaic.com\/fr\/wp-json\/wp\/v2\/product_cat?post=30884"},{"taxonomy":"product_tag","embeddable":true,"href":"https:\/\/olemosaic.com\/fr\/wp-json\/wp\/v2\/product_tag?post=30884"}],"curies":[{"name":"wp","href":"https:\/\/api.w.org\/{rel}","templated":true}]}}