{"id":30883,"date":"2025-02-20T22:32:41","date_gmt":"2025-02-20T22:32:41","guid":{"rendered":"http:\/\/olemosaic.com\/producto\/iman-de-metal-toro-malaga-plata-8-cm\/"},"modified":"2025-07-25T18:51:52","modified_gmt":"2025-07-25T16:51:52","slug":"aimant-metal-taureau-malaga-argent-8-cm","status":"publish","type":"product","link":"https:\/\/olemosaic.com\/fr\/produit\/aimant-metal-taureau-malaga-argent-8-cm\/","title":{"rendered":"Aimant en m\u00e9tal. Taureau. Malaga. Argent. 8 cm."},"content":{"rendered":"<p>Cet aimant d\u00e9coratif en m\u00e9tal de 8 cm est un hommage charmant \u00e0 la culture et \u00e0 l&rsquo;esprit de Malaga, avec un taureau color\u00e9, symbole de la r\u00e9gion. Le design, qui combine des tons vibrants de bleu, vert, jaune et rouge, \u00e9voque la merveilleuse tradition de l&rsquo;art de la mosa\u00efque andalouse. L&rsquo;image stylis\u00e9e du taureau souligne sa force et son caract\u00e8re, attirant tous les regards, tandis que le fond blanc cass\u00e9 offre un contraste \u00e9l\u00e9gant qui accentue la richesse chromatique de l&rsquo;animal. Le mot \u00ab\u00a0M\u00c1LAGA\u00a0\u00bb, \u00e9crit avec des lettres frappantes et \u00e9nergiques, orne le c\u00f4t\u00e9, faisant de cet aimant un souvenir id\u00e9al qui refl\u00e8te non seulement l&rsquo;identit\u00e9 locale, mais aussi la passion qui caract\u00e9rise cette ville embl\u00e9matique.<\/p>\n<p>Parfait pour ajouter une touche andalouse \u00e0 n&rsquo;importe quel espace, cet aimant sert de rappel d&rsquo;une visite \u00e0 Malaga et c\u00e9l\u00e8bre l&rsquo;h\u00e9ritage culturel entourant la figure du taureau dans la tradition espagnole. Chez Ol\u00e9 Mosaic, nous sommes sp\u00e9cialis\u00e9s dans la distribution de souvenirs en gros, offrant des produits authentiques qui capturent l&rsquo;essence de leurs lieux d&rsquo;origine. Cet aimant de taureau est une excellente option pour les boutiques de cadeaux touristiques \u00e0 la recherche d&rsquo;articles repr\u00e9sentatifs, authentiques et color\u00e9s, parfaits pour ceux qui souhaitent ramener un petit morceau de Malaga chez eux.<\/p>\n","protected":false},"excerpt":{"rendered":"<p>Aimant d\u00e9coratif m\u00e9tallique de 8 cm, repr\u00e9sentant un taureau color\u00e9 typique de Malaga. Avec un design vibrant dans des tons de bleu, vert, jaune et rouge, cet aimant \u00e9voque l&rsquo;art de la mosa\u00efque, pr\u00e9sentant une illustration stylis\u00e9e de l&rsquo;animal embl\u00e9matique. Sur un fond blanc cass\u00e9, le mot \u00ab\u00a0M\u00c1LAGA\u00a0\u00bb se d\u00e9tache en lettres frappantes, devenant un souvenir id\u00e9al qui capture l&rsquo;essence culturelle et festive de la r\u00e9gion. Parfait pour ajouter une touche andalouse \u00e0 n&rsquo;importe quel espace.<\/p>\n","protected":false},"featured_media":10004,"template":"","meta":{"_acf_changed":false},"product_brand":[],"product_cat":[697],"product_tag":[530],"class_list":{"0":"post-30883","1":"product","2":"type-product","3":"status-publish","4":"has-post-thumbnail","6":"product_cat-aimants","7":"product_tag-animaux","8":"pa_ciudad-malaga","9":"pa_motivo-taureaux","10":"pa_pais-espana","12":"first","13":"instock","14":"shipping-taxable","15":"product-type-simple"},"acf":[],"_links":{"self":[{"href":"https:\/\/olemosaic.com\/fr\/wp-json\/wp\/v2\/product\/30883","targetHints":{"allow":["GET"]}}],"collection":[{"href":"https:\/\/olemosaic.com\/fr\/wp-json\/wp\/v2\/product"}],"about":[{"href":"https:\/\/olemosaic.com\/fr\/wp-json\/wp\/v2\/types\/product"}],"wp:featuredmedia":[{"embeddable":true,"href":"https:\/\/olemosaic.com\/fr\/wp-json\/wp\/v2\/media\/10004"}],"wp:attachment":[{"href":"https:\/\/olemosaic.com\/fr\/wp-json\/wp\/v2\/media?parent=30883"}],"wp:term":[{"taxonomy":"product_brand","embeddable":true,"href":"https:\/\/olemosaic.com\/fr\/wp-json\/wp\/v2\/product_brand?post=30883"},{"taxonomy":"product_cat","embeddable":true,"href":"https:\/\/olemosaic.com\/fr\/wp-json\/wp\/v2\/product_cat?post=30883"},{"taxonomy":"product_tag","embeddable":true,"href":"https:\/\/olemosaic.com\/fr\/wp-json\/wp\/v2\/product_tag?post=30883"}],"curies":[{"name":"wp","href":"https:\/\/api.w.org\/{rel}","templated":true}]}}