{"id":30882,"date":"2025-02-20T22:32:40","date_gmt":"2025-02-20T22:32:40","guid":{"rendered":"http:\/\/olemosaic.com\/producto\/iman-de-metal-salamandra-mallorca-negro-11-cm\/"},"modified":"2025-07-25T20:11:50","modified_gmt":"2025-07-25T18:11:50","slug":"aimant-metal-salamandre-majorque-noir-11-cm","status":"publish","type":"product","link":"https:\/\/olemosaic.com\/fr\/produit\/aimant-metal-salamandre-majorque-noir-11-cm\/","title":{"rendered":"Aimant en m\u00e9tal. Salamandre. Majorque. Noir. 11 cm."},"content":{"rendered":"<p>Cet aimant d\u00e9coratif en m\u00e9tal au design de salamandre est un v\u00e9ritable hommage \u00e0 la faune vibrante de Majorque. Avec ses 11 cm, il pr\u00e9sente une illustration color\u00e9e en mosa\u00efque sur un \u00e9l\u00e9gant fond noir, cr\u00e9ant un contraste visuel qui attire instantan\u00e9ment l&rsquo;attention. La salamandre, repr\u00e9sent\u00e9e de mani\u00e8re artistique, combine des tons vibrants de bleu, vert, jaune et rouge, symbolisant la richesse naturelle et la biodiversit\u00e9 de l&rsquo;\u00eele, tandis que la partie sup\u00e9rieure de l&rsquo;aimant affiche le mot \u00ab\u00a0MALLORCA\u00a0\u00bb en lettres frappantes qui rehaussent son attrait.<\/p>\n<p>Les d\u00e9tails des reptiles de diverses couleurs, qui accompagnent le motif principal, ajoutent une touche ludique et soulignent la connexion avec l&rsquo;environnement naturel de l&rsquo;\u00eele. Cet aimant n&rsquo;est pas seulement un article d\u00e9coratif, mais il encapsule l&rsquo;essence de Majorque, ce qui en fait un cadeau id\u00e9al pour les touristes \u00e0 la recherche de souvenirs authentiques et significatifs. Chez Ol\u00e9 Mosaic, nous sommes sp\u00e9cialis\u00e9s dans la distribution de souvenirs de Majorque en gros, et cet aimant est un choix parfait pour les boutiques de cadeaux touristiques souhaitant proposer des produits c\u00e9l\u00e9brant la culture et la faune locales. Son authenticit\u00e9 et son design unique le positionnent comme un incontournable parmi les souvenirs de la r\u00e9gion.<\/p>\n","protected":false},"excerpt":{"rendered":"<p>Aimant d\u00e9coratif en m\u00e9tal avec un design de salamandre, repr\u00e9sentant la faune typique de Majorque. D&rsquo;une taille de 11 cm, cet aimant pr\u00e9sente une illustration color\u00e9e en mosa\u00efque, combinant des tons vibrants sur un fond noir qui rehausse son design. Le mot \u00ab\u00a0MALLORCA\u00a0\u00bb appara\u00eet en lettres frappantes, aux c\u00f4t\u00e9s d&rsquo;autres d\u00e9tails de reptiles de diff\u00e9rentes couleurs, ce qui en fait un souvenir id\u00e9al pour \u00e9voquer la beaut\u00e9 de cette \u00eele m\u00e9diterran\u00e9enne.<\/p>\n","protected":false},"featured_media":8799,"template":"","meta":{"_acf_changed":false},"product_brand":[],"product_cat":[697],"product_tag":[530],"class_list":{"0":"post-30882","1":"product","2":"type-product","3":"status-publish","4":"has-post-thumbnail","6":"product_cat-aimants","7":"product_tag-animaux","8":"pa_ciudad-mallorca","9":"pa_motivo-salamandres","10":"pa_pais-espana","12":"first","13":"instock","14":"shipping-taxable","15":"product-type-simple"},"acf":[],"_links":{"self":[{"href":"https:\/\/olemosaic.com\/fr\/wp-json\/wp\/v2\/product\/30882","targetHints":{"allow":["GET"]}}],"collection":[{"href":"https:\/\/olemosaic.com\/fr\/wp-json\/wp\/v2\/product"}],"about":[{"href":"https:\/\/olemosaic.com\/fr\/wp-json\/wp\/v2\/types\/product"}],"wp:featuredmedia":[{"embeddable":true,"href":"https:\/\/olemosaic.com\/fr\/wp-json\/wp\/v2\/media\/8799"}],"wp:attachment":[{"href":"https:\/\/olemosaic.com\/fr\/wp-json\/wp\/v2\/media?parent=30882"}],"wp:term":[{"taxonomy":"product_brand","embeddable":true,"href":"https:\/\/olemosaic.com\/fr\/wp-json\/wp\/v2\/product_brand?post=30882"},{"taxonomy":"product_cat","embeddable":true,"href":"https:\/\/olemosaic.com\/fr\/wp-json\/wp\/v2\/product_cat?post=30882"},{"taxonomy":"product_tag","embeddable":true,"href":"https:\/\/olemosaic.com\/fr\/wp-json\/wp\/v2\/product_tag?post=30882"}],"curies":[{"name":"wp","href":"https:\/\/api.w.org\/{rel}","templated":true}]}}