{"id":30879,"date":"2025-02-20T23:32:40","date_gmt":"2025-02-20T22:32:40","guid":{"rendered":"http:\/\/olemosaic.com\/producto\/iman-de-metal-bailaora-negro-11-cm-5\/"},"modified":"2025-07-25T19:30:59","modified_gmt":"2025-07-25T17:30:59","slug":"aimant-metal-danseuse-flamenco-noir-11-cm-5","status":"publish","type":"product","link":"https:\/\/olemosaic.com\/fr\/produit\/aimant-metal-danseuse-flamenco-noir-11-cm-5\/","title":{"rendered":"Aimant en m\u00e9tal. Danseuse de flamenco. Robe bleue et rouge. Noir. 11 cm."},"content":{"rendered":"<p>Cet aimant m\u00e9tallique d&rsquo;une danseuse de flamenco vibrante est un symbole authentique de la riche culture espagnole, id\u00e9al pour ceux qui recherchent des souvenirs repr\u00e9sentatifs de leur voyage. Avec une silhouette \u00e9l\u00e9gante de 11 cm, il se distingue par son design color\u00e9, qui capture l&rsquo;essence du flamenco \u00e0 travers une robe spectaculaire aux teintes bleues et rouges, parsem\u00e9e de d\u00e9tails \u00e9voquant la tradition et la passion de cette danse classique. La danseuse, avec une coiffure orn\u00e9e d&rsquo;une fleur, exprime une joie contagieuse qui ressort encore plus gr\u00e2ce au fond noir qui encadre la sc\u00e8ne, cr\u00e9ant un contraste visuel captivant.<\/p>\n<p>Cet aimant n&rsquo;est pas seulement un objet d\u00e9coratif, mais un v\u00e9ritable souvenir de la culture flamenca, id\u00e9al pour garder vivants les souvenirs d&rsquo;un voyage en Andalousie. Chez Ol\u00e9 Mosaic, nous nous sp\u00e9cialisons dans la distribution de souvenirs en gros, et cet aimant de danseuse est une option parfaite pour les boutiques de cadeaux touristiques \u00e0 la recherche d&rsquo;articles de qualit\u00e9 et de pertinence culturelle. Il souligne l&rsquo;authenticit\u00e9 de la tradition espagnole et constitue un excellent cadeau pour les touristes souhaitant emporter avec eux un petit morceau de l&rsquo;esprit vibrant et festif de l&rsquo;Espagne. Avec cet aimant, chaque fois que vous le verrez sur votre r\u00e9frig\u00e9rateur, vous revivrez la passion et la beaut\u00e9 du flamenco dans chaque d\u00e9tail.<\/p>\n","protected":false},"excerpt":{"rendered":"<p>Aimant m\u00e9tallique pr\u00e9sentant une repr\u00e9sentation vibrante d&rsquo;une danseuse de flamenco, se distinguant par son design color\u00e9 inspir\u00e9 de la culture espagnole. D&rsquo;une dimension de 11 cm, cet aimant montre une silhouette \u00e9l\u00e9gante de la danseuse v\u00eatue d&rsquo;une robe bleue et rouge, orn\u00e9e d&rsquo;\u00e9clats de couleur sur la jupe et de d\u00e9tails floraux dans la coiffure. Le fond noir rehausse la beaut\u00e9 du motif, en faisant un souvenir parfait pour \u00e9voquer la passion du flamenco.<\/p>\n","protected":false},"featured_media":8285,"template":"","meta":{"_acf_changed":false},"product_brand":[],"product_cat":[697],"product_tag":[],"class_list":{"0":"post-30879","1":"product","2":"type-product","3":"status-publish","4":"has-post-thumbnail","6":"product_cat-aimants","7":"pa_motivo-danseurs","9":"first","10":"instock","11":"shipping-taxable","12":"product-type-simple"},"acf":[],"_links":{"self":[{"href":"https:\/\/olemosaic.com\/fr\/wp-json\/wp\/v2\/product\/30879","targetHints":{"allow":["GET"]}}],"collection":[{"href":"https:\/\/olemosaic.com\/fr\/wp-json\/wp\/v2\/product"}],"about":[{"href":"https:\/\/olemosaic.com\/fr\/wp-json\/wp\/v2\/types\/product"}],"wp:featuredmedia":[{"embeddable":true,"href":"https:\/\/olemosaic.com\/fr\/wp-json\/wp\/v2\/media\/8285"}],"wp:attachment":[{"href":"https:\/\/olemosaic.com\/fr\/wp-json\/wp\/v2\/media?parent=30879"}],"wp:term":[{"taxonomy":"product_brand","embeddable":true,"href":"https:\/\/olemosaic.com\/fr\/wp-json\/wp\/v2\/product_brand?post=30879"},{"taxonomy":"product_cat","embeddable":true,"href":"https:\/\/olemosaic.com\/fr\/wp-json\/wp\/v2\/product_cat?post=30879"},{"taxonomy":"product_tag","embeddable":true,"href":"https:\/\/olemosaic.com\/fr\/wp-json\/wp\/v2\/product_tag?post=30879"}],"curies":[{"name":"wp","href":"https:\/\/api.w.org\/{rel}","templated":true}]}}