{"id":30878,"date":"2025-02-20T23:32:40","date_gmt":"2025-02-20T22:32:40","guid":{"rendered":"http:\/\/olemosaic.com\/producto\/iman-de-metal-panoramica-ronda-8-cm-2\/"},"modified":"2025-07-25T20:03:19","modified_gmt":"2025-07-25T18:03:19","slug":"aimant-metal-panoramique-ronda-8-cm-2","status":"publish","type":"product","link":"https:\/\/olemosaic.com\/fr\/produit\/aimant-metal-panoramique-ronda-8-cm-2\/","title":{"rendered":"Aimant en m\u00e9tal. Panoramique. Ronda. Pont. 8 cm."},"content":{"rendered":"<p>Cet aimant m\u00e9tallique de Ronda est un souvenir attrayant qui capture l&rsquo;essence de cette charmante ville andalouse. D&rsquo;une taille de 8 cm, il pr\u00e9sente une vue panoramique vibrante qui met en valeur l&#8217;embl\u00e9matique Pont Neuf de Ronda, connu pour son architecture impressionnante et son emplacement au-dessus du spectaculaire ravin. L&rsquo;illustration comprend la figure d&rsquo;un majestueux taureau color\u00e9 au centre, symbolisant la riche tradition taurine de la r\u00e9gion, flanqu\u00e9 de deux figures de toreros qui ajoutent une touche artistique pertinente \u00e0 cette pi\u00e8ce. Le fond, con\u00e7u avec une mosa\u00efque captivante de teintes brillantes, souligne non seulement la beaut\u00e9 de Ronda, sino aussi son paysage in\u00e9gal\u00e9, invitant les touristes \u00e0 emporter un morceau de son histoire.<\/p>\n<p>Cet aimant n&rsquo;est pas seulement un objet d\u00e9coratif, mais un hommage \u00e0 l&rsquo;identit\u00e9 culturelle de Ronda, ce qui en fait un souvenir parfait pour ceux qui ont explor\u00e9 ses rues charg\u00e9es d&rsquo;histoire. Son authenticit\u00e9 et son design attrayant le rendent id\u00e9al pour ceux qui recherchent des souvenirs de qualit\u00e9 repr\u00e9sentant le riche h\u00e9ritage de l&rsquo;Andalousie. Chez Ol\u00e9 Mosaic, nous proposons ce souvenir ainsi que d&rsquo;autres qui c\u00e9l\u00e8brent la culture espagnole, en tant que distributeurs de souvenirs uniques pour les boutiques de cadeaux touristiques souhaitant ravir leurs clients avec des produits authentiques et significatifs.<\/p>\n","protected":false},"excerpt":{"rendered":"<p>Aimant m\u00e9tallique avec une vue panoramique color\u00e9e de Ronda, mettant en valeur son pont embl\u00e9matique et le monument au torero. D&rsquo;une taille de 8 cm, cet aimant pr\u00e9sente un design vibrant avec des d\u00e9tails artistiques, tels que des figures de toreros dans les deux coins et un majestueux taureau color\u00e9 au centre. Le fond en mosa\u00efque, aux teintes brillantes, souligne la beaut\u00e9 de ce paysage andalou iconique, en faisant le souvenir parfait de Ronda.<\/p>\n","protected":false},"featured_media":12818,"template":"","meta":{"_acf_changed":false},"product_brand":[],"product_cat":[697],"product_tag":[],"class_list":{"0":"post-30878","1":"product","2":"type-product","3":"status-publish","4":"has-post-thumbnail","6":"product_cat-aimants","7":"pa_ciudad-ronda","8":"pa_motivo-panoramas","9":"pa_pais-espana","11":"first","12":"instock","13":"shipping-taxable","14":"product-type-simple"},"acf":[],"_links":{"self":[{"href":"https:\/\/olemosaic.com\/fr\/wp-json\/wp\/v2\/product\/30878","targetHints":{"allow":["GET"]}}],"collection":[{"href":"https:\/\/olemosaic.com\/fr\/wp-json\/wp\/v2\/product"}],"about":[{"href":"https:\/\/olemosaic.com\/fr\/wp-json\/wp\/v2\/types\/product"}],"wp:featuredmedia":[{"embeddable":true,"href":"https:\/\/olemosaic.com\/fr\/wp-json\/wp\/v2\/media\/12818"}],"wp:attachment":[{"href":"https:\/\/olemosaic.com\/fr\/wp-json\/wp\/v2\/media?parent=30878"}],"wp:term":[{"taxonomy":"product_brand","embeddable":true,"href":"https:\/\/olemosaic.com\/fr\/wp-json\/wp\/v2\/product_brand?post=30878"},{"taxonomy":"product_cat","embeddable":true,"href":"https:\/\/olemosaic.com\/fr\/wp-json\/wp\/v2\/product_cat?post=30878"},{"taxonomy":"product_tag","embeddable":true,"href":"https:\/\/olemosaic.com\/fr\/wp-json\/wp\/v2\/product_tag?post=30878"}],"curies":[{"name":"wp","href":"https:\/\/api.w.org\/{rel}","templated":true}]}}