{"id":30877,"date":"2025-02-20T23:32:39","date_gmt":"2025-02-20T22:32:39","guid":{"rendered":"http:\/\/olemosaic.com\/producto\/iman-de-metal-panoramica-mijas-negro-8-cm\/"},"modified":"2025-07-25T19:38:55","modified_gmt":"2025-07-25T17:38:55","slug":"aimant-metal-panoramique-mijas-noir-8-cm","status":"publish","type":"product","link":"https:\/\/olemosaic.com\/fr\/produit\/aimant-metal-panoramique-mijas-noir-8-cm\/","title":{"rendered":"Aimant en m\u00e9tal. Panoramique. Mijas. Noir. 8 cm."},"content":{"rendered":"<p>Cet aimant m\u00e9tallique de Mijas est un souvenir vibrant et color\u00e9 qui capture l&rsquo;essence de ce charmant village andalou. D&rsquo;une dimension de 8 cm, cet aimant attrayant pr\u00e9sente une vue panoramique de la c\u00e9l\u00e8bre Plaza de Toros, entour\u00e9e des rues blanchies \u00e0 la chaux typiques, orn\u00e9es de palmiers et de d\u00e9tails architecturaux qui caract\u00e9risent l&rsquo;architecture andalouse. Le fond noir fait ressortir la palette de couleurs \u00e9clatantes de la mosa\u00efque, cr\u00e9ant un contraste saisissant qui attire le regard. En haut, l&rsquo;inscription \u00ab MIJAS \u00bb brille en lettres color\u00e9es, ajoutant une touche festive et joyeuse \u00e0 ce souvenir.<\/p>\n<p>Mijas, connu pour ses vues imprenables et son atmosph\u00e8re traditionnelle, se refl\u00e8te dans chaque d\u00e9tail de cet aimant, des textures des fa\u00e7ades aux \u00e9l\u00e9ments d\u00e9coratifs qui \u00e9voquent son riche patrimoine culturel. Cet aimant n&rsquo;est pas seulement un excellent choix pour les collectionneurs, mais il constitue \u00e9galement un cadeau unique qui permet de ramener un morceau de la culture espagnole chez soi. Chez Ol\u00e9 Mosaic, notre mission est d&rsquo;offrir des souvenirs authentiques et repr\u00e9sentatifs qui c\u00e9l\u00e8brent la beaut\u00e9 de lieux comme Mijas. Cet aimant m\u00e9tallique est un choix id\u00e9al pour les boutiques de cadeaux touristiques \u00e0 la recherche de produits distinctifs et de qualit\u00e9 qui captivent les touristes et les invitent \u00e0 se souvenir de leur visite.<\/p>\n","protected":false},"excerpt":{"rendered":"<p>Aimant m\u00e9tallique avec une vue panoramique vibrante de Mijas, pr\u00e9sent\u00e9 dans un design color\u00e9 de 8 cm. Cet aimant attrayant repr\u00e9sente la c\u00e9l\u00e8bre Plaza de Toros et ses rues charmantes, orn\u00e9es de palmiers et de d\u00e9tails architecturaux andalous. Avec un fond noir qui rehausse les couleurs de la mosa\u00efque et l&rsquo;inscription \u00ab MIJAS \u00bb en lettres voyantes, c&rsquo;est un souvenir parfait pour se rappeler la beaut\u00e9 de ce pittoresque village espagnol. Id\u00e9al pour toute collection.<\/p>\n","protected":false},"featured_media":9627,"template":"","meta":{"_acf_changed":false},"product_brand":[],"product_cat":[697],"product_tag":[],"class_list":{"0":"post-30877","1":"product","2":"type-product","3":"status-publish","4":"has-post-thumbnail","6":"product_cat-aimants","7":"pa_ciudad-mijas","8":"pa_motivo-panoramas","9":"pa_pais-espana","11":"first","12":"instock","13":"shipping-taxable","14":"product-type-simple"},"acf":[],"_links":{"self":[{"href":"https:\/\/olemosaic.com\/fr\/wp-json\/wp\/v2\/product\/30877","targetHints":{"allow":["GET"]}}],"collection":[{"href":"https:\/\/olemosaic.com\/fr\/wp-json\/wp\/v2\/product"}],"about":[{"href":"https:\/\/olemosaic.com\/fr\/wp-json\/wp\/v2\/types\/product"}],"wp:featuredmedia":[{"embeddable":true,"href":"https:\/\/olemosaic.com\/fr\/wp-json\/wp\/v2\/media\/9627"}],"wp:attachment":[{"href":"https:\/\/olemosaic.com\/fr\/wp-json\/wp\/v2\/media?parent=30877"}],"wp:term":[{"taxonomy":"product_brand","embeddable":true,"href":"https:\/\/olemosaic.com\/fr\/wp-json\/wp\/v2\/product_brand?post=30877"},{"taxonomy":"product_cat","embeddable":true,"href":"https:\/\/olemosaic.com\/fr\/wp-json\/wp\/v2\/product_cat?post=30877"},{"taxonomy":"product_tag","embeddable":true,"href":"https:\/\/olemosaic.com\/fr\/wp-json\/wp\/v2\/product_tag?post=30877"}],"curies":[{"name":"wp","href":"https:\/\/api.w.org\/{rel}","templated":true}]}}