{"id":30876,"date":"2025-02-20T22:32:39","date_gmt":"2025-02-20T22:32:39","guid":{"rendered":"http:\/\/olemosaic.com\/producto\/iman-de-metal-salamandra-lanzarote-8-cm\/"},"modified":"2025-07-25T18:37:00","modified_gmt":"2025-07-25T16:37:00","slug":"aimant-en-metal-salamandre-lanzarote-8-cm","status":"publish","type":"product","link":"https:\/\/olemosaic.com\/fr\/produit\/aimant-en-metal-salamandre-lanzarote-8-cm\/","title":{"rendered":"Aimant en m\u00e9tal. Salamandre. Lanzarote. 8 cm."},"content":{"rendered":"<p>Cet aimant m\u00e9tallique de Lanzarote est un souvenir vibrant qui capture l&rsquo;essence naturelle des \u00eeles Canaries. D&rsquo;une taille de 8 cm, son design color\u00e9 pr\u00e9sente plusieurs salamandres sur un fond \u00e9voquant les azulejos traditionnels canariens, ce qui en fait un article distinctif et authentique pour les amoureux de la nature et de la culture locale. Chaque salamandre est illustr\u00e9e dans des tons bleus, verts et multicolores, ajoutant une touche de joie et de fra\u00eecheur \u00e0 la pi\u00e8ce. Les mosa\u00efques complexes qui composent le design ne refl\u00e8tent pas seulement la riche faune de Lanzarote, mais c\u00e9l\u00e8brent \u00e9galement l&rsquo;h\u00e9ritage artistique de la r\u00e9gion, connue pour son art et sa connexion avec la nature.<\/p>\n<p>Cet aimant n&rsquo;est pas seulement une excellente option pour orner les surfaces m\u00e9talliques \u00e0 la maison, mais il fonctionne \u00e9galement comme un magnifique rappel de la beaut\u00e9 naturelle de Lanzarote, id\u00e9al pour les touristes souhaitant emporter un morceau de l&rsquo;\u00eele. Chez Ol\u00e9 Mosaic, nous nous sp\u00e9cialisons dans la distribution de souvenirs en gros, et cet aimant de salamandre est un choix parfait pour les boutiques de cadeaux touristiques souhaitant offrir \u00e0 leurs clients des souvenirs repr\u00e9sentatifs des Canaries. Ce souvenir se distingue par son authenticit\u00e9 et sa valeur culturelle, devenant un ajout essentiel \u00e0 toute collection de souvenirs de Lanzarote.<\/p>\n","protected":false},"excerpt":{"rendered":"<p>Aimant m\u00e9tallique de 8 cm d\u00e9cor\u00e9 d&rsquo;une illustration color\u00e9e de salamandres, inspir\u00e9 de la faune de Lanzarote. Cet aimant attrayant pr\u00e9sente un design vibrant avec des d\u00e9tails de mosa\u00efque dans des tons bleus, verts et multicolores repr\u00e9sentant plusieurs salamandres sur un fond rappelant les carreaux typiques de la r\u00e9gion. Parfait pour se souvenir de la beaut\u00e9 naturelle des \u00eeles Canaries et orner n&rsquo;importe quelle surface m\u00e9tallique.<\/p>\n","protected":false},"featured_media":13528,"template":"","meta":{"_acf_changed":false},"product_brand":[],"product_cat":[697],"product_tag":[530],"class_list":{"0":"post-30876","1":"product","2":"type-product","3":"status-publish","4":"has-post-thumbnail","6":"product_cat-aimants","7":"product_tag-animaux","8":"pa_ciudad-lanzarote","9":"pa_motivo-salamandres","10":"pa_pais-espana","12":"first","13":"instock","14":"shipping-taxable","15":"product-type-simple"},"acf":[],"_links":{"self":[{"href":"https:\/\/olemosaic.com\/fr\/wp-json\/wp\/v2\/product\/30876","targetHints":{"allow":["GET"]}}],"collection":[{"href":"https:\/\/olemosaic.com\/fr\/wp-json\/wp\/v2\/product"}],"about":[{"href":"https:\/\/olemosaic.com\/fr\/wp-json\/wp\/v2\/types\/product"}],"wp:featuredmedia":[{"embeddable":true,"href":"https:\/\/olemosaic.com\/fr\/wp-json\/wp\/v2\/media\/13528"}],"wp:attachment":[{"href":"https:\/\/olemosaic.com\/fr\/wp-json\/wp\/v2\/media?parent=30876"}],"wp:term":[{"taxonomy":"product_brand","embeddable":true,"href":"https:\/\/olemosaic.com\/fr\/wp-json\/wp\/v2\/product_brand?post=30876"},{"taxonomy":"product_cat","embeddable":true,"href":"https:\/\/olemosaic.com\/fr\/wp-json\/wp\/v2\/product_cat?post=30876"},{"taxonomy":"product_tag","embeddable":true,"href":"https:\/\/olemosaic.com\/fr\/wp-json\/wp\/v2\/product_tag?post=30876"}],"curies":[{"name":"wp","href":"https:\/\/api.w.org\/{rel}","templated":true}]}}