{"id":30875,"date":"2025-02-20T23:32:39","date_gmt":"2025-02-20T22:32:39","guid":{"rendered":"http:\/\/olemosaic.com\/producto\/iman-de-metal-sagrada-familia-barcelona-8-cm-21\/"},"modified":"2025-07-25T18:59:55","modified_gmt":"2025-07-25T16:59:55","slug":"aimant-en-metal-basilique-sagrada-familia-gaudi-barcelone-8-cm-21","status":"publish","type":"product","link":"https:\/\/olemosaic.com\/fr\/produit\/aimant-en-metal-basilique-sagrada-familia-gaudi-barcelone-8-cm-21\/","title":{"rendered":"Aimant en m\u00e9tal. Basilique Sagrada Familia. Gaud\u00ed. Barcelone. 8 cm."},"content":{"rendered":"<p>Cet aimant m\u00e9tallique de la Sagrada Familia est un souvenir qui capture l&rsquo;essence culturelle et architecturale de Barcelone avec un design vibrant et accrocheur. D&rsquo;une taille de 8 cm, cet aimant pr\u00e9sente une illustration color\u00e9e montrant les tours embl\u00e9matiques de la c\u00e9l\u00e8bre basilique, se d\u00e9tachant dans des tons rouges, jaunes et bleus. L&rsquo;image, de style mosa\u00efque, souligne la singularit\u00e9 du design d&rsquo;Antoni Gaud\u00ed, enveloppant le spectateur dans la magie de ce joyau patrimonial. La phrase \u00ab\u00a0I \u2665 Barcelone\u00a0\u00bb compl\u00e8te l&rsquo;illustration, faisant de cet aimant un souvenir parfait pour les visiteurs souhaitant emporter un morceau de cette ville magnifique.<\/p>\n<p>La Sagrada Familia n&rsquo;est pas seulement un chef-d&rsquo;\u0153uvre architectural, mais aussi un symbole de l&rsquo;identit\u00e9 catalane et une r\u00e9f\u00e9rence du modernisme. Cet aimant est une excellente repr\u00e9sentation de l&rsquo;art et de la culture de Barcelone, id\u00e9al pour ceux qui recherchent des souvenirs authentiques et de qualit\u00e9. Chez Ol\u00e9 Mosaic, nous nous consacrons \u00e0 la distribution de souvenirs en gros, proposant des produits qui c\u00e9l\u00e8brent la richesse culturelle de l&rsquo;Espagne. Cet aimant de la Sagrada Familia est, sans aucun doute, une excellente option pour les boutiques de cadeaux touristiques qui souhaitent offrir des souvenirs repr\u00e9sentatifs et originaux \u00e0 leurs clients. En tant que grossistes en souvenirs, nous garantissons toujours l&rsquo;authenticit\u00e9 et le savoir-faire de chaque pi\u00e8ce.<\/p>\n","protected":false},"excerpt":{"rendered":"<p>Aimant m\u00e9tallique de la Sagrada Familia, l&#8217;embl\u00e9matique monument barcelonais, de 8 cm. Cet aimant pr\u00e9sente un design color\u00e9 qui capture l&rsquo;essence de la c\u00e9l\u00e8bre basilique \u00e0 travers une mosa\u00efque vibrante. Avec des d\u00e9tails aux tons rouges, jaunes et bleus, l&rsquo;image montre les tours embl\u00e9matiques de la Sagrada Familia, accompagn\u00e9es du texte \u00ab\u00a0I \u2665 Barcelone\u00a0\u00bb. Parfait comme souvenir visuel de ce joyau architectural.<\/p>\n","protected":false},"featured_media":11363,"template":"","meta":{"_acf_changed":false},"product_brand":[],"product_cat":[697],"product_tag":[],"class_list":{"0":"post-30875","1":"product","2":"type-product","3":"status-publish","4":"has-post-thumbnail","6":"product_cat-aimants","7":"pa_ciudad-barcelona","8":"pa_motivo-sagrada-familia","9":"pa_pais-espana","11":"first","12":"instock","13":"shipping-taxable","14":"product-type-simple"},"acf":[],"_links":{"self":[{"href":"https:\/\/olemosaic.com\/fr\/wp-json\/wp\/v2\/product\/30875","targetHints":{"allow":["GET"]}}],"collection":[{"href":"https:\/\/olemosaic.com\/fr\/wp-json\/wp\/v2\/product"}],"about":[{"href":"https:\/\/olemosaic.com\/fr\/wp-json\/wp\/v2\/types\/product"}],"wp:featuredmedia":[{"embeddable":true,"href":"https:\/\/olemosaic.com\/fr\/wp-json\/wp\/v2\/media\/11363"}],"wp:attachment":[{"href":"https:\/\/olemosaic.com\/fr\/wp-json\/wp\/v2\/media?parent=30875"}],"wp:term":[{"taxonomy":"product_brand","embeddable":true,"href":"https:\/\/olemosaic.com\/fr\/wp-json\/wp\/v2\/product_brand?post=30875"},{"taxonomy":"product_cat","embeddable":true,"href":"https:\/\/olemosaic.com\/fr\/wp-json\/wp\/v2\/product_cat?post=30875"},{"taxonomy":"product_tag","embeddable":true,"href":"https:\/\/olemosaic.com\/fr\/wp-json\/wp\/v2\/product_tag?post=30875"}],"curies":[{"name":"wp","href":"https:\/\/api.w.org\/{rel}","templated":true}]}}