{"id":30874,"date":"2025-02-20T23:32:39","date_gmt":"2025-02-20T22:32:39","guid":{"rendered":"http:\/\/olemosaic.com\/producto\/iman-de-metal-sagrada-familia-barcelona-8-cm-20\/"},"modified":"2025-07-25T19:14:39","modified_gmt":"2025-07-25T17:14:39","slug":"aimant-en-metal-sagrada-familia-barcelone-8-cm-20","status":"publish","type":"product","link":"https:\/\/olemosaic.com\/fr\/produit\/aimant-en-metal-sagrada-familia-barcelone-8-cm-20\/","title":{"rendered":"Aimant en m\u00e9tal. Sagrada Familia. Architecture. Barcelone. 8 cm."},"content":{"rendered":"<p>Cet aimant m\u00e9tallique de la Sagrada Familia est un souvenir vibrant et color\u00e9 qui encapsule la grandeur architecturale de Barcelone. D&rsquo;une taille de 8 cm, son design, de style mosa\u00efque, refl\u00e8te l&rsquo;essence unique de la c\u00e9l\u00e8bre basilique d&rsquo;Antoni Gaud\u00ed, v\u00e9ritable joyau du modernisme catalan. L&rsquo;aimant se distingue par ses tons brillants d&rsquo;orange, de jaune et de bleu, qui s&rsquo;entrelacent dans un motif frappant rappelant la c\u00e9l\u00e8bre \u0153uvre, transportant le spectateur dans un voyage visuel \u00e0 travers l&rsquo;histoire et la culture de la ville.<\/p>\n<p>Le nom \u00ab\u00a0Barcelone\u00a0\u00bb est \u00e9l\u00e9gamment plac\u00e9 sur la partie sup\u00e9rieure, ajoutant un attrait suppl\u00e9mentaire \u00e0 l&rsquo;article. Cet aimant n&rsquo;est pas seulement un excellent compl\u00e9ment pour n&rsquo;importe quel r\u00e9frig\u00e9rateur, mais il sert \u00e9galement de rappel permanent d&rsquo;une visite dans l&rsquo;une des villes les plus embl\u00e9matiques d&rsquo;Espagne, c\u00e9l\u00e8bre pour son art, son histoire et sa vie culturelle vibrante.<\/p>\n<p>Chez Ol\u00e9 Mosaic, notre mission est d&rsquo;offrir des souvenirs authentiques et repr\u00e9sentatifs, et cet aimant de la Sagrada Familia est une excellente option pour les touristes qui cherchent \u00e0 emporter un morceau de Barcelone. Parfait pour les boutiques de cadeaux touristiques, cet aimant est un souvenir attrayant id\u00e9al pour se souvenir de la majest\u00e9 de l&rsquo;architecture catalane et s&rsquo;aligne parfaitement avec notre offre de souvenirs en gros.<\/p>\n","protected":false},"excerpt":{"rendered":"<p>Aimant m\u00e9tallique de 8 cm avec une repr\u00e9sentation vibrante de la Sagrada Familia, embl\u00e8me architectural de Barcelone. Cet aimant color\u00e9 se distingue par son design de style mosa\u00efque, qui capture l&rsquo;essence unique de la c\u00e9l\u00e8bre basilique d&rsquo;Antoni Gaud\u00ed. Les d\u00e9tails aux tons brillants d&rsquo;orange, de jaune et de bleu, ainsi que le texte \u00ab Barcelone \u00bb sur la partie sup\u00e9rieure, en font un souvenir attrayant qui c\u00e9l\u00e8bre la culture et l&rsquo;histoire de la ville. Parfait pour orner votre r\u00e9frig\u00e9rateur ou comme cadeau.<\/p>\n","protected":false},"featured_media":11378,"template":"","meta":{"_acf_changed":false},"product_brand":[],"product_cat":[697],"product_tag":[],"class_list":{"0":"post-30874","1":"product","2":"type-product","3":"status-publish","4":"has-post-thumbnail","6":"product_cat-aimants","7":"pa_ciudad-barcelona","8":"pa_motivo-sagrada-familia","9":"pa_pais-espana","11":"first","12":"instock","13":"shipping-taxable","14":"product-type-simple"},"acf":[],"_links":{"self":[{"href":"https:\/\/olemosaic.com\/fr\/wp-json\/wp\/v2\/product\/30874","targetHints":{"allow":["GET"]}}],"collection":[{"href":"https:\/\/olemosaic.com\/fr\/wp-json\/wp\/v2\/product"}],"about":[{"href":"https:\/\/olemosaic.com\/fr\/wp-json\/wp\/v2\/types\/product"}],"wp:featuredmedia":[{"embeddable":true,"href":"https:\/\/olemosaic.com\/fr\/wp-json\/wp\/v2\/media\/11378"}],"wp:attachment":[{"href":"https:\/\/olemosaic.com\/fr\/wp-json\/wp\/v2\/media?parent=30874"}],"wp:term":[{"taxonomy":"product_brand","embeddable":true,"href":"https:\/\/olemosaic.com\/fr\/wp-json\/wp\/v2\/product_brand?post=30874"},{"taxonomy":"product_cat","embeddable":true,"href":"https:\/\/olemosaic.com\/fr\/wp-json\/wp\/v2\/product_cat?post=30874"},{"taxonomy":"product_tag","embeddable":true,"href":"https:\/\/olemosaic.com\/fr\/wp-json\/wp\/v2\/product_tag?post=30874"}],"curies":[{"name":"wp","href":"https:\/\/api.w.org\/{rel}","templated":true}]}}