{"id":30844,"date":"2025-02-20T23:32:38","date_gmt":"2025-02-20T22:32:38","guid":{"rendered":"http:\/\/olemosaic.com\/producto\/iman-de-metal-panoramica-barcelona-negro-8-cm-4\/"},"modified":"2025-07-25T19:56:16","modified_gmt":"2025-07-25T17:56:16","slug":"aimant-metal-panoramique-barcelone-noir-8-cm-4","status":"publish","type":"product","link":"https:\/\/olemosaic.com\/fr\/produit\/aimant-metal-panoramique-barcelone-noir-8-cm-4\/","title":{"rendered":"Aimant en m\u00e9tal. Panoramique. I \u2665 Barcelona. Barcelone. Noir. 8 cm."},"content":{"rendered":"<p>Cet aimant m\u00e9tallique de Barcelone est un souvenir vibrant et authentique, id\u00e9al pour les amoureux de la capitale catalane. Avec des dimensions de 8 cm, cet article attrayant pr\u00e9sente un panorama color\u00e9 qui met en avant les ic\u00f4nes les plus embl\u00e9matiques de la ville, telles que l&rsquo;impressionnante Sagrada Familia et le fascinant Parc G\u00fcell, repr\u00e9sent\u00e9s dans un style artistique \u00e9voquant le c\u00e9l\u00e8bre modernisme d&rsquo;Antoni Gaud\u00ed. Le design, encadr\u00e9 sur un fond noir, est compl\u00e9t\u00e9 par la phrase \u00e9nergique \u00ab\u00a0I \u2665 Barcelona\u00a0\u00bb en lettres brillantes, ce qui en fait un article tr\u00e8s frappant et plein de sens.<\/p>\n<p>La repr\u00e9sentation color\u00e9e de l&rsquo;architecture moderniste de Barcelone souligne le riche h\u00e9ritage culturel de la r\u00e9gion, faisant de cet aimant non seulement un objet d\u00e9coratif, mais aussi une pi\u00e8ce qui connecte \u00e9motionnellement ceux qui ont appr\u00e9ci\u00e9 la beaut\u00e9 de cette ville. En choisissant ce produit, vous n&rsquo;acqu\u00e9rez pas seulement un souvenir de Barcelone, mais un symbole de l&rsquo;art et de l&rsquo;histoire qui abondent dans ses rues.<\/p>\n<p>Chez Ol\u00e9 Mosaic, nous sommes sp\u00e9cialistes de la distribution de souvenirs en gros et cet aimant est une excellente option pour les boutiques de cadeaux touristiques cherchant \u00e0 proposer des produits authentiques et repr\u00e9sentatifs de la culture espagnole. Avec cet aimant de Barcelone, vos clients emporteront un morceau de la magie de la ville, ce qui en fait une excellente id\u00e9e pour se souvenir de leur visite.<\/p>\n","protected":false},"excerpt":{"rendered":"<p>Aimant m\u00e9tallique avec un panorama color\u00e9 de Barcelone, de 8 cm. Cet aimant attrayant pr\u00e9sente un design artistique avec les monuments les plus embl\u00e9matiques de la ville, tels que la Sagrada Familia et le Parc G\u00fcell, tous repr\u00e9sent\u00e9s avec des couleurs vibrantes \u00e9voquant le style moderniste de Gaud\u00ed. Sur un fond noir, la phrase \u00ab\u00a0I \u2665 Barcelona\u00a0\u00bb se d\u00e9tache en lettres brillantes, faisant de cet aimant le souvenir parfait pour les amoureux de la capitale catalane.<\/p>\n","protected":false},"featured_media":11408,"template":"","meta":{"_acf_changed":false},"product_brand":[],"product_cat":[697],"product_tag":[],"class_list":{"0":"post-30844","1":"product","2":"type-product","3":"status-publish","4":"has-post-thumbnail","6":"product_cat-aimants","7":"pa_ciudad-barcelona","8":"pa_motivo-panoramas","9":"pa_pais-espana","11":"first","12":"instock","13":"shipping-taxable","14":"product-type-simple"},"acf":[],"_links":{"self":[{"href":"https:\/\/olemosaic.com\/fr\/wp-json\/wp\/v2\/product\/30844","targetHints":{"allow":["GET"]}}],"collection":[{"href":"https:\/\/olemosaic.com\/fr\/wp-json\/wp\/v2\/product"}],"about":[{"href":"https:\/\/olemosaic.com\/fr\/wp-json\/wp\/v2\/types\/product"}],"wp:featuredmedia":[{"embeddable":true,"href":"https:\/\/olemosaic.com\/fr\/wp-json\/wp\/v2\/media\/11408"}],"wp:attachment":[{"href":"https:\/\/olemosaic.com\/fr\/wp-json\/wp\/v2\/media?parent=30844"}],"wp:term":[{"taxonomy":"product_brand","embeddable":true,"href":"https:\/\/olemosaic.com\/fr\/wp-json\/wp\/v2\/product_brand?post=30844"},{"taxonomy":"product_cat","embeddable":true,"href":"https:\/\/olemosaic.com\/fr\/wp-json\/wp\/v2\/product_cat?post=30844"},{"taxonomy":"product_tag","embeddable":true,"href":"https:\/\/olemosaic.com\/fr\/wp-json\/wp\/v2\/product_tag?post=30844"}],"curies":[{"name":"wp","href":"https:\/\/api.w.org\/{rel}","templated":true}]}}