{"id":30843,"date":"2025-02-20T22:32:38","date_gmt":"2025-02-20T22:32:38","guid":{"rendered":"http:\/\/olemosaic.com\/producto\/iman-de-metal-toro-alicante-8-cm\/"},"modified":"2025-07-25T19:27:41","modified_gmt":"2025-07-25T17:27:41","slug":"aimant-metal-taureau-alicante-8-cm","status":"publish","type":"product","link":"https:\/\/olemosaic.com\/fr\/produit\/aimant-metal-taureau-alicante-8-cm\/","title":{"rendered":"Aimant en m\u00e9tal. Taureau. Alicante. 8 cm."},"content":{"rendered":"<p>Cet aimant m\u00e9tallique de 8 cm, repr\u00e9sentant un taureau vibrant, est un v\u00e9ritable symbole de la culture espagnole, particuli\u00e8rement associ\u00e9 \u00e0 la ville d&rsquo;Alicante. Son design color\u00e9 en mosa\u00efque se distingue par sa modernit\u00e9, capturant l&rsquo;essence de l&rsquo;art contemporain tout en c\u00e9l\u00e9brant le riche h\u00e9ritage culturel de l&rsquo;Espagne. La figure du taureau, ic\u00f4ne de force et de tradition, est pr\u00e9sent\u00e9e dans une palette de couleurs \u00e9clatantes comprenant des rouges, des bleus, des verts et des jaunes, offrant une repr\u00e9sentation visuelle captivante qui attirera l&rsquo;attention de tout amateur de souvenirs.<\/p>\n<p>Le fond bleu clair compl\u00e8te parfaitement le taureau, cr\u00e9ant un contraste attrayant qui met en valeur tant le design de l&rsquo;animal que le mot \u00ab\u00a0ALICANTE\u00a0\u00bb, imprim\u00e9 en grandes lettres frappantes sur la partie sup\u00e9rieure de l&rsquo;aimant. Ce d\u00e9tail apporte non seulement une touche d&rsquo;authenticit\u00e9, mais renforce \u00e9galement le lien culturel du souvenir avec la r\u00e9gion, invitant les touristes \u00e0 ramener un morceau d&rsquo;Alicante chez eux.<\/p>\n<p>Chez Ol\u00e9 Mosaic, nous sommes distributeurs de souvenirs authentiques et cet aimant est une excellente option pour les boutiques de cadeaux touristiques \u00e0 la recherche de produits repr\u00e9sentatifs et de qualit\u00e9. Sa pertinence culturelle et esth\u00e9tique en fait un souvenir id\u00e9al pour ceux qui souhaitent se rem\u00e9morer un voyage sp\u00e9cial en Espagne. Parfait comme cadeau ou souvenir, cet aimant capture l&rsquo;essence d&rsquo;Alicante et constitue une pi\u00e8ce indispensable pour toute collection de souvenirs.<\/p>\n","protected":false},"excerpt":{"rendered":"<p>Aimant m\u00e9tallique de 8 cm repr\u00e9sentant un taureau vibrant, symbole embl\u00e9matique de la culture espagnole, particuli\u00e8rement associ\u00e9 \u00e0 Alicante. Cet aimant se distingue par son design color\u00e9 en mosa\u00efque, qui capture l&rsquo;essence de l&rsquo;art contemporain. La figure du taureau se dresse sur un fond bleu clair, avec le mot \u00ab\u00a0ALICANTE\u00a0\u00bb imprim\u00e9 en grandes lettres frappantes. Un souvenir id\u00e9al pour se souvenir de l&rsquo;h\u00e9ritage culturel de la r\u00e9gion.<\/p>\n","protected":false},"featured_media":10021,"template":"","meta":{"_acf_changed":false},"product_brand":[],"product_cat":[697],"product_tag":[530],"class_list":{"0":"post-30843","1":"product","2":"type-product","3":"status-publish","4":"has-post-thumbnail","6":"product_cat-aimants","7":"product_tag-animaux","8":"pa_ciudad-alicante","9":"pa_motivo-taureaux","10":"pa_pais-espana","12":"first","13":"instock","14":"shipping-taxable","15":"product-type-simple"},"acf":[],"_links":{"self":[{"href":"https:\/\/olemosaic.com\/fr\/wp-json\/wp\/v2\/product\/30843","targetHints":{"allow":["GET"]}}],"collection":[{"href":"https:\/\/olemosaic.com\/fr\/wp-json\/wp\/v2\/product"}],"about":[{"href":"https:\/\/olemosaic.com\/fr\/wp-json\/wp\/v2\/types\/product"}],"wp:featuredmedia":[{"embeddable":true,"href":"https:\/\/olemosaic.com\/fr\/wp-json\/wp\/v2\/media\/10021"}],"wp:attachment":[{"href":"https:\/\/olemosaic.com\/fr\/wp-json\/wp\/v2\/media?parent=30843"}],"wp:term":[{"taxonomy":"product_brand","embeddable":true,"href":"https:\/\/olemosaic.com\/fr\/wp-json\/wp\/v2\/product_brand?post=30843"},{"taxonomy":"product_cat","embeddable":true,"href":"https:\/\/olemosaic.com\/fr\/wp-json\/wp\/v2\/product_cat?post=30843"},{"taxonomy":"product_tag","embeddable":true,"href":"https:\/\/olemosaic.com\/fr\/wp-json\/wp\/v2\/product_tag?post=30843"}],"curies":[{"name":"wp","href":"https:\/\/api.w.org\/{rel}","templated":true}]}}