{"id":30834,"date":"2025-02-20T22:32:37","date_gmt":"2025-02-20T22:32:37","guid":{"rendered":"http:\/\/olemosaic.com\/producto\/iman-de-metal-gato-fuerteventura-negro-8-cm\/"},"modified":"2025-07-25T20:35:30","modified_gmt":"2025-07-25T18:35:30","slug":"aimant-en-metal-chat-fuerteventura-noir-8-cm","status":"publish","type":"product","link":"https:\/\/olemosaic.com\/fr\/produit\/aimant-en-metal-chat-fuerteventura-noir-8-cm\/","title":{"rendered":"Aimant en m\u00e9tal. Chat. Fuerteventura. Noir. 8 cm."},"content":{"rendered":"<p>Cet aimant m\u00e9tallique de 8 cm, inspir\u00e9 d&rsquo;un chat color\u00e9, est un v\u00e9ritable hommage \u00e0 la culture vibrante de Fuerteventura. Avec un design frappant qui se distingue par ses formes g\u00e9om\u00e9triques, l&rsquo;aimant pr\u00e9sente une palette de couleurs vives \u2014 bleu, rouge, vert et jaune \u2014 rehauss\u00e9es sur un fond noir qui accentue sa luminosit\u00e9. Le chat, une repr\u00e9sentation iconique de l&rsquo;\u00eele, est devenu un symbole de connexion avec la nature et la vie locale, gr\u00e2ce \u00e0 son style artistique unique qui \u00e9voque la chaleur et l&rsquo;ambiance joyeuse de Fuerteventura.<\/p>\n<p>Ce souvenir attrayant est parfait pour ceux qui recherchent une touche de couleur et d&rsquo;originalit\u00e9 pour leurs surfaces m\u00e9talliques. En plus d&rsquo;\u00eatre fonctionnel, l&rsquo;aimant capture l&rsquo;essence cr\u00e9ative de l&rsquo;\u00eele, devenant un souvenir culturel significatif. Sa pr\u00e9sence dans n&rsquo;importe quel espace ajoute non seulement un \u00e9l\u00e9ment d\u00e9coratif, mais \u00e9voque \u00e9galement la beaut\u00e9 et la diversit\u00e9 des paysages canariens.<\/p>\n<p>Chez Ol\u00e9 Mosaic, notre engagement est d&rsquo;offrir des souvenirs authentiques et de qualit\u00e9, comme cet aimant de chat de Fuerteventura, id\u00e9al pour les boutiques de cadeaux touristiques qui souhaitent offrir \u00e0 leurs clients une exp\u00e9rience connect\u00e9e \u00e0 l&rsquo;art et \u00e0 la culture locale. Avec notre distribution en gros, nous assurons une gamme de produits qui refl\u00e8tent la richesse culturelle de l&rsquo;Espagne et du Portugal. Cet aimant est sans aucun doute une excellente option pour ceux qui souhaitent emporter un morceau de l&rsquo;\u00eele avec eux.<\/p>\n","protected":false},"excerpt":{"rendered":"<p>Aimant en m\u00e9tal de 8 cm, inspir\u00e9 d&rsquo;un chat color\u00e9, une ic\u00f4ne de Fuerteventura. Le design se distingue par ses formes g\u00e9om\u00e9triques dans des tons vibrants de bleu, rouge, vert et jaune, sur un fond noir qui rehausse sa luminosit\u00e9. Cet aimant attrayant est un souvenir parfait qui capture l&rsquo;essence artistique de l&rsquo;\u00eele, id\u00e9al pour ajouter une touche de couleur \u00e0 n&rsquo;importe quelle surface m\u00e9tallique.<\/p>\n","protected":false},"featured_media":12844,"template":"","meta":{"_acf_changed":false},"product_brand":[],"product_cat":[697],"product_tag":[530],"class_list":{"0":"post-30834","1":"product","2":"type-product","3":"status-publish","4":"has-post-thumbnail","6":"product_cat-aimants","7":"product_tag-animaux","8":"pa_ciudad-fuerteventura","9":"pa_motivo-chats","10":"pa_pais-espana","12":"first","13":"instock","14":"shipping-taxable","15":"product-type-simple"},"acf":[],"_links":{"self":[{"href":"https:\/\/olemosaic.com\/fr\/wp-json\/wp\/v2\/product\/30834","targetHints":{"allow":["GET"]}}],"collection":[{"href":"https:\/\/olemosaic.com\/fr\/wp-json\/wp\/v2\/product"}],"about":[{"href":"https:\/\/olemosaic.com\/fr\/wp-json\/wp\/v2\/types\/product"}],"wp:featuredmedia":[{"embeddable":true,"href":"https:\/\/olemosaic.com\/fr\/wp-json\/wp\/v2\/media\/12844"}],"wp:attachment":[{"href":"https:\/\/olemosaic.com\/fr\/wp-json\/wp\/v2\/media?parent=30834"}],"wp:term":[{"taxonomy":"product_brand","embeddable":true,"href":"https:\/\/olemosaic.com\/fr\/wp-json\/wp\/v2\/product_brand?post=30834"},{"taxonomy":"product_cat","embeddable":true,"href":"https:\/\/olemosaic.com\/fr\/wp-json\/wp\/v2\/product_cat?post=30834"},{"taxonomy":"product_tag","embeddable":true,"href":"https:\/\/olemosaic.com\/fr\/wp-json\/wp\/v2\/product_tag?post=30834"}],"curies":[{"name":"wp","href":"https:\/\/api.w.org\/{rel}","templated":true}]}}