{"id":30832,"date":"2025-02-20T22:32:37","date_gmt":"2025-02-20T22:32:37","guid":{"rendered":"http:\/\/olemosaic.com\/producto\/iman-de-metal-salamandra-valencia-negro-8-cm\/"},"modified":"2025-07-25T20:41:22","modified_gmt":"2025-07-25T18:41:22","slug":"aimant-en-metal-salamandre-valence-noir-8-cm","status":"publish","type":"product","link":"https:\/\/olemosaic.com\/fr\/produit\/aimant-en-metal-salamandre-valence-noir-8-cm\/","title":{"rendered":"Aimant en m\u00e9tal. Salamandre. Valence. Noir. 8 cm."},"content":{"rendered":"<p>Cet aimant m\u00e9tallique de 8 cm, inspir\u00e9 de l&rsquo;iconique salamandre de Valence, est le souvenir parfait pour ceux qui souhaitent emporter chez eux un petit morceau de la vibrante culture valencienne. Son design captivant pr\u00e9sente une mosa\u00efque dans les tons bleus, verts, oranges et rouges sur un fond noir, qui souligne la singularit\u00e9 de la salamandre, un symbole \u00e9minent de l&rsquo;architecture de la ville, notamment du c\u00e9l\u00e8bre architecte Antoni Gaud\u00ed. La repr\u00e9sentation artistique de la salamandre est compl\u00e9t\u00e9e par un petit d\u00e9tail d&rsquo;une autre esp\u00e8ce, ce qui ajoute une touche de diversit\u00e9 et de charme \u00e0 la pi\u00e8ce.<\/p>\n<p>L&rsquo;aimant n&rsquo;est pas seulement esth\u00e9tiquement attrayant, mais sa finition m\u00e9tallique garantit durabilit\u00e9 et r\u00e9sistance, ce qui en fait un souvenir \u00e0 la fois fonctionnel et d\u00e9coratif. Cet aimant repr\u00e9sente la fusion de la modernit\u00e9 et de la tradition de Valence, rappelant aux touristes ne pas seulement la beaut\u00e9 de son architecture, mais aussi la richesse culturelle que la ville offre.<\/p>\n<p>Chez Ol\u00e9 Mosaic, nous sommes fiers d&rsquo;\u00eatre des distributeurs de souvenirs authentiques et de qualit\u00e9, id\u00e9aux pour les boutiques de cadeaux touristiques. Cet aimant de salamandre est une excellente option pour ceux qui recherchent des souvenirs de Valence repr\u00e9sentatifs et qui mettent en valeur la culture locale, assurant aux acheteurs un souvenir sp\u00e9cial de leur visite.<\/p>\n","protected":false},"excerpt":{"rendered":"<p>Aimant m\u00e9tallique de 8 cm, inspir\u00e9 de l&#8217;embl\u00e9matique salamandre de Valence. D\u00e9cor\u00e9 d&rsquo;un design de mosa\u00efque vibrant dans les tons bleus, verts, oranges et rouges sur fond noir, cet aimant offre une interpr\u00e9tation artistique de la salamandre, symbole de l&rsquo;architecture valencienne, avec un petit d\u00e9tail d&rsquo;une autre esp\u00e8ce. Parfait pour se souvenir de la beaut\u00e9 et de la culture de Valence, ce souvenir allie esth\u00e9tique et fonctionnalit\u00e9.<\/p>\n","protected":false},"featured_media":12887,"template":"","meta":{"_acf_changed":false},"product_brand":[],"product_cat":[697],"product_tag":[530],"class_list":{"0":"post-30832","1":"product","2":"type-product","3":"status-publish","4":"has-post-thumbnail","6":"product_cat-aimants","7":"product_tag-animaux","8":"pa_ciudad-valencia","9":"pa_motivo-salamandres","10":"pa_pais-espana","12":"first","13":"instock","14":"shipping-taxable","15":"product-type-simple"},"acf":[],"_links":{"self":[{"href":"https:\/\/olemosaic.com\/fr\/wp-json\/wp\/v2\/product\/30832","targetHints":{"allow":["GET"]}}],"collection":[{"href":"https:\/\/olemosaic.com\/fr\/wp-json\/wp\/v2\/product"}],"about":[{"href":"https:\/\/olemosaic.com\/fr\/wp-json\/wp\/v2\/types\/product"}],"wp:featuredmedia":[{"embeddable":true,"href":"https:\/\/olemosaic.com\/fr\/wp-json\/wp\/v2\/media\/12887"}],"wp:attachment":[{"href":"https:\/\/olemosaic.com\/fr\/wp-json\/wp\/v2\/media?parent=30832"}],"wp:term":[{"taxonomy":"product_brand","embeddable":true,"href":"https:\/\/olemosaic.com\/fr\/wp-json\/wp\/v2\/product_brand?post=30832"},{"taxonomy":"product_cat","embeddable":true,"href":"https:\/\/olemosaic.com\/fr\/wp-json\/wp\/v2\/product_cat?post=30832"},{"taxonomy":"product_tag","embeddable":true,"href":"https:\/\/olemosaic.com\/fr\/wp-json\/wp\/v2\/product_tag?post=30832"}],"curies":[{"name":"wp","href":"https:\/\/api.w.org\/{rel}","templated":true}]}}