{"id":30830,"date":"2025-02-20T22:32:37","date_gmt":"2025-02-20T22:32:37","guid":{"rendered":"http:\/\/olemosaic.com\/producto\/iman-de-metal-onyar-girona-plata-8-cm\/"},"modified":"2025-07-25T18:56:13","modified_gmt":"2025-07-25T16:56:13","slug":"aimant-en-metal-onyar-gerone-argent-8-cm","status":"publish","type":"product","link":"https:\/\/olemosaic.com\/fr\/produit\/aimant-en-metal-onyar-gerone-argent-8-cm\/","title":{"rendered":"Aimant en m\u00e9tal. Onyar. G\u00e9rone. Argent. 8 cm."},"content":{"rendered":"<p>Cet aimant m\u00e9tallique de 8 cm, inspir\u00e9 du charmant paysage de la rivi\u00e8re Onyar \u00e0 G\u00e9rone, est un cadeau touristique qui capture l&rsquo;essence vibrante de cette ville catalane embl\u00e9matique. Son design met en avant l&rsquo;architecture color\u00e9e qui orne les rives de la rivi\u00e8re, avec une explosion de tons brillants qui \u00e9voquent la joie et l&rsquo;esprit vif de la ville. En arri\u00e8re-plan, on observe les maisons aux mille couleurs qui se refl\u00e8tent dans les eaux de l&rsquo;Onyar, cr\u00e9ant un effet visuel captivant. Le mot \u00ab\u00a0GIRONA\u00a0\u00bb est affich\u00e9 avec une typographie frappante, compl\u00e9tant parfaitement l&rsquo;illustration et garantissant que ce souvenir soit facilement reconnaissable.<\/p>\n<p>L&rsquo;authenticit\u00e9 de cet aimant r\u00e9side dans sa capacit\u00e9 \u00e0 transmettre un morceau de la culture catalane, un souvenir id\u00e9al pour ceux qui souhaitent emporter avec eux une part de l&rsquo;histoire et de la beaut\u00e9 de G\u00e9rone. Son design soign\u00e9 et la qualit\u00e9 du m\u00e9tal garantissent qu&rsquo;il ne sert pas seulement de simple accessoire, mais de souvenir durable qui ravive les m\u00e9moires \u00e0 chaque fois qu&rsquo;on le contemple. Chez Ol\u00e9 Mosaic, nous proposons cet aimant dans notre large gamme de souvenirs, ce qui en fait une option parfaite pour les boutiques de cadeaux touristiques \u00e0 la recherche d&rsquo;articles uniques et repr\u00e9sentatifs. En tant que grossistes de souvenirs, nous garantissons que chaque produit se distingue par sa pertinence culturelle et sa qualit\u00e9 exceptionnelle.<\/p>\n","protected":false},"excerpt":{"rendered":"<p>Aimant en m\u00e9tal de 8 cm inspir\u00e9 du magnifique paysage de la rivi\u00e8re Onyar \u00e0 G\u00e9rone. Cet aimant se distingue par son design vibrant, qui capture l&rsquo;architecture color\u00e9e des maisons bordant la rivi\u00e8re, avec des tons brillants \u00e9voquant l&rsquo;esprit de la ville. Le mot \u00ab GIRONA \u00bb est affich\u00e9 dans une typographie frappante, compl\u00e9tant l&rsquo;effet visuel. Un souvenir id\u00e9al pour se rem\u00e9morer la beaut\u00e9 de cette ville catalane embl\u00e9matique.<\/p>\n","protected":false},"featured_media":10454,"template":"","meta":{"_acf_changed":false},"product_brand":[],"product_cat":[697],"product_tag":[],"class_list":{"0":"post-30830","1":"product","2":"type-product","3":"status-publish","4":"has-post-thumbnail","6":"product_cat-aimants","7":"pa_ciudad-girona","8":"pa_motivo-maisons-onyar","9":"pa_pais-espana","11":"first","12":"instock","13":"shipping-taxable","14":"product-type-simple"},"acf":[],"_links":{"self":[{"href":"https:\/\/olemosaic.com\/fr\/wp-json\/wp\/v2\/product\/30830","targetHints":{"allow":["GET"]}}],"collection":[{"href":"https:\/\/olemosaic.com\/fr\/wp-json\/wp\/v2\/product"}],"about":[{"href":"https:\/\/olemosaic.com\/fr\/wp-json\/wp\/v2\/types\/product"}],"wp:featuredmedia":[{"embeddable":true,"href":"https:\/\/olemosaic.com\/fr\/wp-json\/wp\/v2\/media\/10454"}],"wp:attachment":[{"href":"https:\/\/olemosaic.com\/fr\/wp-json\/wp\/v2\/media?parent=30830"}],"wp:term":[{"taxonomy":"product_brand","embeddable":true,"href":"https:\/\/olemosaic.com\/fr\/wp-json\/wp\/v2\/product_brand?post=30830"},{"taxonomy":"product_cat","embeddable":true,"href":"https:\/\/olemosaic.com\/fr\/wp-json\/wp\/v2\/product_cat?post=30830"},{"taxonomy":"product_tag","embeddable":true,"href":"https:\/\/olemosaic.com\/fr\/wp-json\/wp\/v2\/product_tag?post=30830"}],"curies":[{"name":"wp","href":"https:\/\/api.w.org\/{rel}","templated":true}]}}