{"id":30829,"date":"2025-02-20T22:32:37","date_gmt":"2025-02-20T22:32:37","guid":{"rendered":"http:\/\/olemosaic.com\/producto\/iman-de-metal-camino-de-santiago-8-cm\/"},"modified":"2025-07-25T20:21:22","modified_gmt":"2025-07-25T18:21:22","slug":"aimant-en-metal-chemin-de-compostelle-8-cm","status":"publish","type":"product","link":"https:\/\/olemosaic.com\/fr\/produit\/aimant-en-metal-chemin-de-compostelle-8-cm\/","title":{"rendered":"Aimant en m\u00e9tal. Chemin de Compostelle. 8 cm."},"content":{"rendered":"<p>Cet aimant m\u00e9tallique de 8 cm, inspir\u00e9 de l&#8217;embl\u00e9matique Chemin de Compostelle, est le souvenir id\u00e9al pour capturer l&rsquo;essence de cette route historique espagnole. Il pr\u00e9sente une magnifique illustration de l&rsquo;impressionnante cath\u00e9drale de Saint-Jacques-de-Compostelle, avec son architecture grandiose mise en valeur dans un style de mosa\u00efque color\u00e9e vibrante. Les tons captivants de jaune, marron et bleu se combinent pour rehausser les d\u00e9tails architecturaux de ses tours majestueuses et de ses sculptures, cr\u00e9ant une repr\u00e9sentation visuelle qui rend hommage \u00e0 la beaut\u00e9 de ce monument important. Le fond du design \u00e9voque le chemin lui-m\u00eame, symbolisant le voyage de milliers de p\u00e8lerins qui l&rsquo;ont parcouru au fil des si\u00e8cles.<\/p>\n<p>Cet aimant n&rsquo;est pas seulement un article d\u00e9coratif pour la maison, mais aussi un rappel tangible d&rsquo;un voyage inoubliable vers l&rsquo;une des destinations les plus repr\u00e9sentatives de l&rsquo;Espagne. La cath\u00e9drale, class\u00e9e au patrimoine mondial, est un symbole de la spiritualit\u00e9 et de la tradition culturelle du chemin, ce qui fait de cet aimant un lien litt\u00e9ral et \u00e9motionnel avec le riche h\u00e9ritage du Chemin de Compostelle.<\/p>\n<p>Chez Ol\u00e9 Mosaic, nous nous sp\u00e9cialisons dans la distribution de souvenirs authentiques en gros, et cet aimant est un excellent choix pour les boutiques de cadeaux touristiques cherchant \u00e0 offrir des produits significatifs et de qualit\u00e9. Avec son design attrayant et sa pertinence culturelle, cet aimant de la cath\u00e9drale de Saint-Jacques est un excellent souvenir pour tout voyageur souhaitant emporter un morceau de cette route de p\u00e8lerinage mill\u00e9naire.<\/p>\n","protected":false},"excerpt":{"rendered":"<p>Aimant m\u00e9tallique de 8 cm inspir\u00e9 de l&#8217;embl\u00e9matique Chemin de Compostelle. Cet aimant attrayant pr\u00e9sente une illustration de l&rsquo;impressionnante cath\u00e9drale de Saint-Jacques-de-Compostelle, con\u00e7ue dans un style de mosa\u00efque color\u00e9e. Avec des tons jaunes, marrons et bleus, le design souligne les d\u00e9tails architecturaux tels que ses tours et ses \u00e9l\u00e9ments distinctifs, compl\u00e9t\u00e9s par un fond qui \u00e9voque le chemin. Un souvenir id\u00e9al pour se souvenir de cette route historique espagnole.<\/p>\n","protected":false},"featured_media":11196,"template":"","meta":{"_acf_changed":false},"product_brand":[],"product_cat":[697],"product_tag":[],"class_list":{"0":"post-30829","1":"product","2":"type-product","3":"status-publish","4":"has-post-thumbnail","6":"product_cat-aimants","7":"pa_ciudad-santiago-de-compostela","8":"pa_pais-espana","10":"first","11":"instock","12":"shipping-taxable","13":"product-type-simple"},"acf":[],"_links":{"self":[{"href":"https:\/\/olemosaic.com\/fr\/wp-json\/wp\/v2\/product\/30829","targetHints":{"allow":["GET"]}}],"collection":[{"href":"https:\/\/olemosaic.com\/fr\/wp-json\/wp\/v2\/product"}],"about":[{"href":"https:\/\/olemosaic.com\/fr\/wp-json\/wp\/v2\/types\/product"}],"wp:featuredmedia":[{"embeddable":true,"href":"https:\/\/olemosaic.com\/fr\/wp-json\/wp\/v2\/media\/11196"}],"wp:attachment":[{"href":"https:\/\/olemosaic.com\/fr\/wp-json\/wp\/v2\/media?parent=30829"}],"wp:term":[{"taxonomy":"product_brand","embeddable":true,"href":"https:\/\/olemosaic.com\/fr\/wp-json\/wp\/v2\/product_brand?post=30829"},{"taxonomy":"product_cat","embeddable":true,"href":"https:\/\/olemosaic.com\/fr\/wp-json\/wp\/v2\/product_cat?post=30829"},{"taxonomy":"product_tag","embeddable":true,"href":"https:\/\/olemosaic.com\/fr\/wp-json\/wp\/v2\/product_tag?post=30829"}],"curies":[{"name":"wp","href":"https:\/\/api.w.org\/{rel}","templated":true}]}}