{"id":30827,"date":"2025-02-20T23:32:36","date_gmt":"2025-02-20T22:32:36","guid":{"rendered":"http:\/\/olemosaic.com\/producto\/iman-de-metal-salamandra-lanzarote-negro-8-cm-2\/"},"modified":"2025-07-25T18:46:17","modified_gmt":"2025-07-25T16:46:17","slug":"aimant-en-metal-salamandre-lanzarote-noir-8-cm","status":"publish","type":"product","link":"https:\/\/olemosaic.com\/fr\/produit\/aimant-en-metal-salamandre-lanzarote-noir-8-cm\/","title":{"rendered":"Aimant en m\u00e9tal. Salamandre. Lanzarote. Canaries. Noir. 8 cm."},"content":{"rendered":"<p>Cet aimant m\u00e9tallique de 8 cm, orn\u00e9 de salamandres vibrantes, est un authentique souvenir de Lanzarote qui capture l&rsquo;essence de sa faune riche et de sa nature volcanique unique. Avec un design moderne et attrayant, l&rsquo;aimant pr\u00e9sente un fond noir qui fait ressortir les figures color\u00e9es des salamandres dans des tons bleus, verts et rouges, \u00e9voquant l&rsquo;environnement naturel exub\u00e9rant de cette charmante \u00eele des Canaries. Le mot \u00ab\u00a0LANZAROTE\u00a0\u00bb se d\u00e9tache en haut avec un style arc-en-ciel, ajoutant une touche amusante et stylis\u00e9e au design, ce qui en fait un cadeau parfait tant pour les touristes que pour les collectionneurs de souvenirs.<\/p>\n<p>La salamandre, symbole d&rsquo;adaptabilit\u00e9 et de vie, refl\u00e8te la biodiversit\u00e9 qui prosp\u00e8re dans la g\u00e9ographie singuli\u00e8re de Lanzarote, connue pour ses paysages fa\u00e7onn\u00e9s par les \u00e9ruptions volcaniques. Cet aimant ne sert pas seulement de d\u00e9coration pratique pour la maison, mais constitue \u00e9galement un excellent rappel de l&rsquo;exp\u00e9rience v\u00e9cue sur cette \u00eele impressionnante. Chez Ol\u00e9 Mosaic, nous sommes distributeurs de souvenirs en gros, et cet aimant de salamandres est un choix id\u00e9al pour les boutiques de cadeaux touristiques \u00e0 la recherche de produits repr\u00e9sentatifs et authentiques. C\u00e9l\u00e9brez la culture canarienne avec cet aimant, une pi\u00e8ce parfaite pour se souvenir de Lanzarote et emporter avec soi un petit morceau de sa beaut\u00e9.<\/p>\n","protected":false},"excerpt":{"rendered":"<p>Aimant m\u00e9tallique de 8 cm d\u00e9cor\u00e9 de salamandres vibrantes, repr\u00e9sentant la riche faune de Lanzarote. Ce design moderne se d\u00e9tache sur un fond noir, accentuant les figures color\u00e9es dans des tons bleus, verts et rouges, qui \u00e9voquent la nature volcanique de l&rsquo;\u00eele. Le mot \u00ab\u00a0LANZAROTE\u00a0\u00bb est imprim\u00e9 en haut avec un style arc-en-ciel, ce qui en fait un souvenir attrayant et stylis\u00e9 de cette charmante r\u00e9gion des Canaries.<\/p>\n","protected":false},"featured_media":13526,"template":"","meta":{"_acf_changed":false},"product_brand":[],"product_cat":[697],"product_tag":[530],"class_list":{"0":"post-30827","1":"product","2":"type-product","3":"status-publish","4":"has-post-thumbnail","6":"product_cat-aimants","7":"product_tag-animaux","8":"pa_ciudad-lanzarote","9":"pa_motivo-salamandres","10":"pa_pais-espana","12":"first","13":"instock","14":"shipping-taxable","15":"product-type-simple"},"acf":[],"_links":{"self":[{"href":"https:\/\/olemosaic.com\/fr\/wp-json\/wp\/v2\/product\/30827","targetHints":{"allow":["GET"]}}],"collection":[{"href":"https:\/\/olemosaic.com\/fr\/wp-json\/wp\/v2\/product"}],"about":[{"href":"https:\/\/olemosaic.com\/fr\/wp-json\/wp\/v2\/types\/product"}],"wp:featuredmedia":[{"embeddable":true,"href":"https:\/\/olemosaic.com\/fr\/wp-json\/wp\/v2\/media\/13526"}],"wp:attachment":[{"href":"https:\/\/olemosaic.com\/fr\/wp-json\/wp\/v2\/media?parent=30827"}],"wp:term":[{"taxonomy":"product_brand","embeddable":true,"href":"https:\/\/olemosaic.com\/fr\/wp-json\/wp\/v2\/product_brand?post=30827"},{"taxonomy":"product_cat","embeddable":true,"href":"https:\/\/olemosaic.com\/fr\/wp-json\/wp\/v2\/product_cat?post=30827"},{"taxonomy":"product_tag","embeddable":true,"href":"https:\/\/olemosaic.com\/fr\/wp-json\/wp\/v2\/product_tag?post=30827"}],"curies":[{"name":"wp","href":"https:\/\/api.w.org\/{rel}","templated":true}]}}