{"id":30826,"date":"2025-02-20T22:32:36","date_gmt":"2025-02-20T22:32:36","guid":{"rendered":"http:\/\/olemosaic.com\/producto\/iman-de-metal-salamandra-tenerife-plata-8-cm-2\/"},"modified":"2025-07-25T20:10:48","modified_gmt":"2025-07-25T18:10:48","slug":"aimant-metal-salamandre-tenerife-argent-8-cm-2","status":"publish","type":"product","link":"https:\/\/olemosaic.com\/fr\/produit\/aimant-metal-salamandre-tenerife-argent-8-cm-2\/","title":{"rendered":"Aimant en m\u00e9tal. Salamandre. Tenerife. Argent. 8 cm."},"content":{"rendered":"<p>Cet aimant m\u00e9tallique de 8 cm, d\u00e9cor\u00e9 de salamandres vibrantes, capture l&rsquo;essence de la riche biodiversit\u00e9 de Tenerife. Avec un design captivant, chaque salamandre pr\u00e9sente des d\u00e9tails de mosa\u00efque dans une vari\u00e9t\u00e9 de couleurs qui ressortent sur un fond clair, cr\u00e9ant un effet visuel attrayant. L&rsquo;inscription \u00ab TENERIFE \u00bb en lettres saillantes ajoute une touche distinctive qui souligne le lien de l&rsquo;objet avec l&rsquo;\u00eele. Cet aimant n&rsquo;est pas seulement un souvenir fonctionnel, mais aussi une c\u00e9l\u00e9bration du patrimoine naturel des Canaries, o\u00f9 la faune end\u00e9mique devient un symbole d&rsquo;identit\u00e9 culturelle et de biodiversit\u00e9.<\/p>\n<p>L&rsquo;aimant est id\u00e9al pour d\u00e9corer n&rsquo;importe quel espace, que ce soit \u00e0 la maison ou au bureau, rappelant chaque jour la beaut\u00e9 de Tenerife. Ses couleurs et son design artistique en font un excellent cadeau pour les touristes \u00e0 la recherche d&rsquo;un souvenir authentique et repr\u00e9sentatif de leur visite dans les \u00eeles. Chez Ol\u00e9 Mosaic, nous nous consacrons \u00e0 la distribution de souvenirs en gros, offrant des produits authentiques qui refl\u00e8tent la richesse culturelle et naturelle de l&rsquo;Espagne. Cet aimant de salamandres est un ajout parfait pour toute boutique de cadeaux touristiques, apportant une touche de couleur et d&rsquo;originalit\u00e9 \u00e0 son offre de souvenirs de Tenerife.<\/p>\n","protected":false},"excerpt":{"rendered":"<p>Aimant m\u00e9tallique de 8 cm d\u00e9cor\u00e9 de salamandres color\u00e9es, repr\u00e9sentant la faune end\u00e9mique de Tenerife. Cet aimant attrayant pr\u00e9sente un design vibrant avec des d\u00e9tails de mosa\u00efque et un fond aux tons clairs qui fait ressortir les salamandres de diverses couleurs, ainsi que l&rsquo;inscription \u00ab TENERIFE \u00bb en lettres saillantes. Parfait pour capturer l&rsquo;essence de l&rsquo;\u00eele canarienne et comme souvenir unique de sa biodiversit\u00e9.<\/p>\n","protected":false},"featured_media":12903,"template":"","meta":{"_acf_changed":false},"product_brand":[],"product_cat":[697],"product_tag":[530],"class_list":{"0":"post-30826","1":"product","2":"type-product","3":"status-publish","4":"has-post-thumbnail","6":"product_cat-aimants","7":"product_tag-animaux","8":"pa_ciudad-tenerife","9":"pa_motivo-salamandres","10":"pa_pais-espana","12":"first","13":"instock","14":"shipping-taxable","15":"product-type-simple"},"acf":[],"_links":{"self":[{"href":"https:\/\/olemosaic.com\/fr\/wp-json\/wp\/v2\/product\/30826","targetHints":{"allow":["GET"]}}],"collection":[{"href":"https:\/\/olemosaic.com\/fr\/wp-json\/wp\/v2\/product"}],"about":[{"href":"https:\/\/olemosaic.com\/fr\/wp-json\/wp\/v2\/types\/product"}],"wp:featuredmedia":[{"embeddable":true,"href":"https:\/\/olemosaic.com\/fr\/wp-json\/wp\/v2\/media\/12903"}],"wp:attachment":[{"href":"https:\/\/olemosaic.com\/fr\/wp-json\/wp\/v2\/media?parent=30826"}],"wp:term":[{"taxonomy":"product_brand","embeddable":true,"href":"https:\/\/olemosaic.com\/fr\/wp-json\/wp\/v2\/product_brand?post=30826"},{"taxonomy":"product_cat","embeddable":true,"href":"https:\/\/olemosaic.com\/fr\/wp-json\/wp\/v2\/product_cat?post=30826"},{"taxonomy":"product_tag","embeddable":true,"href":"https:\/\/olemosaic.com\/fr\/wp-json\/wp\/v2\/product_tag?post=30826"}],"curies":[{"name":"wp","href":"https:\/\/api.w.org\/{rel}","templated":true}]}}