{"id":30825,"date":"2025-02-20T23:32:36","date_gmt":"2025-02-20T22:32:36","guid":{"rendered":"http:\/\/olemosaic.com\/producto\/iman-de-metal-salamandra-barcelona-negro-8-cm-3\/"},"modified":"2025-07-25T18:49:04","modified_gmt":"2025-07-25T16:49:04","slug":"aimant-metal-salamandre-barcelone-noir-8-cm-3","status":"publish","type":"product","link":"https:\/\/olemosaic.com\/fr\/produit\/aimant-metal-salamandre-barcelone-noir-8-cm-3\/","title":{"rendered":"Aimant en m\u00e9tal. Salamandre. Mosa\u00efque. Barcelone. Noir. 8 cm."},"content":{"rendered":"<p>Cet aimant m\u00e9tallique de 8 cm, d\u00e9cor\u00e9 d&rsquo;une salamandre vibrante, est un souvenir embl\u00e9matique de Barcelone, inspir\u00e9 par les mosa\u00efques iconiques de Gaud\u00ed. Son design ressort sur un fond noir, faisant ressortir encore plus les couleurs vives de la salamandre. La pi\u00e8ce pr\u00e9sente une palette de couleurs englobant des tons bleus, verts, rouges et jaunes, symbolisant la cr\u00e9ativit\u00e9 et le style unique qui caract\u00e9risent l&rsquo;\u0153uvre du c\u00e9l\u00e8bre architecte catalan. Juste au-dessus de la salamandre, le mot \u00ab\u00a0Barcelona\u00a0\u00bb appara\u00eet en lettres stylis\u00e9es, compl\u00e9tant parfaitement ce design attrayant.<\/p>\n<p>Cet aimant n&rsquo;est pas seulement un \u00e9l\u00e9ment d\u00e9coratif id\u00e9al pour la maison, mais aussi un souvenir embl\u00e9matique de la ville, c\u00e9l\u00e9brant la fusion entre l&rsquo;art et la nature. Les touristes \u00e0 la recherche de souvenirs authentiques de Barcelone appr\u00e9cieront ce d\u00e9tail qui refl\u00e8te l&rsquo;essence de la capitale catalane.<\/p>\n<p>Chez Ol\u00e9 Mosaic, nous nous consacrons \u00e0 la distribution de souvenirs en gros, et cette pi\u00e8ce est parfaite pour les boutiques de cadeaux touristiques souhaitant proposer des produits uniques et culturellement pertinents. Cet aimant de salamandre se distingue comme un excellent exemple des souvenirs de Barcelone, apportant une touche de couleur et un rappel du riche h\u00e9ritage culturel qu&rsquo;offre cette ville fascinante.<\/p>\n","protected":false},"excerpt":{"rendered":"<p>Aimant m\u00e9tallique de 8 cm d\u00e9cor\u00e9 d&rsquo;une salamandre color\u00e9e, inspir\u00e9e des mosa\u00efques de Gaud\u00ed, repr\u00e9sentative de Barcelone. Le design ressort sur un fond noir, rehaussant la palette de couleurs vibrantes de la salamandre, qui comprend des tons bleus, verts, rouges et jaunes. Le mot \u00ab\u00a0Barcelona\u00a0\u00bb en lettres stylis\u00e9es compl\u00e8te le design, faisant de cet aimant un souvenir attrayant et caract\u00e9ristique de la ville, id\u00e9al pour toute collection.<\/p>\n","protected":false},"featured_media":6884,"template":"","meta":{"_acf_changed":false},"product_brand":[],"product_cat":[697],"product_tag":[530],"class_list":{"0":"post-30825","1":"product","2":"type-product","3":"status-publish","4":"has-post-thumbnail","6":"product_cat-aimants","7":"product_tag-animaux","8":"pa_ciudad-barcelona","9":"pa_motivo-salamandres","10":"pa_pais-espana","12":"first","13":"instock","14":"shipping-taxable","15":"product-type-simple"},"acf":[],"_links":{"self":[{"href":"https:\/\/olemosaic.com\/fr\/wp-json\/wp\/v2\/product\/30825","targetHints":{"allow":["GET"]}}],"collection":[{"href":"https:\/\/olemosaic.com\/fr\/wp-json\/wp\/v2\/product"}],"about":[{"href":"https:\/\/olemosaic.com\/fr\/wp-json\/wp\/v2\/types\/product"}],"wp:featuredmedia":[{"embeddable":true,"href":"https:\/\/olemosaic.com\/fr\/wp-json\/wp\/v2\/media\/6884"}],"wp:attachment":[{"href":"https:\/\/olemosaic.com\/fr\/wp-json\/wp\/v2\/media?parent=30825"}],"wp:term":[{"taxonomy":"product_brand","embeddable":true,"href":"https:\/\/olemosaic.com\/fr\/wp-json\/wp\/v2\/product_brand?post=30825"},{"taxonomy":"product_cat","embeddable":true,"href":"https:\/\/olemosaic.com\/fr\/wp-json\/wp\/v2\/product_cat?post=30825"},{"taxonomy":"product_tag","embeddable":true,"href":"https:\/\/olemosaic.com\/fr\/wp-json\/wp\/v2\/product_tag?post=30825"}],"curies":[{"name":"wp","href":"https:\/\/api.w.org\/{rel}","templated":true}]}}