{"id":30824,"date":"2025-02-20T22:32:36","date_gmt":"2025-02-20T22:32:36","guid":{"rendered":"http:\/\/olemosaic.com\/producto\/iman-de-metal-salamandra-mallorca-plata-8-cm\/"},"modified":"2025-07-25T19:57:01","modified_gmt":"2025-07-25T17:57:01","slug":"aimant-metal-salamandre-majorque-argent-8-cm","status":"publish","type":"product","link":"https:\/\/olemosaic.com\/fr\/produit\/aimant-metal-salamandre-majorque-argent-8-cm\/","title":{"rendered":"Aimant en m\u00e9tal. Salamandre. Majorque. Argent. 8 cm."},"content":{"rendered":"<p>Cet aimant m\u00e9tallique de 8 cm, orn\u00e9 d&rsquo;une salamandre color\u00e9e, est un souvenir embl\u00e9matique de Majorque qui capture l&rsquo;essence vibrante de la faune locale. Son design artistique pr\u00e9sente une salamandre aux couleurs \u00e9clatantes, se d\u00e9tachant sur une composition de mosa\u00efques combinant des tons de bleu, jaune et vert, \u00e9voquant la diversit\u00e9 naturelle des \u00eeles Bal\u00e9ares. Le fond blanc craquel\u00e9 ajoute une touche d&rsquo;\u00e9l\u00e9gance et de texture, rendant chaque pi\u00e8ce visuellement attrayante et unique. Le mot \u00ab\u00a0MALLORCA\u00a0\u00bb se d\u00e9tache en haut, garantissant que cet aimant soit un rappel instantan\u00e9 de la beaut\u00e9 m\u00e9diterran\u00e9enne.<\/p>\n<p>Cet aimant n&rsquo;est pas seulement un article d\u00e9coratif, il symbolise \u00e9galement la riche biodiversit\u00e9 de Majorque, o\u00f9 la salamandre est un repr\u00e9sentant notable de sa faune autochtone. Chez Ol\u00e9 Mosaic, nous nous consacrons \u00e0 offrir des souvenirs authentiques et de qualit\u00e9 qui refl\u00e8tent la culture et les traditions des r\u00e9gions que nous repr\u00e9sentons. Cet aimant de salamandre est une option id\u00e9ale pour les touristes \u00e0 la recherche de souvenirs repr\u00e9sentatifs et fonctionnels, constituant un d\u00e9tail parfait pour la maison ou le bureau, et un excellent produit pour les boutiques de cadeaux touristiques. En tant que distributeurs en gros de souvenirs de Majorque, nous garantissons que chaque aimant encapsule l&rsquo;esprit et les couleurs de ces magnifiques \u00eeles.<\/p>\n","protected":false},"excerpt":{"rendered":"<p>Aimant m\u00e9tallique de 8 cm d\u00e9cor\u00e9 d&rsquo;une salamandre color\u00e9e, symbole de la faune majorquine. Cet aimant attrayant pr\u00e9sente un design vibrant, avec des fragments dans les tons bleu, jaune et vert simulant une mosa\u00efque, le tout sur un fond blanc craquel\u00e9. Le mot \u00ab\u00a0MALLORCA\u00a0\u00bb se d\u00e9tache en haut, en faisant un souvenir parfait des \u00eeles Bal\u00e9ares et un d\u00e9tail d\u00e9coratif id\u00e9al pour n&rsquo;importe quelle maison.<\/p>\n","protected":false},"featured_media":12885,"template":"","meta":{"_acf_changed":false},"product_brand":[],"product_cat":[697],"product_tag":[530],"class_list":{"0":"post-30824","1":"product","2":"type-product","3":"status-publish","4":"has-post-thumbnail","6":"product_cat-aimants","7":"product_tag-animaux","8":"pa_ciudad-mallorca","9":"pa_motivo-salamandres","10":"pa_pais-espana","12":"first","13":"instock","14":"shipping-taxable","15":"product-type-simple"},"acf":[],"_links":{"self":[{"href":"https:\/\/olemosaic.com\/fr\/wp-json\/wp\/v2\/product\/30824","targetHints":{"allow":["GET"]}}],"collection":[{"href":"https:\/\/olemosaic.com\/fr\/wp-json\/wp\/v2\/product"}],"about":[{"href":"https:\/\/olemosaic.com\/fr\/wp-json\/wp\/v2\/types\/product"}],"wp:featuredmedia":[{"embeddable":true,"href":"https:\/\/olemosaic.com\/fr\/wp-json\/wp\/v2\/media\/12885"}],"wp:attachment":[{"href":"https:\/\/olemosaic.com\/fr\/wp-json\/wp\/v2\/media?parent=30824"}],"wp:term":[{"taxonomy":"product_brand","embeddable":true,"href":"https:\/\/olemosaic.com\/fr\/wp-json\/wp\/v2\/product_brand?post=30824"},{"taxonomy":"product_cat","embeddable":true,"href":"https:\/\/olemosaic.com\/fr\/wp-json\/wp\/v2\/product_cat?post=30824"},{"taxonomy":"product_tag","embeddable":true,"href":"https:\/\/olemosaic.com\/fr\/wp-json\/wp\/v2\/product_tag?post=30824"}],"curies":[{"name":"wp","href":"https:\/\/api.w.org\/{rel}","templated":true}]}}