{"id":30783,"date":"2025-02-20T22:32:35","date_gmt":"2025-02-20T22:32:35","guid":{"rendered":"http:\/\/olemosaic.com\/producto\/iman-de-metal-mariposa-barcelona-8-cm\/"},"modified":"2025-07-25T20:19:09","modified_gmt":"2025-07-25T18:19:09","slug":"aimant-en-metal-papillon-barcelone-8-cm","status":"publish","type":"product","link":"https:\/\/olemosaic.com\/fr\/produit\/aimant-en-metal-papillon-barcelone-8-cm\/","title":{"rendered":"Aimant en m\u00e9tal. Papillon. Barcelone. 8 cm."},"content":{"rendered":"<p>Cet aimant m\u00e9tallique de 8 cm pr\u00e9sente une illustration vibrante de papillons sur un fond bleu qui \u00e9voque l&rsquo;essence artistique et multiculturelle de Barcelone. Le design, avec des fleurs d\u00e9coratives et une finition brillante, fait de cet aimant plus qu&rsquo;un simple accessoire d\u00e9coratif : c&rsquo;est une pi\u00e8ce qui c\u00e9l\u00e8bre le riche h\u00e9ritage visuel de la cit\u00e9 comtale. Le mot \u00ab\u00a0Barcelona\u00a0\u00bb se d\u00e9tache en haut, int\u00e9gr\u00e9 dans la mosa\u00efque de motifs rappelant l&rsquo;\u0153uvre d&rsquo;Antoni Gaud\u00ed, refl\u00e9tant la cr\u00e9ation artistique qui d\u00e9finit le paysage urbain de la ville.<\/p>\n<p>Chaque papillon, avec ses d\u00e9tails minutieux et ses couleurs vibrantes, symbolise la libert\u00e9 et la splendeur de la nature, \u00e9l\u00e9ments essentiels de l&rsquo;esprit barcelonais. Cet aimant est un souvenir id\u00e9al pour ceux qui souhaitent emporter avec eux un morceau significatif de cette m\u00e9tropole pleine de vie et de couleurs. Chez Ol\u00e9 Mosaic, nous garantissons l&rsquo;authenticit\u00e9 de nos produits, en proposant des souvenirs de Barcelone qui soulignent sa valeur culturelle. Cet aimant papillon est une excellente option pour les boutiques de cadeaux touristiques recherchant vari\u00e9t\u00e9 et qualit\u00e9 dans leur offre. En tant que distributeurs d&rsquo;aimants en gros, nous garantissons le design unique et la pertinence culturelle de chaque article.<\/p>\n","protected":false},"excerpt":{"rendered":"<p>Aimant m\u00e9tallique de 8 cm pr\u00e9sentant une illustration color\u00e9e de papillons sur un fond bleu, \u00e9voquant l&rsquo;esprit vibrant de Barcelone. Le design int\u00e8gre des fleurs d\u00e9coratives et une finition brillante, apportant une touche artistique et contemporaine. Le mot \u00ab\u00a0Barcelona\u00a0\u00bb se d\u00e9tache en haut, tandis que les motifs color\u00e9s, imitant une mosa\u00efque, refl\u00e8tent la richesse culturelle de la ville. Un souvenir id\u00e9al pour emporter un petit morceau de la cit\u00e9 comtale.<\/p>\n","protected":false},"featured_media":11452,"template":"","meta":{"_acf_changed":false},"product_brand":[],"product_cat":[697],"product_tag":[530],"class_list":{"0":"post-30783","1":"product","2":"type-product","3":"status-publish","4":"has-post-thumbnail","6":"product_cat-aimants","7":"product_tag-animaux","8":"pa_ciudad-barcelona","9":"pa_motivo-papillons","10":"pa_pais-espana","12":"first","13":"instock","14":"shipping-taxable","15":"product-type-simple"},"acf":[],"_links":{"self":[{"href":"https:\/\/olemosaic.com\/fr\/wp-json\/wp\/v2\/product\/30783","targetHints":{"allow":["GET"]}}],"collection":[{"href":"https:\/\/olemosaic.com\/fr\/wp-json\/wp\/v2\/product"}],"about":[{"href":"https:\/\/olemosaic.com\/fr\/wp-json\/wp\/v2\/types\/product"}],"wp:featuredmedia":[{"embeddable":true,"href":"https:\/\/olemosaic.com\/fr\/wp-json\/wp\/v2\/media\/11452"}],"wp:attachment":[{"href":"https:\/\/olemosaic.com\/fr\/wp-json\/wp\/v2\/media?parent=30783"}],"wp:term":[{"taxonomy":"product_brand","embeddable":true,"href":"https:\/\/olemosaic.com\/fr\/wp-json\/wp\/v2\/product_brand?post=30783"},{"taxonomy":"product_cat","embeddable":true,"href":"https:\/\/olemosaic.com\/fr\/wp-json\/wp\/v2\/product_cat?post=30783"},{"taxonomy":"product_tag","embeddable":true,"href":"https:\/\/olemosaic.com\/fr\/wp-json\/wp\/v2\/product_tag?post=30783"}],"curies":[{"name":"wp","href":"https:\/\/api.w.org\/{rel}","templated":true}]}}