{"id":30769,"date":"2025-02-20T23:32:34","date_gmt":"2025-02-20T22:32:34","guid":{"rendered":"http:\/\/olemosaic.com\/producto\/iman-de-metal-toro-8-cm-2\/"},"modified":"2025-07-25T19:49:54","modified_gmt":"2025-07-25T17:49:54","slug":"aimant-metal-taureau-espagne-8-cm-2","status":"publish","type":"product","link":"https:\/\/olemosaic.com\/fr\/produit\/aimant-metal-taureau-espagne-8-cm-2\/","title":{"rendered":"Aimant en m\u00e9tal. Taureau. Espagne. Fond bleu. 8 cm."},"content":{"rendered":"<p>Cet aimant m\u00e9tallique de 8 cm repr\u00e9sente un taureau vibrant, un symbole iconique de l&rsquo;Espagne, qui capture visuellement l&rsquo;essence du patrimoine culturel du pays. Avec un design color\u00e9 montrant une mosa\u00efque de tons brillants, ce souvenir met en valeur la silhouette robuste du taureau, qui se dresse majestueusement sur un fond bleu apportant profondeur et contraste. Le texte \u00ab\u00a0ESPA\u00d1A\u00a0\u00bb imprim\u00e9 en lettres frappantes place l&rsquo;objet fermement dans son contexte culturel, en faisant un souvenir parfait pour ceux qui souhaitent emporter un morceau du riche h\u00e9ritage espagnol.<\/p>\n<p>L&rsquo;illustration du taureau n&rsquo;est pas seulement attrayante visuellement, elle \u00e9voque \u00e9galement le symbolisme ancr\u00e9 dans la culture espagnole, o\u00f9 le taureau est un embl\u00e8me de force et de tradition. Cet aimant, \u00e0 la fois fonctionnel et d\u00e9coratif, apporte une touche espagnole \u00e0 toute surface m\u00e9tallique, \u00e9tant id\u00e9al pour les r\u00e9frig\u00e9rateurs, les tableaux blancs et d&rsquo;autres endroits o\u00f9 l&rsquo;on souhaite exposer la beaut\u00e9 de la culture espagnole. Chez Ol\u00e9 Mosaic, nous nous sp\u00e9cialisons dans la distribution de souvenirs en gros, et cet aimant de taureau est une option de choix pour les boutiques de cadeaux touristiques \u00e0 la recherche de produits authentiques et repr\u00e9sentatifs. Offrir ou exposer cet aimant est une fa\u00e7on d&rsquo;immortaliser les souvenirs d&rsquo;un voyage en Espagne, ce qui en fait un article indispensable pour ceux qui appr\u00e9cient l&rsquo;artisanat et la culture.<\/p>\n","protected":false},"excerpt":{"rendered":"<p>Aimant m\u00e9tallique de 8 cm avec l&rsquo;image d&rsquo;un taureau color\u00e9, un symbole iconique de l&rsquo;Espagne. Le design attrayant pr\u00e9sente une mosa\u00efque vibrante dans une vari\u00e9t\u00e9 de tons qui soulignent la forme du taureau, sur un fond bleu qui ajoute de la profondeur. Le texte \u00ab\u00a0ESPA\u00d1A\u00a0\u00bb imprim\u00e9 compl\u00e8te l&rsquo;illustration, faisant de cet aimant un souvenir parfait qui capture l&rsquo;essence culturelle du pays. Id\u00e9al pour orner toute surface m\u00e9tallique d&rsquo;une touche espagnole.<\/p>\n","protected":false},"featured_media":9998,"template":"","meta":{"_acf_changed":false},"product_brand":[],"product_cat":[697],"product_tag":[530],"class_list":{"0":"post-30769","1":"product","2":"type-product","3":"status-publish","4":"has-post-thumbnail","6":"product_cat-aimants","7":"product_tag-animaux","8":"pa_motivo-taureaux","10":"first","11":"instock","12":"shipping-taxable","13":"product-type-simple"},"acf":[],"_links":{"self":[{"href":"https:\/\/olemosaic.com\/fr\/wp-json\/wp\/v2\/product\/30769","targetHints":{"allow":["GET"]}}],"collection":[{"href":"https:\/\/olemosaic.com\/fr\/wp-json\/wp\/v2\/product"}],"about":[{"href":"https:\/\/olemosaic.com\/fr\/wp-json\/wp\/v2\/types\/product"}],"wp:featuredmedia":[{"embeddable":true,"href":"https:\/\/olemosaic.com\/fr\/wp-json\/wp\/v2\/media\/9998"}],"wp:attachment":[{"href":"https:\/\/olemosaic.com\/fr\/wp-json\/wp\/v2\/media?parent=30769"}],"wp:term":[{"taxonomy":"product_brand","embeddable":true,"href":"https:\/\/olemosaic.com\/fr\/wp-json\/wp\/v2\/product_brand?post=30769"},{"taxonomy":"product_cat","embeddable":true,"href":"https:\/\/olemosaic.com\/fr\/wp-json\/wp\/v2\/product_cat?post=30769"},{"taxonomy":"product_tag","embeddable":true,"href":"https:\/\/olemosaic.com\/fr\/wp-json\/wp\/v2\/product_tag?post=30769"}],"curies":[{"name":"wp","href":"https:\/\/api.w.org\/{rel}","templated":true}]}}