{"id":30768,"date":"2025-02-20T22:32:34","date_gmt":"2025-02-20T22:32:34","guid":{"rendered":"http:\/\/olemosaic.com\/producto\/iman-de-metal-gato-barcelona-8-cm\/"},"modified":"2025-07-25T19:13:50","modified_gmt":"2025-07-25T17:13:50","slug":"aimant-metal-chat-barcelone-8-cm","status":"publish","type":"product","link":"https:\/\/olemosaic.com\/fr\/produit\/aimant-metal-chat-barcelone-8-cm\/","title":{"rendered":"Aimant en m\u00e9tal. Chat. Barcelone. 8 cm."},"content":{"rendered":"<p>Cet aimant m\u00e9tallique de 8 cm repr\u00e9sente un chat dans un style mosa\u00efque vibrant, inspir\u00e9 par la c\u00e9l\u00e8bre esth\u00e9tique de Barcelone. Avec un design \u00e9voquant l&rsquo;iconique trencad\u00eds, l&rsquo;aimant montre un chat color\u00e9, dont la forme g\u00e9om\u00e9trique est orn\u00e9e d&rsquo;une palette de couleurs \u00e9clatantes : rouges, bleus, verts et jaunes, le tout sur un fond bleu ciel qui rehausse la joie et la cr\u00e9ativit\u00e9 caract\u00e9ristiques de la ville. Le mot \u00ab\u00a0Barcelona\u00a0\u00bb se d\u00e9tache en lettres pro\u00e9minentes, ajoutant une touche distinctive qui en fait un souvenir repr\u00e9sentatif et authentique de la culture locale.<\/p>\n<p>Cet aimant n&rsquo;est pas seulement un objet d\u00e9coratif, mais aussi un symbole de l&rsquo;art et de la tradition du modernisme catalan, si pr\u00e9sent dans les \u0153uvres d&rsquo;architectes comme Antoni Gaud\u00ed. Son design contemporain le rend parfait pour tout amateur d&rsquo;art et de culture souhaitant ramener un morceau de Barcelone chez soi. Chez Ol\u00e9 Mosaic, nous sommes fiers de proposer des souvenirs en gros qui capturent l&rsquo;essence de lieux embl\u00e9matiques, et cet aimant de chat est une excellente option pour les boutiques de cadeaux touristiques \u00e0 la recherche de produits authentiques et vibrants. Avec sa singularit\u00e9 et sa connexion culturelle, cet aimant est le souvenir id\u00e9al pour ceux qui recherchent un morceau de la magie de Barcelone.<\/p>\n","protected":false},"excerpt":{"rendered":"<p>Aimant m\u00e9tallique de 8 cm avec une repr\u00e9sentation color\u00e9e d&rsquo;un chat de style mosa\u00efque, inspir\u00e9 par l&rsquo;esth\u00e9tique vibrante de Barcelone. Ce design, qui \u00e9voque le c\u00e9l\u00e8bre trencad\u00eds de la ville, pr\u00e9sente un chat avec un jeu de couleurs intenses et de formes g\u00e9om\u00e9triques sur un fond bleu ciel. L&rsquo;aimant inclut le mot \u00ab\u00a0Barcelona\u00a0\u00bb en lettres d\u00e9tach\u00e9es, ce qui en fait un souvenir parfait de l&rsquo;art et de la culture barcelonais.<\/p>\n","protected":false},"featured_media":12826,"template":"","meta":{"_acf_changed":false},"product_brand":[],"product_cat":[697],"product_tag":[530],"class_list":{"0":"post-30768","1":"product","2":"type-product","3":"status-publish","4":"has-post-thumbnail","6":"product_cat-aimants","7":"product_tag-animaux","8":"pa_ciudad-barcelona","9":"pa_motivo-chats","10":"pa_pais-espana","12":"first","13":"instock","14":"shipping-taxable","15":"product-type-simple"},"acf":[],"_links":{"self":[{"href":"https:\/\/olemosaic.com\/fr\/wp-json\/wp\/v2\/product\/30768","targetHints":{"allow":["GET"]}}],"collection":[{"href":"https:\/\/olemosaic.com\/fr\/wp-json\/wp\/v2\/product"}],"about":[{"href":"https:\/\/olemosaic.com\/fr\/wp-json\/wp\/v2\/types\/product"}],"wp:featuredmedia":[{"embeddable":true,"href":"https:\/\/olemosaic.com\/fr\/wp-json\/wp\/v2\/media\/12826"}],"wp:attachment":[{"href":"https:\/\/olemosaic.com\/fr\/wp-json\/wp\/v2\/media?parent=30768"}],"wp:term":[{"taxonomy":"product_brand","embeddable":true,"href":"https:\/\/olemosaic.com\/fr\/wp-json\/wp\/v2\/product_brand?post=30768"},{"taxonomy":"product_cat","embeddable":true,"href":"https:\/\/olemosaic.com\/fr\/wp-json\/wp\/v2\/product_cat?post=30768"},{"taxonomy":"product_tag","embeddable":true,"href":"https:\/\/olemosaic.com\/fr\/wp-json\/wp\/v2\/product_tag?post=30768"}],"curies":[{"name":"wp","href":"https:\/\/api.w.org\/{rel}","templated":true}]}}