{"id":30766,"date":"2025-02-20T22:32:33","date_gmt":"2025-02-20T22:32:33","guid":{"rendered":"http:\/\/olemosaic.com\/producto\/iman-de-metal-mariposa-mallorca-8-cm\/"},"modified":"2025-07-25T19:02:52","modified_gmt":"2025-07-25T17:02:52","slug":"aimant-en-metal-papillon-majorque-8-cm","status":"publish","type":"product","link":"https:\/\/olemosaic.com\/fr\/produit\/aimant-en-metal-papillon-majorque-8-cm\/","title":{"rendered":"Aimant en m\u00e9tal. Papillon. Majorque. 8 cm."},"content":{"rendered":"<p>Cet aimant m\u00e9tallique de 8 cm repr\u00e9sente la beaut\u00e9 naturelle de Majorque \u00e0 travers un design vibrant de papillons. Orn\u00e9 sur un fond bleu qui \u00e9voque les mosa\u00efques color\u00e9es de l&rsquo;\u00eele, ce souvenir est une repr\u00e9sentation artistique qui capture l&rsquo;essence de son environnement m\u00e9diterran\u00e9en. Les papillons, peints dans des couleurs intenses comme le bleu, le rose et l&rsquo;orange, voltigent parmi des fleurs d\u00e9licates, cr\u00e9ant une composition visuelle riche et pleine de vie. Le mot \u00ab\u00a0MALLORCA\u00a0\u00bb se distingue dans la partie sup\u00e9rieure, soulignant son origine et en faisant un authentique souvenir touristique. Cet aimant n&rsquo;est pas seulement id\u00e9al pour personnaliser votre r\u00e9frig\u00e9rateur, mais c&rsquo;est aussi un excellent cadeau pour ceux qui appr\u00e9cient la beaut\u00e9 et la diversit\u00e9 de la faune locale. Chez Ol\u00e9 Mosaic, nous nous sp\u00e9cialisons dans la distribution de souvenirs de Majorque et d&rsquo;autres produits iconiques d&rsquo;Espagne, ce qui fait de cet aimant une option parfaite pour les boutiques de cadeaux touristiques \u00e0 la recherche d&rsquo;articles authentiques et de qualit\u00e9. Cet aimant de papillons n&rsquo;est pas seulement un objet d\u00e9coratif ; c&rsquo;est un souvenir significatif qui incarne le charme de l&rsquo;\u00eele bal\u00e9are.<\/p>\n","protected":false},"excerpt":{"rendered":"<p>Aimant m\u00e9tallique de 8 cm repr\u00e9sentant des papillons color\u00e9s sur un fond bleu \u00e9voquant les mosa\u00efques majorquines. Ce souvenir attrayant pr\u00e9sente un design vibrant avec des d\u00e9tails de couleurs intenses et des fleurs d\u00e9coratives, ce qui en fait un charmant souvenir de l&rsquo;\u00eele. Le mot \u00ab\u00a0MALLORCA\u00a0\u00bb se distingue dans la partie sup\u00e9rieure, soulignant son origine touristique et culturelle. Il est id\u00e9al pour personnaliser votre r\u00e9frig\u00e9rateur ou comme cadeau pour les amoureux de la beaut\u00e9 naturelle de la r\u00e9gion.<\/p>\n","protected":false},"featured_media":11449,"template":"","meta":{"_acf_changed":false},"product_brand":[],"product_cat":[697],"product_tag":[530],"class_list":{"0":"post-30766","1":"product","2":"type-product","3":"status-publish","4":"has-post-thumbnail","6":"product_cat-aimants","7":"product_tag-animaux","8":"pa_ciudad-mallorca","9":"pa_motivo-papillons","10":"pa_pais-espana","12":"first","13":"instock","14":"shipping-taxable","15":"product-type-simple"},"acf":[],"_links":{"self":[{"href":"https:\/\/olemosaic.com\/fr\/wp-json\/wp\/v2\/product\/30766","targetHints":{"allow":["GET"]}}],"collection":[{"href":"https:\/\/olemosaic.com\/fr\/wp-json\/wp\/v2\/product"}],"about":[{"href":"https:\/\/olemosaic.com\/fr\/wp-json\/wp\/v2\/types\/product"}],"wp:featuredmedia":[{"embeddable":true,"href":"https:\/\/olemosaic.com\/fr\/wp-json\/wp\/v2\/media\/11449"}],"wp:attachment":[{"href":"https:\/\/olemosaic.com\/fr\/wp-json\/wp\/v2\/media?parent=30766"}],"wp:term":[{"taxonomy":"product_brand","embeddable":true,"href":"https:\/\/olemosaic.com\/fr\/wp-json\/wp\/v2\/product_brand?post=30766"},{"taxonomy":"product_cat","embeddable":true,"href":"https:\/\/olemosaic.com\/fr\/wp-json\/wp\/v2\/product_cat?post=30766"},{"taxonomy":"product_tag","embeddable":true,"href":"https:\/\/olemosaic.com\/fr\/wp-json\/wp\/v2\/product_tag?post=30766"}],"curies":[{"name":"wp","href":"https:\/\/api.w.org\/{rel}","templated":true}]}}