{"id":30765,"date":"2025-02-20T23:32:33","date_gmt":"2025-02-20T22:32:33","guid":{"rendered":"http:\/\/olemosaic.com\/producto\/iman-de-metal-salamandra-lanzarote-plata-8-cm-2\/"},"modified":"2025-07-25T18:54:15","modified_gmt":"2025-07-25T16:54:15","slug":"aimant-en-metal-salamandre-lanzarote-argent-8-cm-2","status":"publish","type":"product","link":"https:\/\/olemosaic.com\/fr\/produit\/aimant-en-metal-salamandre-lanzarote-argent-8-cm-2\/","title":{"rendered":"Aimant en m\u00e9tal. Salamandre. Lanzarote. Canaries. Argent. 8 cm."},"content":{"rendered":"<p>Cet aimant m\u00e9tallique de 8 cm pr\u00e9sente une salamandre vibrante, symbole embl\u00e9matique de Lanzarote, id\u00e9al pour se souvenir de la beaut\u00e9 de cette \u00eele des Canaries. Son design color\u00e9 s&rsquo;inspire de la c\u00e9ramique traditionnelle de Lanzarote, capturant l&rsquo;essence culturelle de la r\u00e9gion \u00e0 travers une illustration qui se distingue par ses tons vifs de bleu, vert, rouge et jaune. La salamandre, soigneusement \u00e9labor\u00e9e, se dresse sur un fond de mosa\u00efque qui compl\u00e8te son design, \u00e9voquant le riche h\u00e9ritage artistique de l&rsquo;\u00eele. Le mot \u00ab\u00a0Lanzarote\u00a0\u00bb, situ\u00e9 sur la partie sup\u00e9rieure de l&rsquo;aimant, apporte une touche distinctive, transformant cette pi\u00e8ce en un souvenir attrayant et repr\u00e9sentatif.<\/p>\n<p>Cet aimant n&rsquo;est pas seulement un \u00e9l\u00e9ment d\u00e9coratif fonctionnel, mais agit comme un lien \u00e9motionnel avec l&rsquo;exp\u00e9rience de la visite de Lanzarote, l&rsquo;un des joyaux des \u00eeles Canaries. Sa singularit\u00e9 et son authenticit\u00e9 en font un souvenir parfait pour les touristes et les voyageurs qui cherchent \u00e0 ramener un morceau de la culture locale chez eux. Chez Ol\u00e9 Mosaic, nous nous consacrons \u00e0 offrir des souvenirs de qualit\u00e9 en gros, et cet aimant de salamandre est une excellente option pour les boutiques de cadeaux touristiques qui recherchent l&rsquo;authenticit\u00e9 et la pertinence culturelle dans leurs produits. En tant que grossistes de souvenirs, nous garantissons que chaque pi\u00e8ce r\u00e9sonne avec la tradition et le charme de la r\u00e9gion, devenant un souvenir inoubliable.<\/p>\n","protected":false},"excerpt":{"rendered":"<p>Aimant m\u00e9tallique de 8 cm avec une salamandre vibrante, symbole iconique de Lanzarote. Ce design color\u00e9, inspir\u00e9 de la c\u00e9ramique traditionnelle de l&rsquo;\u00eele, pr\u00e9sente un fond de mosa\u00efque qui rehausse les tons bleu, vert, rouge et jaune de la figure. Le mot \u00ab\u00a0Lanzarote\u00a0\u00bb sur la partie sup\u00e9rieure ajoute une touche distinctive et attrayante. Parfait pour se souvenir de votre visite sur cette magnifique \u00eele des Canaries.<\/p>\n","protected":false},"featured_media":12882,"template":"","meta":{"_acf_changed":false},"product_brand":[],"product_cat":[697],"product_tag":[530],"class_list":{"0":"post-30765","1":"product","2":"type-product","3":"status-publish","4":"has-post-thumbnail","6":"product_cat-aimants","7":"product_tag-animaux","8":"pa_ciudad-lanzarote","9":"pa_motivo-salamandres","10":"pa_pais-espana","12":"first","13":"instock","14":"shipping-taxable","15":"product-type-simple"},"acf":[],"_links":{"self":[{"href":"https:\/\/olemosaic.com\/fr\/wp-json\/wp\/v2\/product\/30765","targetHints":{"allow":["GET"]}}],"collection":[{"href":"https:\/\/olemosaic.com\/fr\/wp-json\/wp\/v2\/product"}],"about":[{"href":"https:\/\/olemosaic.com\/fr\/wp-json\/wp\/v2\/types\/product"}],"wp:featuredmedia":[{"embeddable":true,"href":"https:\/\/olemosaic.com\/fr\/wp-json\/wp\/v2\/media\/12882"}],"wp:attachment":[{"href":"https:\/\/olemosaic.com\/fr\/wp-json\/wp\/v2\/media?parent=30765"}],"wp:term":[{"taxonomy":"product_brand","embeddable":true,"href":"https:\/\/olemosaic.com\/fr\/wp-json\/wp\/v2\/product_brand?post=30765"},{"taxonomy":"product_cat","embeddable":true,"href":"https:\/\/olemosaic.com\/fr\/wp-json\/wp\/v2\/product_cat?post=30765"},{"taxonomy":"product_tag","embeddable":true,"href":"https:\/\/olemosaic.com\/fr\/wp-json\/wp\/v2\/product_tag?post=30765"}],"curies":[{"name":"wp","href":"https:\/\/api.w.org\/{rel}","templated":true}]}}