{"id":30762,"date":"2025-02-20T23:32:33","date_gmt":"2025-02-20T22:32:33","guid":{"rendered":"http:\/\/olemosaic.com\/producto\/iman-de-metal-sagrada-familia-barcelona-plata-8-cm-6\/"},"modified":"2025-07-25T20:03:39","modified_gmt":"2025-07-25T18:03:39","slug":"aimant-en-metal-sagrada-familia-barcelone-argent-8-cm-6","status":"publish","type":"product","link":"https:\/\/olemosaic.com\/fr\/produit\/aimant-en-metal-sagrada-familia-barcelone-argent-8-cm-6\/","title":{"rendered":"Aimant en m\u00e9tal. Sagrada Familia. Mosa\u00efque. I \u2665 Barcelona. Barcelone. Argent. 8 cm."},"content":{"rendered":"<p>Cet aimant m\u00e9tallique de 8 cm pr\u00e9sente une illustration vibrante de l&#8217;embl\u00e9matique Sagrada Familia, l&rsquo;un des monuments les plus iconiques de Barcelone. Avec un design stylis\u00e9 en forme de mosa\u00efque, ce souvenir attrayant utilise une palette de couleurs vives qui souligne les d\u00e9tails architecturaux caract\u00e9ristiques du chef-d&rsquo;\u0153uvre d&rsquo;Antoni Gaud\u00ed. Les tours et les fa\u00e7ades sont soigneusement repr\u00e9sent\u00e9es, capturant l&rsquo;essence du modernisme catalan. Dans la partie sup\u00e9rieure, le texte \u00ab\u00a0I \u2665 Barcelona\u00a0\u00bb se distingue, ajoutant une touche personnelle et \u00e9vocatrice qui r\u00e9sonnera sans aucun doute chez tous ceux qui ont visit\u00e9 cette ville fascinante.<\/p>\n<p>Cet aimant ne sert pas seulement d&rsquo;objet d\u00e9coratif pour la maison, mais aussi de souvenir repr\u00e9sentatif de la riche histoire et de la culture de Barcelone. Id\u00e9al pour les touristes \u00e0 la recherche de souvenirs authentiques refl\u00e9tant leur passage dans la ville, l&rsquo;aimant de la Sagrada Familia est un excellent choix pour les boutiques de cadeaux touristiques. Chez Ol\u00e9 Mosaic, en tant que distributeurs de souvenirs en gros, nous proposons des produits qui se distinguent par leur qualit\u00e9 artistique et leur pertinence culturelle, garantissant que chaque aimant soit une pi\u00e8ce unique capturant la magie de Barcelone et de son c\u00e9l\u00e8bre monument. Cet aimant de la Sagrada Familia est, sans aucun doute, un souvenir incontournable pour tous les amoureux de cette ville extraordinaire.<\/p>\n","protected":false},"excerpt":{"rendered":"<p>Aimant en m\u00e9tal de 8 cm avec une illustration vibrante de l&#8217;embl\u00e9matique Sagrada Familia de Barcelone. Ce design attrayant utilise une palette de couleurs vives et un style mosa\u00efque, capturant les d\u00e9tails architecturaux caract\u00e9ristiques du monument. Dans la partie sup\u00e9rieure, le texte \u00ab\u00a0I \u2665 Barcelona\u00a0\u00bb se distingue, ajoutant une touche personnelle qui \u00e9voque l&rsquo;amour pour cette ville. Un souvenir parfait pour se rappeler la beaut\u00e9 de Barcelone.<\/p>\n","protected":false},"featured_media":13540,"template":"","meta":{"_acf_changed":false},"product_brand":[],"product_cat":[697],"product_tag":[],"class_list":{"0":"post-30762","1":"product","2":"type-product","3":"status-publish","4":"has-post-thumbnail","6":"product_cat-aimants","7":"pa_ciudad-barcelona","8":"pa_motivo-sagrada-familia","9":"pa_pais-espana","11":"first","12":"instock","13":"shipping-taxable","14":"product-type-simple"},"acf":[],"_links":{"self":[{"href":"https:\/\/olemosaic.com\/fr\/wp-json\/wp\/v2\/product\/30762","targetHints":{"allow":["GET"]}}],"collection":[{"href":"https:\/\/olemosaic.com\/fr\/wp-json\/wp\/v2\/product"}],"about":[{"href":"https:\/\/olemosaic.com\/fr\/wp-json\/wp\/v2\/types\/product"}],"wp:featuredmedia":[{"embeddable":true,"href":"https:\/\/olemosaic.com\/fr\/wp-json\/wp\/v2\/media\/13540"}],"wp:attachment":[{"href":"https:\/\/olemosaic.com\/fr\/wp-json\/wp\/v2\/media?parent=30762"}],"wp:term":[{"taxonomy":"product_brand","embeddable":true,"href":"https:\/\/olemosaic.com\/fr\/wp-json\/wp\/v2\/product_brand?post=30762"},{"taxonomy":"product_cat","embeddable":true,"href":"https:\/\/olemosaic.com\/fr\/wp-json\/wp\/v2\/product_cat?post=30762"},{"taxonomy":"product_tag","embeddable":true,"href":"https:\/\/olemosaic.com\/fr\/wp-json\/wp\/v2\/product_tag?post=30762"}],"curies":[{"name":"wp","href":"https:\/\/api.w.org\/{rel}","templated":true}]}}