{"id":30761,"date":"2025-02-20T23:32:33","date_gmt":"2025-02-20T22:32:33","guid":{"rendered":"http:\/\/olemosaic.com\/producto\/iman-de-metal-sagrada-familia-barcelona-negro-8-cm-6\/"},"modified":"2025-07-25T18:35:45","modified_gmt":"2025-07-25T16:35:45","slug":"aimant-metal-sagrada-familia-barcelone-noir-8-cm-fr-2","status":"publish","type":"product","link":"https:\/\/olemosaic.com\/fr\/produit\/aimant-metal-sagrada-familia-barcelone-noir-8-cm-fr-2\/","title":{"rendered":"Aimant en m\u00e9tal. Sagrada Familia. Barcelone. Fond noir. 8 cm."},"content":{"rendered":"<p>Cet aimant m\u00e9tallique de 8 cm pr\u00e9sente une repr\u00e9sentation impressionnante de la Sagrada Familia, le monument embl\u00e9matique de Barcelone, capturant son essence unique dans un design vibrant et color\u00e9. Son style \u00e9voque l&rsquo;art de la mosa\u00efque, avec une base noire qui rehausse les tons brillants ornant ce chef-d&rsquo;\u0153uvre architectural. Les couleurs vives, allant du rouge et bleu au jaune et vert, refl\u00e8tent la diversit\u00e9 du modernisme catalan, transformant cet aimant en une v\u00e9ritable \u0153uvre d&rsquo;art. En haut, le mot \u00ab\u00a0Barcelone\u00a0\u00bb se d\u00e9tache, ajoutant une touche d&rsquo;authenticit\u00e9 et renfor\u00e7ant sa fonction de souvenir parfait pour les amateurs de culture et d&rsquo;architecture.<\/p>\n<p>Cet aimant ne sert pas seulement de souvenir visuel de l&rsquo;imposante Sagrada Familia, il symbolise \u00e9galement le riche h\u00e9ritage culturel de la ville. C&rsquo;est le produit id\u00e9al pour ceux qui souhaitent ramener chez eux un morceau de Barcelone dans une pi\u00e8ce compacte et fonctionnelle. Chez Ol\u00e9 Mosaic, en tant que distributeurs de souvenirs en gros, nous proposons des articles qui capturent l&rsquo;essence de chaque lieu, garantissant que chaque aimant est authentique et de qualit\u00e9. Cet aimant de la Sagrada Familia est une excellente option pour les boutiques de cadeaux touristiques souhaitant offrir des souvenirs repr\u00e9sentatifs et d&rsquo;une grande valeur culturelle.<\/p>\n","protected":false},"excerpt":{"rendered":"<p>Aimant m\u00e9tallique de 8 cm avec une repr\u00e9sentation color\u00e9e de la Sagrada Familia, le monument embl\u00e9matique de Barcelone. Le design vibrant, rappelant l&rsquo;art de la mosa\u00efque, se distingue par ses couleurs frappantes sur un fond noir qui met en valeur le temple. Le mot \u00ab\u00a0Barcelone\u00a0\u00bb en haut compl\u00e8te la sc\u00e8ne, faisant de cet aimant un souvenir parfait pour les amateurs d&rsquo;architecture et de culture catalane.<\/p>\n","protected":false},"featured_media":11392,"template":"","meta":{"_acf_changed":false},"product_brand":[],"product_cat":[697],"product_tag":[],"class_list":{"0":"post-30761","1":"product","2":"type-product","3":"status-publish","4":"has-post-thumbnail","6":"product_cat-aimants","7":"pa_ciudad-barcelona","8":"pa_motivo-sagrada-familia","9":"pa_pais-espana","11":"first","12":"instock","13":"shipping-taxable","14":"product-type-simple"},"acf":[],"_links":{"self":[{"href":"https:\/\/olemosaic.com\/fr\/wp-json\/wp\/v2\/product\/30761","targetHints":{"allow":["GET"]}}],"collection":[{"href":"https:\/\/olemosaic.com\/fr\/wp-json\/wp\/v2\/product"}],"about":[{"href":"https:\/\/olemosaic.com\/fr\/wp-json\/wp\/v2\/types\/product"}],"wp:featuredmedia":[{"embeddable":true,"href":"https:\/\/olemosaic.com\/fr\/wp-json\/wp\/v2\/media\/11392"}],"wp:attachment":[{"href":"https:\/\/olemosaic.com\/fr\/wp-json\/wp\/v2\/media?parent=30761"}],"wp:term":[{"taxonomy":"product_brand","embeddable":true,"href":"https:\/\/olemosaic.com\/fr\/wp-json\/wp\/v2\/product_brand?post=30761"},{"taxonomy":"product_cat","embeddable":true,"href":"https:\/\/olemosaic.com\/fr\/wp-json\/wp\/v2\/product_cat?post=30761"},{"taxonomy":"product_tag","embeddable":true,"href":"https:\/\/olemosaic.com\/fr\/wp-json\/wp\/v2\/product_tag?post=30761"}],"curies":[{"name":"wp","href":"https:\/\/api.w.org\/{rel}","templated":true}]}}