{"id":30760,"date":"2025-02-20T22:32:33","date_gmt":"2025-02-20T22:32:33","guid":{"rendered":"http:\/\/olemosaic.com\/producto\/iman-de-metal-salamandra-valencia-8-cm\/"},"modified":"2025-07-25T18:57:33","modified_gmt":"2025-07-25T16:57:33","slug":"aimant-metal-salamandre-valence-8-cm","status":"publish","type":"product","link":"https:\/\/olemosaic.com\/fr\/produit\/aimant-metal-salamandre-valence-8-cm\/","title":{"rendered":"Aimant en m\u00e9tal. Salamandre. Valence. 8 cm."},"content":{"rendered":"<p>Cet aimant m\u00e9tallique de 8 cm pr\u00e9sente une salamandre color\u00e9e, symbole embl\u00e9matique de Valence, con\u00e7u pour capturer l&rsquo;essence vibrante de cette belle ville. La salamandre, \u00e9labor\u00e9e avec une mosa\u00efque dans une vari\u00e9t\u00e9 de tons bleus, verts, jaunes et rouges, \u00e9voque le style artistique du c\u00e9l\u00e8bre architecte Antoni Gaud\u00ed, connu pour ses \u0153uvres int\u00e9grant la nature au design architectural. Ce d\u00e9tail souligne non seulement l&rsquo;admiration pour l&rsquo;art catalan, mais aussi le lien avec le riche h\u00e9ritage culturel de Valence.<\/p>\n<p>Le fond bleu clair contraste avec la salamandre, cr\u00e9ant un effet visuel frappant qui la fait ressortir. Le mot \u00ab\u00a0VALENCE\u00a0\u00bb en haut de l&rsquo;aimant identifie non seulement son origine, mais sert \u00e9galement de rappel nostalgique du voyage et de l&rsquo;exp\u00e9rience v\u00e9cue. Ce souvenir est une excellente option pour garder vivant le souvenir d&rsquo;une visite \u00e0 Valence ou comme cadeau d\u00e9coratif capturant l&rsquo;esprit du lieu. Chez Ol\u00e9 Mosaic, nous sommes des distributeurs de souvenirs de qualit\u00e9, offrant des produits authentiques qui repr\u00e9sentent la singularit\u00e9 de chaque r\u00e9gion. Cet aimant de salamandre est id\u00e9al pour les boutiques de cadeaux touristiques \u00e0 la recherche d&rsquo;articles uniques et repr\u00e9sentatifs de leurs destinations.<\/p>\n","protected":false},"excerpt":{"rendered":"<p>Aimant m\u00e9tallique de 8 cm repr\u00e9sentant une salamandre color\u00e9e, symbole embl\u00e9matique de Valence. Le design vibrant montre une salamandre avec des mosa\u00efques dans les tons bleus, verts, jaunes et rouges, sur une base bleu clair \u00e9voquant le style du c\u00e9l\u00e8bre architecte Antoni Gaud\u00ed. Le mot \u00ab\u00a0VALENCE\u00a0\u00bb appara\u00eet en haut, soulignant le lien avec cette belle ville. Id\u00e9al pour se souvenir de votre visite ou comme cadeau d\u00e9coratif.<\/p>\n","protected":false},"featured_media":12889,"template":"","meta":{"_acf_changed":false},"product_brand":[],"product_cat":[697],"product_tag":[530],"class_list":{"0":"post-30760","1":"product","2":"type-product","3":"status-publish","4":"has-post-thumbnail","6":"product_cat-aimants","7":"product_tag-animaux","8":"pa_ciudad-valencia","9":"pa_motivo-salamandres","10":"pa_pais-espana","12":"first","13":"instock","14":"shipping-taxable","15":"product-type-simple"},"acf":[],"_links":{"self":[{"href":"https:\/\/olemosaic.com\/fr\/wp-json\/wp\/v2\/product\/30760","targetHints":{"allow":["GET"]}}],"collection":[{"href":"https:\/\/olemosaic.com\/fr\/wp-json\/wp\/v2\/product"}],"about":[{"href":"https:\/\/olemosaic.com\/fr\/wp-json\/wp\/v2\/types\/product"}],"wp:featuredmedia":[{"embeddable":true,"href":"https:\/\/olemosaic.com\/fr\/wp-json\/wp\/v2\/media\/12889"}],"wp:attachment":[{"href":"https:\/\/olemosaic.com\/fr\/wp-json\/wp\/v2\/media?parent=30760"}],"wp:term":[{"taxonomy":"product_brand","embeddable":true,"href":"https:\/\/olemosaic.com\/fr\/wp-json\/wp\/v2\/product_brand?post=30760"},{"taxonomy":"product_cat","embeddable":true,"href":"https:\/\/olemosaic.com\/fr\/wp-json\/wp\/v2\/product_cat?post=30760"},{"taxonomy":"product_tag","embeddable":true,"href":"https:\/\/olemosaic.com\/fr\/wp-json\/wp\/v2\/product_tag?post=30760"}],"curies":[{"name":"wp","href":"https:\/\/api.w.org\/{rel}","templated":true}]}}