{"id":30759,"date":"2025-02-20T23:32:32","date_gmt":"2025-02-20T22:32:32","guid":{"rendered":"http:\/\/olemosaic.com\/producto\/iman-de-metal-salamandra-barcelona-negro-8-cm-2\/"},"modified":"2025-07-25T19:32:44","modified_gmt":"2025-07-25T17:32:44","slug":"aimant-metal-salamandre-barcelone-noir-8-cm-fr","status":"publish","type":"product","link":"https:\/\/olemosaic.com\/fr\/produit\/aimant-metal-salamandre-barcelone-noir-8-cm-fr\/","title":{"rendered":"Aimant en m\u00e9tal. Salamandre. Mosa\u00efque. Barcelone. Fond noir. 8 cm."},"content":{"rendered":"<p>Cet aimant m\u00e9tallique de 8 cm pr\u00e9sente une salamandre color\u00e9e, un design embl\u00e9matique associ\u00e9 \u00e0 la ville vibrante de Barcelone. Son fond noir fait ressortir un motif \u00e9clatant, compos\u00e9 de mosa\u00efques multicolores qui \u00e9voquent le c\u00e9l\u00e8bre style moderniste caract\u00e9risant l&rsquo;architecture de la ville. La salamandre est repr\u00e9sent\u00e9e dans une pose dynamique, soulignant ses lignes douces et son design splendide, qui capture l&rsquo;essence de la cr\u00e9ativit\u00e9 artistique barcelonaise. \u00c0 ses c\u00f4t\u00e9s, un petit l\u00e9zard ajoute un charme suppl\u00e9mentaire, enrichissant la composition et apportant une touche de biodiversit\u00e9 locale.<\/p>\n<p>Dans la partie sup\u00e9rieure de l&rsquo;aimant, le mot \u00ab\u00a0Barcelone\u00a0\u00bb appara\u00eet en lettres stylis\u00e9es, ce qui en fait un souvenir parfait de la culture et de l&rsquo;art de cette m\u00e9tropole embl\u00e9matique. Cet aimant n&rsquo;est pas seulement un objet d\u00e9coratif, il repr\u00e9sente le lien culturel avec l&rsquo;histoire fascinante de Barcelone, c\u00e9l\u00e8bre pour ses mosa\u00efques, notamment les cr\u00e9ations d&rsquo;Antoni Gaud\u00ed qui embellissent plusieurs points de la ville.<\/p>\n<p>Pour les touristes \u00e0 la recherche de souvenirs uniques de Barcelone, cet aimant de salamandre est une excellente option, car il allie fonctionnalit\u00e9 et esth\u00e9tique, devenant un cadeau id\u00e9al ou un souvenir durable de leur visite. Chez Ol\u00e9 Mosaic, nous nous sp\u00e9cialisons dans la distribution de souvenirs en gros, fournissant des aimants authentiques qui refl\u00e8tent la richesse culturelle de l&rsquo;Espagne, parfaits pour les boutiques de cadeaux touristiques qui misent sur la qualit\u00e9 et l&rsquo;originalit\u00e9 de leur offre.<\/p>\n","protected":false},"excerpt":{"rendered":"<p>Aimant en m\u00e9tal de 8 cm d\u00e9cor\u00e9 d&rsquo;une salamandre color\u00e9e, un design embl\u00e9matique de Barcelone. Cet aimant pr\u00e9sente un motif vibrant avec des mosa\u00efques multicolores sur fond noir, \u00e9voquant le style moderniste de la ville. La figure de la salamandre est accompagn\u00e9e d&rsquo;un petit l\u00e9zard, ce qui renforce l&rsquo;attrait de ce souvenir. Il inclut le mot \u00ab\u00a0Barcelone\u00a0\u00bb en lettres stylis\u00e9es, en faisant un souvenir parfait de la culture locale.<\/p>\n","protected":false},"featured_media":12869,"template":"","meta":{"_acf_changed":false},"product_brand":[],"product_cat":[697],"product_tag":[530],"class_list":{"0":"post-30759","1":"product","2":"type-product","3":"status-publish","4":"has-post-thumbnail","6":"product_cat-aimants","7":"product_tag-animaux","8":"pa_ciudad-barcelona","9":"pa_motivo-salamandres","10":"pa_pais-espana","12":"first","13":"instock","14":"shipping-taxable","15":"product-type-simple"},"acf":[],"_links":{"self":[{"href":"https:\/\/olemosaic.com\/fr\/wp-json\/wp\/v2\/product\/30759","targetHints":{"allow":["GET"]}}],"collection":[{"href":"https:\/\/olemosaic.com\/fr\/wp-json\/wp\/v2\/product"}],"about":[{"href":"https:\/\/olemosaic.com\/fr\/wp-json\/wp\/v2\/types\/product"}],"wp:featuredmedia":[{"embeddable":true,"href":"https:\/\/olemosaic.com\/fr\/wp-json\/wp\/v2\/media\/12869"}],"wp:attachment":[{"href":"https:\/\/olemosaic.com\/fr\/wp-json\/wp\/v2\/media?parent=30759"}],"wp:term":[{"taxonomy":"product_brand","embeddable":true,"href":"https:\/\/olemosaic.com\/fr\/wp-json\/wp\/v2\/product_brand?post=30759"},{"taxonomy":"product_cat","embeddable":true,"href":"https:\/\/olemosaic.com\/fr\/wp-json\/wp\/v2\/product_cat?post=30759"},{"taxonomy":"product_tag","embeddable":true,"href":"https:\/\/olemosaic.com\/fr\/wp-json\/wp\/v2\/product_tag?post=30759"}],"curies":[{"name":"wp","href":"https:\/\/api.w.org\/{rel}","templated":true}]}}