{"id":30758,"date":"2025-02-20T22:32:32","date_gmt":"2025-02-20T22:32:32","guid":{"rendered":"http:\/\/olemosaic.com\/producto\/iman-de-metal-toro-marbella-8-cm\/"},"modified":"2025-07-25T18:38:01","modified_gmt":"2025-07-25T16:38:01","slug":"aimant-metal-taureau-marbella-8-cm","status":"publish","type":"product","link":"https:\/\/olemosaic.com\/fr\/produit\/aimant-metal-taureau-marbella-8-cm\/","title":{"rendered":"Aimant en m\u00e9tal. Taureau. Marbella. 8 cm."},"content":{"rendered":"<p>Cet aimant m\u00e9tallique de 8 cm pr\u00e9sente une repr\u00e9sentation color\u00e9e d&rsquo;un taureau, l&rsquo;un des symboles les plus embl\u00e9matiques de la culture espagnole, particuli\u00e8rement appr\u00e9ci\u00e9 \u00e0 Marbella. Son design vibrant, aux multiples nuances \u00e9voquant un style mosa\u00efque, souligne la majest\u00e9 du taureau, un animal qui fait partie int\u00e9grante de la tradition et du folklore espagnols. Le fond bleu contraste magnifiquement avec les couleurs du taureau, cr\u00e9ant une pi\u00e8ce visuellement attrayante qui attirera l&rsquo;attention sur n&rsquo;importe quelle surface m\u00e9tallique.<\/p>\n<p>Le mot \u00ab\u00a0MARBELLA\u00a0\u00bb est imprim\u00e9 en lettres frappantes, ce qui non seulement rappelle aux touristes leur exp\u00e9rience dans cette charmante ville c\u00f4ti\u00e8re, mais ajoute \u00e9galement une touche d&rsquo;authenticit\u00e9 \u00e0 ce souvenir. En acqu\u00e9rant cet aimant de taureau, les visiteurs emportent un morceau de la riche culture andalouse, qui c\u00e9l\u00e8bre la force et la beaut\u00e9 du taureau de combat, \u00e9l\u00e9ment central des festivit\u00e9s et traditions espagnoles.<\/p>\n<p>Chez Ol\u00e9 Mosaic, nous nous sp\u00e9cialisons dans la distribution de souvenirs en gros, proposant des aimants qui ne sont pas seulement pratiques, mais qui encapsulent \u00e9galement l&rsquo;essence culturelle des r\u00e9gions qu&rsquo;ils repr\u00e9sentent. Cet aimant de Marbella est une excellente option pour les boutiques de cadeaux touristiques \u00e0 la recherche de produits porteurs de sens et de qualit\u00e9, ce qui en fait un choix merveilleux pour ceux qui souhaitent emporter un souvenir authentique et repr\u00e9sentatif de l&rsquo;Espagne. En tant que grossistes d&rsquo;aimants, nous veillons \u00e0 ce que chaque pi\u00e8ce combine un design attrayant avec une riche tradition culturelle.<\/p>\n","protected":false},"excerpt":{"rendered":"<p>Aimant m\u00e9tallique de 8 cm, d\u00e9cor\u00e9 d&rsquo;une repr\u00e9sentation color\u00e9e d&rsquo;un taureau, symbole embl\u00e9matique de la culture espagnole, particuli\u00e8rement appr\u00e9ci\u00e9 \u00e0 Marbella. Cet aimant pr\u00e9sente un design vibrant aux multiples nuances, \u00e9voquant un style mosa\u00efque qui rehausse la majest\u00e9 du taureau. Le fond bleu contraste et met en valeur les couleurs de l&rsquo;animal, tandis que le mot \u00ab\u00a0MARBELLA\u00a0\u00bb est imprim\u00e9 en lettres frappantes, en faisant un souvenir attrayant et repr\u00e9sentatif de la r\u00e9gion.<\/p>\n","protected":false},"featured_media":10011,"template":"","meta":{"_acf_changed":false},"product_brand":[],"product_cat":[697],"product_tag":[530],"class_list":{"0":"post-30758","1":"product","2":"type-product","3":"status-publish","4":"has-post-thumbnail","6":"product_cat-aimants","7":"product_tag-animaux","8":"pa_ciudad-marbella","9":"pa_motivo-taureaux","10":"pa_pais-espana","12":"first","13":"instock","14":"shipping-taxable","15":"product-type-simple"},"acf":[],"_links":{"self":[{"href":"https:\/\/olemosaic.com\/fr\/wp-json\/wp\/v2\/product\/30758","targetHints":{"allow":["GET"]}}],"collection":[{"href":"https:\/\/olemosaic.com\/fr\/wp-json\/wp\/v2\/product"}],"about":[{"href":"https:\/\/olemosaic.com\/fr\/wp-json\/wp\/v2\/types\/product"}],"wp:featuredmedia":[{"embeddable":true,"href":"https:\/\/olemosaic.com\/fr\/wp-json\/wp\/v2\/media\/10011"}],"wp:attachment":[{"href":"https:\/\/olemosaic.com\/fr\/wp-json\/wp\/v2\/media?parent=30758"}],"wp:term":[{"taxonomy":"product_brand","embeddable":true,"href":"https:\/\/olemosaic.com\/fr\/wp-json\/wp\/v2\/product_brand?post=30758"},{"taxonomy":"product_cat","embeddable":true,"href":"https:\/\/olemosaic.com\/fr\/wp-json\/wp\/v2\/product_cat?post=30758"},{"taxonomy":"product_tag","embeddable":true,"href":"https:\/\/olemosaic.com\/fr\/wp-json\/wp\/v2\/product_tag?post=30758"}],"curies":[{"name":"wp","href":"https:\/\/api.w.org\/{rel}","templated":true}]}}