{"id":30724,"date":"2025-02-20T22:32:32","date_gmt":"2025-02-20T22:32:32","guid":{"rendered":"http:\/\/olemosaic.com\/producto\/iman-de-metal-elefante-8-cm\/"},"modified":"2025-07-25T19:00:43","modified_gmt":"2025-07-25T17:00:43","slug":"aimant-metal-elephant-8-cm","status":"publish","type":"product","link":"https:\/\/olemosaic.com\/fr\/produit\/aimant-metal-elephant-8-cm\/","title":{"rendered":"Aimant en m\u00e9tal. \u00c9l\u00e9phant. 8 cm."},"content":{"rendered":"<p>Cet aimant m\u00e9tallique de 8 cm pr\u00e9sente un design vibrant d&rsquo;un \u00e9l\u00e9phant inspir\u00e9 des techniques de mosa\u00efque, id\u00e9al pour attirer l&rsquo;attention de ceux qui recherchent un souvenir authentique et color\u00e9. L&rsquo;\u00e9l\u00e9phant, d\u00e9cor\u00e9 d&rsquo;une vari\u00e9t\u00e9 de nuances allant du rouge intense au vert brillant, ressort sur un fond bleu doux, cr\u00e9ant un contraste visuel attrayant qui \u00e9voque la riche tradition artistique de la culture m\u00e9diterran\u00e9enne. Chaque d\u00e9tail de la mosa\u00efque a \u00e9t\u00e9 soigneusement \u00e9labor\u00e9 pour refl\u00e9ter la joie et le dynamisme qui caract\u00e9risent ces animaux majestueux, symbolisant la sagesse et la force.<\/p>\n<p>Cet aimant n&rsquo;est pas seulement un \u00e9l\u00e9ment d\u00e9coratif attrayant, mais aussi un souvenir repr\u00e9sentatif qui permet aux touristes d&#8217;emporter un petit morceau de la culture locale chez eux. Parfait pour personnaliser n&rsquo;importe quel espace, cet aimant d&rsquo;\u00e9l\u00e9phant est une excellente id\u00e9e de cadeau ou un ajout charmant aux collections de souvenirs. Chez Ol\u00e9 Mosaic, nous sommes distributeurs de souvenirs en gros et proposons des articles authentiques qui mettent en valeur la beaut\u00e9 et la tradition culturelle. Cet aimant est un choix parfait pour les boutiques de cadeaux touristiques cherchant \u00e0 offrir des produits distinctifs et pleins de sens.<\/p>\n","protected":false},"excerpt":{"rendered":"<p>Aimant m\u00e9tallique de 8 cm avec un design color\u00e9 d&rsquo;\u00e9l\u00e9phant, inspir\u00e9 des techniques de mosa\u00efque. L&rsquo;\u00e9l\u00e9phant, vibrant et orn\u00e9 d&rsquo;une grande vari\u00e9t\u00e9 de couleurs, ressort sur un fond bleu doux, cr\u00e9ant un contraste visuel tr\u00e8s attrayant. Cet aimant capture l&rsquo;essence de l&rsquo;art d\u00e9coratif et est parfait pour ceux qui recherchent un souvenir distinctif repr\u00e9sentant une culture riche et joyeuse. Id\u00e9al pour personnaliser n&rsquo;importe quel espace avec une touche d&rsquo;originalit\u00e9.<\/p>\n","protected":false},"featured_media":12861,"template":"","meta":{"_acf_changed":false},"product_brand":[],"product_cat":[697],"product_tag":[530],"class_list":{"0":"post-30724","1":"product","2":"type-product","3":"status-publish","4":"has-post-thumbnail","6":"product_cat-aimants","7":"product_tag-animaux","8":"pa_motivo-elephants","10":"first","11":"instock","12":"shipping-taxable","13":"product-type-simple"},"acf":[],"_links":{"self":[{"href":"https:\/\/olemosaic.com\/fr\/wp-json\/wp\/v2\/product\/30724","targetHints":{"allow":["GET"]}}],"collection":[{"href":"https:\/\/olemosaic.com\/fr\/wp-json\/wp\/v2\/product"}],"about":[{"href":"https:\/\/olemosaic.com\/fr\/wp-json\/wp\/v2\/types\/product"}],"wp:featuredmedia":[{"embeddable":true,"href":"https:\/\/olemosaic.com\/fr\/wp-json\/wp\/v2\/media\/12861"}],"wp:attachment":[{"href":"https:\/\/olemosaic.com\/fr\/wp-json\/wp\/v2\/media?parent=30724"}],"wp:term":[{"taxonomy":"product_brand","embeddable":true,"href":"https:\/\/olemosaic.com\/fr\/wp-json\/wp\/v2\/product_brand?post=30724"},{"taxonomy":"product_cat","embeddable":true,"href":"https:\/\/olemosaic.com\/fr\/wp-json\/wp\/v2\/product_cat?post=30724"},{"taxonomy":"product_tag","embeddable":true,"href":"https:\/\/olemosaic.com\/fr\/wp-json\/wp\/v2\/product_tag?post=30724"}],"curies":[{"name":"wp","href":"https:\/\/api.w.org\/{rel}","templated":true}]}}