{"id":30723,"date":"2025-02-20T22:32:32","date_gmt":"2025-02-20T22:32:32","guid":{"rendered":"http:\/\/olemosaic.com\/producto\/iman-de-metal-gato-mallorca-plata-8-cm\/"},"modified":"2025-07-25T19:35:56","modified_gmt":"2025-07-25T17:35:56","slug":"aimant-metal-chat-majorque-argent-8-cm","status":"publish","type":"product","link":"https:\/\/olemosaic.com\/fr\/produit\/aimant-metal-chat-majorque-argent-8-cm\/","title":{"rendered":"Aimant en m\u00e9tal. Chat. Majorque. Argent. 8 cm."},"content":{"rendered":"<p>Cet aimant m\u00e9tallique de 8 cm pr\u00e9sente un design charmant d&rsquo;un chat, inspir\u00e9 de l&rsquo;art majorquin, qui combine des couleurs vibrantes et une technique simulant une mosa\u00efque. La figure du chat, avec ses formes frappantes et sa riche palette de couleurs, capture l&rsquo;essence de la cr\u00e9ativit\u00e9 bal\u00e9are, tandis que le fond recr\u00e9e des textures \u00e9voquant les traditions artistiques de l&rsquo;\u00eele. Le mot \u00ab\u00a0MALLORCA\u00a0\u00bb est int\u00e9gr\u00e9 \u00e0 la composition avec des lettres \u00e9nergiques qui ressortent, ajoutant une touche distinctive qui rend ce souvenir encore plus sp\u00e9cial.<\/p>\n<p>Cet aimant n&rsquo;est pas un simple objet d\u00e9coratif ; c&rsquo;est un souvenir authentique de la riche culture et du folklore de Majorque, id\u00e9al pour ceux qui visitent l&rsquo;\u00eele et souhaitent emporter un petit morceau de sa magie. En tant que distributeurs de souvenirs de Majorque, chez Ol\u00e9 Mosaic, nous proposons cet aimant comme une excellente option pour les boutiques de cadeaux touristiques recherchant des produits de qualit\u00e9 et repr\u00e9sentatifs du style de vie majorquin. Cet aimant de chat est le souvenir parfait pour les touristes souhaitant se rem\u00e9morer leur visite sur cette \u00eele charmante, un objet facile \u00e0 transporter et \u00e0 exposer dans n&rsquo;importe quel foyer.<\/p>\n","protected":false},"excerpt":{"rendered":"<p>Aimant en m\u00e9tal de 8 cm, avec un chat color\u00e9 inspir\u00e9 de l&rsquo;art de Majorque. L&rsquo;aimant pr\u00e9sente un design vibrant, avec une technique simulant une mosa\u00efque, utilisant une gamme de couleurs brillantes qui donnent vie \u00e0 l&rsquo;animal. En arri\u00e8re-plan, on appr\u00e9cie des textures \u00e9voquant les traditions artistiques de l&rsquo;\u00eele, tandis que le mot \u00ab\u00a0MALLORCA\u00a0\u00bb se d\u00e9tache avec des lettres frappantes, en faisant un souvenir id\u00e9al de la beaut\u00e9 et du folklore bal\u00e9are.<\/p>\n","protected":false},"featured_media":12851,"template":"","meta":{"_acf_changed":false},"product_brand":[],"product_cat":[697],"product_tag":[530],"class_list":{"0":"post-30723","1":"product","2":"type-product","3":"status-publish","4":"has-post-thumbnail","6":"product_cat-aimants","7":"product_tag-animaux","8":"pa_ciudad-mallorca","9":"pa_motivo-chats","10":"pa_pais-espana","12":"first","13":"instock","14":"shipping-taxable","15":"product-type-simple"},"acf":[],"_links":{"self":[{"href":"https:\/\/olemosaic.com\/fr\/wp-json\/wp\/v2\/product\/30723","targetHints":{"allow":["GET"]}}],"collection":[{"href":"https:\/\/olemosaic.com\/fr\/wp-json\/wp\/v2\/product"}],"about":[{"href":"https:\/\/olemosaic.com\/fr\/wp-json\/wp\/v2\/types\/product"}],"wp:featuredmedia":[{"embeddable":true,"href":"https:\/\/olemosaic.com\/fr\/wp-json\/wp\/v2\/media\/12851"}],"wp:attachment":[{"href":"https:\/\/olemosaic.com\/fr\/wp-json\/wp\/v2\/media?parent=30723"}],"wp:term":[{"taxonomy":"product_brand","embeddable":true,"href":"https:\/\/olemosaic.com\/fr\/wp-json\/wp\/v2\/product_brand?post=30723"},{"taxonomy":"product_cat","embeddable":true,"href":"https:\/\/olemosaic.com\/fr\/wp-json\/wp\/v2\/product_cat?post=30723"},{"taxonomy":"product_tag","embeddable":true,"href":"https:\/\/olemosaic.com\/fr\/wp-json\/wp\/v2\/product_tag?post=30723"}],"curies":[{"name":"wp","href":"https:\/\/api.w.org\/{rel}","templated":true}]}}