{"id":30722,"date":"2025-02-20T22:32:32","date_gmt":"2025-02-20T22:32:32","guid":{"rendered":"http:\/\/olemosaic.com\/producto\/iman-de-metal-caballito-de-mar-8-cm\/"},"modified":"2025-07-25T19:30:52","modified_gmt":"2025-07-25T17:30:52","slug":"aimant-metal-hippocampe-8-cm","status":"publish","type":"product","link":"https:\/\/olemosaic.com\/fr\/produit\/aimant-metal-hippocampe-8-cm\/","title":{"rendered":"Aimant en m\u00e9tal. Hippocampe. 8 cm."},"content":{"rendered":"<p>Cet aimant m\u00e9tallique de 8 cm pr\u00e9sente un design charmant d&rsquo;hippocampes aux couleurs vibrantes, parfait pour ceux qui recherchent un souvenir c\u00e9l\u00e9brant la richesse du patrimoine marin espagnol. Son design artistique de style mosa\u00efque combine une palette de bleus, verts, rouges et jaunes, cr\u00e9ant une sc\u00e8ne sous-marine pleine de vie et de mouvement. Les trois figures d&rsquo;hippocampes, entour\u00e9es de coraux et d&rsquo;algues, \u00e9voquent la beaut\u00e9 des eaux m\u00e9diterran\u00e9ennes, faisant de cet aimant un souvenir id\u00e9al de la c\u00f4te espagnole. L&rsquo;attention port\u00e9e aux d\u00e9tails dans la repr\u00e9sentation de chaque hippocampe, des ondulations de leurs corps \u00e0 la texture des \u00e9l\u00e9ments marins environnants, souligne l&rsquo;artisanat de cet article.<\/p>\n<p>Cet aimant n&rsquo;est pas seulement une d\u00e9coration attrayante pour la maison, mais sert \u00e9galement de magnifique rappel des aventures v\u00e9cues \u00e0 la plage. Son authenticit\u00e9 et sa connexion culturelle en font un excellent souvenir pour les touristes souhaitant emporter un morceau de l&rsquo;h\u00e9ritage espagnol. Chez Ol\u00e9 Mosaic, nous nous sp\u00e9cialisons dans la distribution de souvenirs en gros, et cet aimant d&rsquo;hippocampes est un choix id\u00e9al pour les boutiques de cadeaux touristiques cherchant \u00e0 offrir \u00e0 leurs clients des produits authentiques et color\u00e9s qui mettent en valeur la diversit\u00e9 de l&rsquo;art espagnol.<\/p>\n","protected":false},"excerpt":{"rendered":"<p>Aimant m\u00e9tallique de 8 cm avec un charmant design d&rsquo;hippocampes aux couleurs vibrantes. Cet aimant se distingue par sa repr\u00e9sentation artistique de style mosa\u00efque, avec des bleus, verts, rouges et jaunes, cr\u00e9ant une sc\u00e8ne sous-marine pleine de vie. Les hippocampes, entour\u00e9s de coraux et d&rsquo;algues, \u00e9voquent la beaut\u00e9 de la mer M\u00e9diterran\u00e9e, en faisant un souvenir parfait pour se souvenir de la c\u00f4te espagnole.<\/p>\n","protected":false},"featured_media":11454,"template":"","meta":{"_acf_changed":false},"product_brand":[],"product_cat":[697],"product_tag":[530],"class_list":{"0":"post-30722","1":"product","2":"type-product","3":"status-publish","4":"has-post-thumbnail","6":"product_cat-aimants","7":"product_tag-animaux","8":"pa_motivo-hippocampes","10":"first","11":"instock","12":"shipping-taxable","13":"product-type-simple"},"acf":[],"_links":{"self":[{"href":"https:\/\/olemosaic.com\/fr\/wp-json\/wp\/v2\/product\/30722","targetHints":{"allow":["GET"]}}],"collection":[{"href":"https:\/\/olemosaic.com\/fr\/wp-json\/wp\/v2\/product"}],"about":[{"href":"https:\/\/olemosaic.com\/fr\/wp-json\/wp\/v2\/types\/product"}],"wp:featuredmedia":[{"embeddable":true,"href":"https:\/\/olemosaic.com\/fr\/wp-json\/wp\/v2\/media\/11454"}],"wp:attachment":[{"href":"https:\/\/olemosaic.com\/fr\/wp-json\/wp\/v2\/media?parent=30722"}],"wp:term":[{"taxonomy":"product_brand","embeddable":true,"href":"https:\/\/olemosaic.com\/fr\/wp-json\/wp\/v2\/product_brand?post=30722"},{"taxonomy":"product_cat","embeddable":true,"href":"https:\/\/olemosaic.com\/fr\/wp-json\/wp\/v2\/product_cat?post=30722"},{"taxonomy":"product_tag","embeddable":true,"href":"https:\/\/olemosaic.com\/fr\/wp-json\/wp\/v2\/product_tag?post=30722"}],"curies":[{"name":"wp","href":"https:\/\/api.w.org\/{rel}","templated":true}]}}