{"id":30721,"date":"2025-02-20T23:32:32","date_gmt":"2025-02-20T22:32:32","guid":{"rendered":"http:\/\/olemosaic.com\/producto\/iman-de-metal-sagrada-familia-barcelona-8-cm-16\/"},"modified":"2025-07-25T19:57:01","modified_gmt":"2025-07-25T17:57:01","slug":"aimant-metal-sagrada-familia-barcelone-8-cm-fr-6","status":"publish","type":"product","link":"https:\/\/olemosaic.com\/fr\/produit\/aimant-metal-sagrada-familia-barcelone-8-cm-fr-6\/","title":{"rendered":"Aimant en m\u00e9tal. Sagrada Familia. Gaud\u00ed. I \u2665 Barcelona. Barcelone. 8 cm."},"content":{"rendered":"<p>Cet aimant m\u00e9tallique de 8 cm, inspir\u00e9 de l&#8217;embl\u00e9matique Sagrada Familia de Barcelone, est un souvenir vibrant et color\u00e9 qui encapsule la majest\u00e9 de cette basilique iconique con\u00e7ue par le c\u00e9l\u00e8bre architecte Antoni Gaud\u00ed. L&rsquo;illustration pr\u00e9sente une repr\u00e9sentation artistique du temple, avec ses impressionnantes tours s&rsquo;\u00e9levant dans des tons brillants de rouge, jaune, vert et bleu, \u00e9voquant la joie et le dynamisme de la cit\u00e9 comtale. Couronnant cette \u0153uvre d&rsquo;art, le texte \u00ab\u00a0I \u2665 Barcelona\u00a0\u00bb apporte une touche distinctive et attrayante, en faisant un souvenir parfait pour ceux qui souhaitent emporter un morceau de Barcelone.<\/p>\n<p>Cet aimant n&rsquo;est pas seulement un article d\u00e9coratif, mais une pi\u00e8ce qui capture l&rsquo;essence culturelle et architecturale de Barcelone, faisant allusion \u00e0 l&rsquo;h\u00e9ritage de Gaud\u00ed, qui a laiss\u00e9 sa marque sur la ville avec son style unique et sa vision artistique. Id\u00e9al pour les touristes et les collectionneurs, cet aimant est une excellente option pour les boutiques de cadeaux touristiques cherchant \u00e0 offrir des souvenirs repr\u00e9sentatifs de l&rsquo;architecture et de l&rsquo;art catalan. Chez Ol\u00e9 Mosaic, en tant que distributeurs de souvenirs en gros, nous garantissons des produits authentiques et de qualit\u00e9, ce qui fait de cet aimant de la Sagrada Familia un article incontournable pour se souvenir de votre visite \u00e0 Barcelone et de son riche h\u00e9ritage culturel.<\/p>\n","protected":false},"excerpt":{"rendered":"<p>Aimant en m\u00e9tal de 8 cm, inspir\u00e9 de l&#8217;embl\u00e9matique Sagrada Familia de Barcelone. Cet aimant pr\u00e9sente une illustration vibrante et color\u00e9e, avec des motifs de mosa\u00efque repr\u00e9sentant la majestueuse basilique d&rsquo;Antoni Gaud\u00ed, mettant en valeur ses tours dans des tons brillants de rouge, jaune, vert et bleu. Avec le texte \u00ab\u00a0I \u2665 Barcelona\u00a0\u00bb en haut, c&rsquo;est un souvenir parfait qui capture l&rsquo;essence architecturale et culturelle de la ville. Id\u00e9al pour se souvenir de votre visite \u00e0 Barcelone.<\/p>\n","protected":false},"featured_media":13546,"template":"","meta":{"_acf_changed":false},"product_brand":[],"product_cat":[697],"product_tag":[],"class_list":{"0":"post-30721","1":"product","2":"type-product","3":"status-publish","4":"has-post-thumbnail","6":"product_cat-aimants","7":"pa_ciudad-barcelona","8":"pa_motivo-sagrada-familia","9":"pa_pais-espana","11":"first","12":"instock","13":"shipping-taxable","14":"product-type-simple"},"acf":[],"_links":{"self":[{"href":"https:\/\/olemosaic.com\/fr\/wp-json\/wp\/v2\/product\/30721","targetHints":{"allow":["GET"]}}],"collection":[{"href":"https:\/\/olemosaic.com\/fr\/wp-json\/wp\/v2\/product"}],"about":[{"href":"https:\/\/olemosaic.com\/fr\/wp-json\/wp\/v2\/types\/product"}],"wp:featuredmedia":[{"embeddable":true,"href":"https:\/\/olemosaic.com\/fr\/wp-json\/wp\/v2\/media\/13546"}],"wp:attachment":[{"href":"https:\/\/olemosaic.com\/fr\/wp-json\/wp\/v2\/media?parent=30721"}],"wp:term":[{"taxonomy":"product_brand","embeddable":true,"href":"https:\/\/olemosaic.com\/fr\/wp-json\/wp\/v2\/product_brand?post=30721"},{"taxonomy":"product_cat","embeddable":true,"href":"https:\/\/olemosaic.com\/fr\/wp-json\/wp\/v2\/product_cat?post=30721"},{"taxonomy":"product_tag","embeddable":true,"href":"https:\/\/olemosaic.com\/fr\/wp-json\/wp\/v2\/product_tag?post=30721"}],"curies":[{"name":"wp","href":"https:\/\/api.w.org\/{rel}","templated":true}]}}