{"id":30720,"date":"2025-02-20T22:32:31","date_gmt":"2025-02-20T22:32:31","guid":{"rendered":"http:\/\/olemosaic.com\/producto\/iman-de-metal-bailaora-marbella-8-cm\/"},"modified":"2025-07-25T18:37:28","modified_gmt":"2025-07-25T16:37:28","slug":"aimant-metal-danseuse-flamenco-marbella-8-cm","status":"publish","type":"product","link":"https:\/\/olemosaic.com\/fr\/produit\/aimant-metal-danseuse-flamenco-marbella-8-cm\/","title":{"rendered":"Aimant en m\u00e9tal. Danseuse de Flamenco. Marbella. 8 cm."},"content":{"rendered":"<p>Cet aimant m\u00e9tallique de 8 cm, inspir\u00e9 de la culture andalouse, est une repr\u00e9sentation vibrante d&rsquo;une danseuse de flamenco, parfait comme souvenir de Marbella. Le design color\u00e9 et artistique \u00e9voque l&rsquo;essence des rues anim\u00e9es de cette belle ville, plongeant le spectateur dans une explosion de couleurs qui c\u00e9l\u00e8bre l&rsquo;art flamenco. La danseuse, v\u00eatue d&rsquo;un spectaculaire costume \u00e0 volants multicolores, capture la gr\u00e2ce et le mouvement de la danse, tandis que son expression refl\u00e8te la passion de cette tradition culturelle.<\/p>\n<p>Le fond en mosa\u00efque qui l&rsquo;entoure, avec ses nuances bleues \u00e9clatantes et ses d\u00e9tails imitant le style architectural andalou, ajoute une touche distinctive qui souligne la richesse culturelle de la r\u00e9gion. Le mot \u00ab\u00a0MARBELLA\u00a0\u00bb est pr\u00e9sent\u00e9 en lettres grasses, compl\u00e9tant l&rsquo;illustration et fournissant un contexte imm\u00e9diat sur la provenance de ce charmant souvenir.<\/p>\n<p>Cet aimant n&rsquo;est pas seulement un article d\u00e9coratif, mais un v\u00e9ritable symbole du patrimoine andalou que tout touriste cherche \u00e0 emporter en souvenir. Chez Ol\u00e9 Mosaic, nous proposons ce souvenir et d&rsquo;autres de haute qualit\u00e9, id\u00e9aux pour les boutiques de cadeaux touristiques souhaitant offrir des produits authentiques et repr\u00e9sentatifs de la culture espagnole. Cet aimant de danseuse de flamenco est une excellente option pour ceux qui cherchent \u00e0 ajouter une touche fra\u00eeche et color\u00e9e \u00e0 leur collection de souvenirs de Marbella.<\/p>\n","protected":false},"excerpt":{"rendered":"<p>Aimant m\u00e9tallique de 8 cm, inspir\u00e9 de la culture andalouse. Il pr\u00e9sente une vibrante danseuse de flamenco dans une explosion de couleurs. Le design, rappelant les mosa\u00efques des rues de Marbella, se distingue par son d\u00e9tail artistique et la technique de peinture qui capture l&rsquo;\u00e9l\u00e9gance de la danse flamenco. Le mot \u00ab\u00a0MARBELLA\u00a0\u00bb ressort en lettres grasses, compl\u00e9tant la sc\u00e8ne. Un souvenir parfait de la richesse culturelle andalouse.<\/p>\n","protected":false},"featured_media":10550,"template":"","meta":{"_acf_changed":false},"product_brand":[],"product_cat":[697],"product_tag":[],"class_list":{"0":"post-30720","1":"product","2":"type-product","3":"status-publish","4":"has-post-thumbnail","6":"product_cat-aimants","7":"pa_ciudad-marbella","8":"pa_motivo-danseurs","9":"pa_pais-espana","11":"first","12":"instock","13":"shipping-taxable","14":"product-type-simple"},"acf":[],"_links":{"self":[{"href":"https:\/\/olemosaic.com\/fr\/wp-json\/wp\/v2\/product\/30720","targetHints":{"allow":["GET"]}}],"collection":[{"href":"https:\/\/olemosaic.com\/fr\/wp-json\/wp\/v2\/product"}],"about":[{"href":"https:\/\/olemosaic.com\/fr\/wp-json\/wp\/v2\/types\/product"}],"wp:featuredmedia":[{"embeddable":true,"href":"https:\/\/olemosaic.com\/fr\/wp-json\/wp\/v2\/media\/10550"}],"wp:attachment":[{"href":"https:\/\/olemosaic.com\/fr\/wp-json\/wp\/v2\/media?parent=30720"}],"wp:term":[{"taxonomy":"product_brand","embeddable":true,"href":"https:\/\/olemosaic.com\/fr\/wp-json\/wp\/v2\/product_brand?post=30720"},{"taxonomy":"product_cat","embeddable":true,"href":"https:\/\/olemosaic.com\/fr\/wp-json\/wp\/v2\/product_cat?post=30720"},{"taxonomy":"product_tag","embeddable":true,"href":"https:\/\/olemosaic.com\/fr\/wp-json\/wp\/v2\/product_tag?post=30720"}],"curies":[{"name":"wp","href":"https:\/\/api.w.org\/{rel}","templated":true}]}}