{"id":30709,"date":"2025-02-20T23:32:31","date_gmt":"2025-02-20T22:32:31","guid":{"rendered":"http:\/\/olemosaic.com\/producto\/iman-de-metal-sagrada-familia-barcelona-8-cm-15\/"},"modified":"2025-07-25T19:21:56","modified_gmt":"2025-07-25T17:21:56","slug":"aimant-metal-sagrada-familia-barcelone-8-cm-fr-4","status":"publish","type":"product","link":"https:\/\/olemosaic.com\/fr\/produit\/aimant-metal-sagrada-familia-barcelone-8-cm-fr-4\/","title":{"rendered":"Aimant en m\u00e9tal. Basilique Sagrada Familia. Mosa\u00efque. Gaud\u00ed. Barcelone. 8 cm."},"content":{"rendered":"<p>Cet aimant m\u00e9tallique de 8 cm illustr\u00e9 de l&#8217;embl\u00e9matique Sagrada Familia de Barcelone est un souvenir impressionnant qui capture l&rsquo;essence de l&rsquo;architecture moderniste d&rsquo;Antoni Gaud\u00ed. Son design vibrant et color\u00e9 se d\u00e9tache sur un fond de mosa\u00efque, une repr\u00e9sentation qui rend hommage aux d\u00e9tails architecturaux embl\u00e9matiques de cette c\u00e9l\u00e8bre basilique. Les tons bleu, rouge et jaune ne rehaussent pas seulement les tours stylis\u00e9es, mais \u00e9voquent \u00e9galement la combinaison de formes et de textures qui caract\u00e9risent le chef-d&rsquo;\u0153uvre de Gaud\u00ed.<\/p>\n<p>La Sagrada Familia, reconnue mondialement, symbolise la riche histoire culturelle de Barcelone et est un point de rep\u00e8re incontournable pour tout visiteur. Cet aimant n&rsquo;est pas seulement un objet d\u00e9coratif pratique, mais il devient aussi un souvenir repr\u00e9sentatif d&rsquo;une visite dans l&rsquo;une des villes les plus vibrantes d&rsquo;Europe. Orn\u00e9 d&rsquo;\u00e9l\u00e9ments embl\u00e9matiques et de d\u00e9tails m\u00e9ticuleusement con\u00e7us, il est le compl\u00e9ment id\u00e9al pour toute collection de souvenirs de Barcelone.<\/p>\n<p>Chez Ol\u00e9 Mosaic, nous nous sp\u00e9cialisons dans la distribution de souvenirs en gros, offrant des produits authentiques comme cet aimant de la Sagrada Familia. C&rsquo;est une excellente option pour les boutiques de cadeaux touristiques cherchant des pi\u00e8ces qui connectent les visiteurs \u00e0 la culture locale. Avec notre exp\u00e9rience en tant que grossistes de souvenirs, nous garantissons la qualit\u00e9 et l&rsquo;originalit\u00e9 de chaque produit que nous proposons.<\/p>\n","protected":false},"excerpt":{"rendered":"<p>Aimant en m\u00e9tal de 8 cm illustr\u00e9 de l&#8217;embl\u00e9matique Sagrada Familia de Barcelone. Ce souvenir attrayant pr\u00e9sente un design vibrant et color\u00e9, avec un fond de mosa\u00efque qui met en valeur les d\u00e9tails architecturaux embl\u00e9matiques de la c\u00e9l\u00e8bre basilique. Les tons soulignent des \u00e9l\u00e9ments distinctifs tels que les tours stylis\u00e9es et les mosa\u00efques en c\u00e9ramique, \u00e9voquant l&rsquo;\u0153uvre in\u00e9gal\u00e9e d&rsquo;Antoni Gaud\u00ed. Parfait pour se souvenir de votre visite dans cette ville merveilleuse.<\/p>\n","protected":false},"featured_media":11379,"template":"","meta":{"_acf_changed":false},"product_brand":[],"product_cat":[697],"product_tag":[],"class_list":{"0":"post-30709","1":"product","2":"type-product","3":"status-publish","4":"has-post-thumbnail","6":"product_cat-aimants","7":"pa_ciudad-barcelona","8":"pa_motivo-sagrada-familia","9":"pa_pais-espana","11":"first","12":"instock","13":"shipping-taxable","14":"product-type-simple"},"acf":[],"_links":{"self":[{"href":"https:\/\/olemosaic.com\/fr\/wp-json\/wp\/v2\/product\/30709","targetHints":{"allow":["GET"]}}],"collection":[{"href":"https:\/\/olemosaic.com\/fr\/wp-json\/wp\/v2\/product"}],"about":[{"href":"https:\/\/olemosaic.com\/fr\/wp-json\/wp\/v2\/types\/product"}],"wp:featuredmedia":[{"embeddable":true,"href":"https:\/\/olemosaic.com\/fr\/wp-json\/wp\/v2\/media\/11379"}],"wp:attachment":[{"href":"https:\/\/olemosaic.com\/fr\/wp-json\/wp\/v2\/media?parent=30709"}],"wp:term":[{"taxonomy":"product_brand","embeddable":true,"href":"https:\/\/olemosaic.com\/fr\/wp-json\/wp\/v2\/product_brand?post=30709"},{"taxonomy":"product_cat","embeddable":true,"href":"https:\/\/olemosaic.com\/fr\/wp-json\/wp\/v2\/product_cat?post=30709"},{"taxonomy":"product_tag","embeddable":true,"href":"https:\/\/olemosaic.com\/fr\/wp-json\/wp\/v2\/product_tag?post=30709"}],"curies":[{"name":"wp","href":"https:\/\/api.w.org\/{rel}","templated":true}]}}