{"id":30708,"date":"2025-02-20T22:32:31","date_gmt":"2025-02-20T22:32:31","guid":{"rendered":"http:\/\/olemosaic.com\/producto\/iman-de-metal-caballito-de-mar-negro-8-cm\/"},"modified":"2025-07-25T18:43:33","modified_gmt":"2025-07-25T16:43:33","slug":"aimant-metal-hippocampe-noir-8-cm","status":"publish","type":"product","link":"https:\/\/olemosaic.com\/fr\/produit\/aimant-metal-hippocampe-noir-8-cm\/","title":{"rendered":"Aimant en m\u00e9tal. Hippocampe. Noir. 8 cm."},"content":{"rendered":"<p>Cet aimant m\u00e9tallique de 8 cm, d\u00e9cor\u00e9 d&rsquo;un design vibrant d&rsquo;hippocampes inspir\u00e9 de l&rsquo;art moderne, capture l&rsquo;essence de la mer M\u00e9diterran\u00e9e. Sur un fond noir qui rehausse la beaut\u00e9 de chaque figure, quatre hippocampes color\u00e9s sont pr\u00e9sent\u00e9s dans des tons bleus, verts et rouges. La technique de la mosa\u00efque se refl\u00e8te dans les formes g\u00e9om\u00e9triques soign\u00e9es et bien d\u00e9finies qui ressortent de la composition, apportant une touche artistique et joyeuse \u00e0 ce souvenir.<\/p>\n<p>Chaque hippocampe, symbole de stabilit\u00e9 et de paix dans de nombreuses cultures, est m\u00e9ticuleusement con\u00e7u, faisant de cet aimant un objet d\u00e9coratif et une charmante repr\u00e9sentation de la vie marine. L&rsquo;inclusion d&rsquo;\u00e9l\u00e9ments tels que des algues dans des tons verts au bas du design souligne sa connexion avec l&rsquo;environnement marin, constituant un rappel parfait des charmes de l&rsquo;oc\u00e9an.<\/p>\n<p>Cet aimant est le souvenir id\u00e9al pour ceux qui souhaitent emporter un morceau de la culture et de la beaut\u00e9 c\u00f4ti\u00e8res, ce qui en fait un excellent cadeau pour les touristes visitant les r\u00e9gions c\u00f4ti\u00e8res d&rsquo;Espagne ou du Portugal. Chez Ol\u00e9 Mosaic, en tant que grossiste de souvenirs m\u00e9talliques, nous garantissons que chaque pi\u00e8ce refl\u00e8te l&rsquo;authenticit\u00e9 et la qualit\u00e9, faisant de cet aimant d&rsquo;hippocampes un produit attrayant pour les boutiques de cadeaux touristiques cherchant \u00e0 offrir des articles uniques et repr\u00e9sentatifs.<\/p>\n","protected":false},"excerpt":{"rendered":"<p>Aimant m\u00e9tallique de 8 cm d\u00e9cor\u00e9 d&rsquo;hippocampes joyeux, inspir\u00e9 de l&rsquo;art moderne. Ce design vibrant pr\u00e9sente quatre hippocampes dans des tons bleus, verts et rouges, sur un fond noir qui fait ressortir leur beaut\u00e9. La technique de la mosa\u00efque se refl\u00e8te dans les formes g\u00e9om\u00e9triques qui composent chaque figure, offrant une touche artistique et joyeuse, id\u00e9ale pour se souvenir des charmes de la mer.<\/p>\n","protected":false},"featured_media":7103,"template":"","meta":{"_acf_changed":false},"product_brand":[],"product_cat":[697],"product_tag":[530],"class_list":{"0":"post-30708","1":"product","2":"type-product","3":"status-publish","4":"has-post-thumbnail","6":"product_cat-aimants","7":"product_tag-animaux","8":"pa_motivo-hippocampes","10":"first","11":"instock","12":"shipping-taxable","13":"product-type-simple"},"acf":[],"_links":{"self":[{"href":"https:\/\/olemosaic.com\/fr\/wp-json\/wp\/v2\/product\/30708","targetHints":{"allow":["GET"]}}],"collection":[{"href":"https:\/\/olemosaic.com\/fr\/wp-json\/wp\/v2\/product"}],"about":[{"href":"https:\/\/olemosaic.com\/fr\/wp-json\/wp\/v2\/types\/product"}],"wp:featuredmedia":[{"embeddable":true,"href":"https:\/\/olemosaic.com\/fr\/wp-json\/wp\/v2\/media\/7103"}],"wp:attachment":[{"href":"https:\/\/olemosaic.com\/fr\/wp-json\/wp\/v2\/media?parent=30708"}],"wp:term":[{"taxonomy":"product_brand","embeddable":true,"href":"https:\/\/olemosaic.com\/fr\/wp-json\/wp\/v2\/product_brand?post=30708"},{"taxonomy":"product_cat","embeddable":true,"href":"https:\/\/olemosaic.com\/fr\/wp-json\/wp\/v2\/product_cat?post=30708"},{"taxonomy":"product_tag","embeddable":true,"href":"https:\/\/olemosaic.com\/fr\/wp-json\/wp\/v2\/product_tag?post=30708"}],"curies":[{"name":"wp","href":"https:\/\/api.w.org\/{rel}","templated":true}]}}