{"id":30706,"date":"2025-02-20T23:32:31","date_gmt":"2025-02-20T22:32:31","guid":{"rendered":"http:\/\/olemosaic.com\/producto\/iman-de-metal-salamandra-mojacar-negro-8-cm-2\/"},"modified":"2025-07-25T19:38:54","modified_gmt":"2025-07-25T17:38:54","slug":"aimant-metal-salamandre-mojacar-noir-8-cm-fr","status":"publish","type":"product","link":"https:\/\/olemosaic.com\/fr\/produit\/aimant-metal-salamandre-mojacar-noir-8-cm-fr\/","title":{"rendered":"Aimant en m\u00e9tal. Salamandre. Moj\u00e1car. Andalousie. Noir. 8 cm."},"content":{"rendered":"<p>Cet aimant m\u00e9tallique de 8 cm est une repr\u00e9sentation vibrante du charme de Moj\u00e1car, une ville c\u00f4ti\u00e8re connue pour son riche h\u00e9ritage culturel et la beaut\u00e9 de ses paysages. Le design met en avant une s\u00e9rie de salamandres color\u00e9es, orn\u00e9es de motifs g\u00e9om\u00e9triques sur un fond noir \u00e9l\u00e9gant, cr\u00e9ant un contraste saisissant et visuellement attrayant. Chaque salamandre est pr\u00e9sent\u00e9e dans une vari\u00e9t\u00e9 de tons vifs, allant du vert \u00e9meraude au bleu profond, \u00e9voquant l&rsquo;exub\u00e9rance de la flore et de la faune andalouses.<\/p>\n<p>Cet aimant ne sert pas seulement de souvenir d\u00e9coratif, mais il encapsule \u00e9galement l&rsquo;essence du folklore andalou, ajoutant une touche d&rsquo;authenticit\u00e9 \u00e0 n&rsquo;importe quel foyer. Moj\u00e1car, c\u00e9l\u00e8bre pour son architecture blanche et ses paysages \u00e9blouissants, est repr\u00e9sent\u00e9e de mani\u00e8re unique dans chaque d\u00e9tail de cet aimant, ce qui en fait un objet id\u00e9al pour ceux qui souhaitent emporter avec eux un fragment de cette localit\u00e9 magique.<\/p>\n<p>Chez Ol\u00e9 Mosaic, en tant que grossistes de souvenirs authentiques, nous pensons que cet aimant de salamandres est une excellente option pour les boutiques de cadeaux touristiques \u00e0 la recherche de produits c\u00e9l\u00e9brant la culture locale. Son design attrayant et sa connexion avec l&rsquo;esprit de Moj\u00e1car en font le souvenir parfait pour les touristes cherchant des souvenirs symboliques de leur visite en Andalousie.<\/p>\n","protected":false},"excerpt":{"rendered":"<p>Aimant m\u00e9tallique de 8 cm avec des salamandres color\u00e9es, inspir\u00e9 par la beaut\u00e9 de Moj\u00e1car. Cet aimant attrayant pr\u00e9sente un design vibrant sur fond noir, mettant en valeur des salamandres aux motifs g\u00e9om\u00e9triques dans une vari\u00e9t\u00e9 de couleurs. Parfait pour apporter un petit morceau de la culture andalouse chez vous, cet aimant repr\u00e9sente le folklore local et constitue un souvenir id\u00e9al de cette charmante ville c\u00f4ti\u00e8re.<\/p>\n","protected":false},"featured_media":13532,"template":"","meta":{"_acf_changed":false},"product_brand":[],"product_cat":[697],"product_tag":[530],"class_list":{"0":"post-30706","1":"product","2":"type-product","3":"status-publish","4":"has-post-thumbnail","6":"product_cat-aimants","7":"product_tag-animaux","8":"pa_ciudad-mojacar","9":"pa_motivo-salamandres","10":"pa_pais-espana","12":"first","13":"instock","14":"shipping-taxable","15":"product-type-simple"},"acf":[],"_links":{"self":[{"href":"https:\/\/olemosaic.com\/fr\/wp-json\/wp\/v2\/product\/30706","targetHints":{"allow":["GET"]}}],"collection":[{"href":"https:\/\/olemosaic.com\/fr\/wp-json\/wp\/v2\/product"}],"about":[{"href":"https:\/\/olemosaic.com\/fr\/wp-json\/wp\/v2\/types\/product"}],"wp:featuredmedia":[{"embeddable":true,"href":"https:\/\/olemosaic.com\/fr\/wp-json\/wp\/v2\/media\/13532"}],"wp:attachment":[{"href":"https:\/\/olemosaic.com\/fr\/wp-json\/wp\/v2\/media?parent=30706"}],"wp:term":[{"taxonomy":"product_brand","embeddable":true,"href":"https:\/\/olemosaic.com\/fr\/wp-json\/wp\/v2\/product_brand?post=30706"},{"taxonomy":"product_cat","embeddable":true,"href":"https:\/\/olemosaic.com\/fr\/wp-json\/wp\/v2\/product_cat?post=30706"},{"taxonomy":"product_tag","embeddable":true,"href":"https:\/\/olemosaic.com\/fr\/wp-json\/wp\/v2\/product_tag?post=30706"}],"curies":[{"name":"wp","href":"https:\/\/api.w.org\/{rel}","templated":true}]}}