{"id":30704,"date":"2025-02-20T23:32:31","date_gmt":"2025-02-20T22:32:31","guid":{"rendered":"http:\/\/olemosaic.com\/producto\/iman-de-metal-gato-tenerife-8-cm\/"},"modified":"2025-07-25T18:41:33","modified_gmt":"2025-07-25T16:41:33","slug":"aimant-metal-chat-tenerife-8-cm","status":"publish","type":"product","link":"https:\/\/olemosaic.com\/fr\/produit\/aimant-metal-chat-tenerife-8-cm\/","title":{"rendered":"Aimant en m\u00e9tal. Chat. Tenerife. 8 cm."},"content":{"rendered":"<p>Cet aimant m\u00e9tallique de 8 cm est une repr\u00e9sentation vibrante d&rsquo;un chat inspir\u00e9 de l&rsquo;art de la mosa\u00efque typique de Tenerife. Son design color\u00e9 et captivant, peint \u00e0 la main, combine une vari\u00e9t\u00e9 de formes g\u00e9om\u00e9triques dans des tons bleus, verts, rouges et jaunes, cr\u00e9ant une image frappante qui refl\u00e8te \u00e9galement la riche culture artistique de l&rsquo;\u00eele. Le fond bleu de l&rsquo;aimant rehausse le motif du chat, lui donnant un caract\u00e8re distinctif et attrayant, et le nom \u00ab\u00a0Tenerife\u00a0\u00bb imprim\u00e9 en lettres color\u00e9es ajoute un d\u00e9tail joyeux qui compl\u00e8te l&rsquo;\u0153uvre.<\/p>\n<p>Cet aimant n&rsquo;est pas seulement un compl\u00e9ment parfait pour d\u00e9corer n&rsquo;importe quel espace, mais il sert \u00e9galement de souvenir authentique de la beaut\u00e9 de Tenerife, un lieu connu pour son paysage naturel, son climat temp\u00e9r\u00e9 et son vibrant patrimoine culturel. La relation entre la figure du chat et l&rsquo;art de la mosa\u00efque souligne la tradition canarienne du design, en faisant un souvenir qui capture l&rsquo;essence de l&rsquo;\u00eele.<\/p>\n<p>Chez Ol\u00e9 Mosaic, nous sommes sp\u00e9cialis\u00e9s dans la distribution de souvenirs en gros, offrant des produits qui repr\u00e9sentent l&rsquo;authenticit\u00e9 et le charme de destinations touristiques comme Tenerife. Cet aimant de chat est une excellente option pour les boutiques de cadeaux touristiques cherchant \u00e0 capter l&rsquo;attention des visiteurs avec des souvenirs m\u00e9morables et culturellement significatifs.<\/p>\n","protected":false},"excerpt":{"rendered":"<p>Aimant m\u00e9tallique de 8 cm repr\u00e9sentant un chat color\u00e9, inspir\u00e9 de l&rsquo;art de la mosa\u00efque typique de Tenerife. Ce design vibrant, de conception artisanale et peint \u00e0 la main, montre une combinaison de formes g\u00e9om\u00e9triques dans des tons bleus, verts, rouges et jaunes, cr\u00e9ant une figure frappante qui captera l&rsquo;attention. La base pr\u00e9sente un fond bleu qui fait ressortir le motif du chat, ainsi que le nom \u00ab\u00a0Tenerife\u00a0\u00bb imprim\u00e9 en couleurs vives, offrant un souvenir parfait de cette magnifique \u00eele des Canaries.<\/p>\n","protected":false},"featured_media":12829,"template":"","meta":{"_acf_changed":false},"product_brand":[],"product_cat":[697],"product_tag":[530],"class_list":{"0":"post-30704","1":"product","2":"type-product","3":"status-publish","4":"has-post-thumbnail","6":"product_cat-aimants","7":"product_tag-animaux","8":"pa_ciudad-tenerife","9":"pa_motivo-chats","10":"pa_pais-espana","12":"first","13":"instock","14":"shipping-taxable","15":"product-type-simple"},"acf":[],"_links":{"self":[{"href":"https:\/\/olemosaic.com\/fr\/wp-json\/wp\/v2\/product\/30704","targetHints":{"allow":["GET"]}}],"collection":[{"href":"https:\/\/olemosaic.com\/fr\/wp-json\/wp\/v2\/product"}],"about":[{"href":"https:\/\/olemosaic.com\/fr\/wp-json\/wp\/v2\/types\/product"}],"wp:featuredmedia":[{"embeddable":true,"href":"https:\/\/olemosaic.com\/fr\/wp-json\/wp\/v2\/media\/12829"}],"wp:attachment":[{"href":"https:\/\/olemosaic.com\/fr\/wp-json\/wp\/v2\/media?parent=30704"}],"wp:term":[{"taxonomy":"product_brand","embeddable":true,"href":"https:\/\/olemosaic.com\/fr\/wp-json\/wp\/v2\/product_brand?post=30704"},{"taxonomy":"product_cat","embeddable":true,"href":"https:\/\/olemosaic.com\/fr\/wp-json\/wp\/v2\/product_cat?post=30704"},{"taxonomy":"product_tag","embeddable":true,"href":"https:\/\/olemosaic.com\/fr\/wp-json\/wp\/v2\/product_tag?post=30704"}],"curies":[{"name":"wp","href":"https:\/\/api.w.org\/{rel}","templated":true}]}}